{"id":1219,"date":"2022-09-12T09:22:21","date_gmt":"2022-09-12T08:22:21","guid":{"rendered":"https:\/\/ewb.cuco.dev\/about\/"},"modified":"2023-05-04T08:59:01","modified_gmt":"2023-05-04T07:59:01","slug":"about","status":"publish","type":"page","link":"https:\/\/ewb.lu\/en\/about\/","title":{"rendered":"About"},"content":{"rendered":"<section class=\"wpb-content-wrapper\"><p>[vc_row gap=&#8221;35&#8243; css=&#8221;.vc_custom_1670508691744{padding-top: 3% !important;}&#8221;][vc_column css_animation=&#8221;fadeInUp&#8221; width=&#8221;1\/2&#8243;][vc_custom_heading text=&#8221;Die EwB&#8221; font_container=&#8221;tag:h2|text_align:left|color:%2372005f&#8221; use_theme_fonts=&#8221;yes&#8221;][vc_column_text]<\/p>\n<p class=\"p1\">Die ErwuesseBildung widmet sich der pers\u00f6nlichen Entwicklung und Weiterbildung sowie dem gesellschaftlichen und kulturellen Dialog.<\/p>\n<p>[\/vc_column_text]\t\t<div class=\"outer-button inline\">\r\n\t\t\t<a class=\"coolBeans \" href=\"https:\/\/ewb.lu\/ueber-uns\/die-ewb\/\"\r\n\t\t\t   target=\"\">\r\n\t\t\t\tFind out more<\/a>\r\n\t\t<\/div>\r\n\t\t[\/vc_column][vc_column width=&#8221;1\/2&#8243; offset=&#8221;vc_hidden-md vc_hidden-sm vc_hidden-xs&#8221;][vc_single_image image=&#8221;2943&#8243; img_size=&#8221;full&#8221; css_animation=&#8221;fadeInRight&#8221; el_class=&#8221;rounded&#8221; css=&#8221;.vc_custom_1681380442977{margin-top: -150px !important;}&#8221;][\/vc_column][\/vc_row][vc_row gap=&#8221;35&#8243; equal_height=&#8221;yes&#8221; content_placement=&#8221;middle&#8221; css=&#8221;.vc_custom_1669132239270{padding-top: 5% !important;}&#8221;][vc_column css_animation=&#8221;fadeInLeft&#8221; width=&#8221;1\/2&#8243;][vc_single_image image=&#8221;1282&#8243; img_size=&#8221;full&#8221; el_class=&#8221;rounded-corners&#8221;][\/vc_column][vc_column css_animation=&#8221;fadeInUp&#8221; width=&#8221;1\/2&#8243;][vc_custom_heading text=&#8221;Team&#8221; font_container=&#8221;tag:h2|text_align:left|color:%2372005f&#8221; use_theme_fonts=&#8221;yes&#8221;][vc_column_text]<\/p>\n<p class=\"p1\">Unser Team setzt sich aus unterschiedlichen Fachleuten zusammen. Diese sind in der Verwaltung und Programmplanung, der Medienp\u00e4dagogik und Lesef\u00f6rderung, dem religi\u00f6sen Kulturerbe oder auch im Bereich von Computer-Schulungen t\u00e4tig.<span class=\"Apple-converted-space\">\u00a0<\/span><\/p>\n<p>[\/vc_column_text]\t\t<div class=\"outer-button inline\">\r\n\t\t\t<a class=\"coolBeans \" href=\"https:\/\/ewb.lu\/ueber-uns\/team\/\"\r\n\t\t\t   target=\"\">\r\n\t\t\t\tFind out more<\/a>\r\n\t\t<\/div>\r\n\t\t[\/vc_column][\/vc_row][vc_row gap=&#8221;35&#8243; equal_height=&#8221;yes&#8221; content_placement=&#8221;middle&#8221; css=&#8221;.vc_custom_1667926424043{padding-top: 3% !important;}&#8221;][vc_column css_animation=&#8221;fadeInUp&#8221; width=&#8221;1\/2&#8243;][vc_custom_heading text=&#8221;Verwaltungsrat&#8221; font_container=&#8221;tag:h2|text_align:left|color:%2372005f&#8221; use_theme_fonts=&#8221;yes&#8221;][vc_column_text]<\/p>\n<p class=\"p1\">Der Verwaltungsrat der EwB kommt regelm\u00e4\u00dfig zusammen, um strategisch wichtige Entscheidungen zu treffen.<\/p>\n<p>[\/vc_column_text]\t\t<div class=\"outer-button inline\">\r\n\t\t\t<a class=\"coolBeans \" href=\"https:\/\/ewb.lu\/ueber-uns\/verwaltungsrat\/\"\r\n\t\t\t   target=\"\">\r\n\t\t\t\tFind out more<\/a>\r\n\t\t<\/div>\r\n\t\t[\/vc_column][vc_column width=&#8221;1\/2&#8243;][vc_single_image image=&#8221;590&#8243; img_size=&#8221;full&#8221; css_animation=&#8221;fadeInRight&#8221; el_class=&#8221;rounded-corners&#8221;][\/vc_column][\/vc_row]<\/p>\n<\/section>","protected":false},"excerpt":{"rendered":"<p>[vc_row gap=&#8221;35&#8243; css=&#8221;.vc_custom_1670508691744{padding-top: 3% !important;}&#8221;][vc_column css_animation=&#8221;fadeInUp&#8221; width=&#8221;1\/2&#8243;][vc_custom_heading text=&#8221;Die EwB&#8221; font_container=&#8221;tag:h2|text_align:left|color:%2372005f&#8221; use_theme_fonts=&#8221;yes&#8221;][vc_column_text] Die ErwuesseBildung widmet sich der pers\u00f6nlichen Entwicklung und Weiterbildung sowie dem gesellschaftlichen und kulturellen Dialog. [\/vc_column_text][\/vc_column][vc_column width=&#8221;1\/2&#8243; offset=&#8221;vc_hidden-md vc_hidden-sm vc_hidden-xs&#8221;][vc_single_image image=&#8221;2943&#8243; img_size=&#8221;full&#8221; css_animation=&#8221;fadeInRight&#8221; el_class=&#8221;rounded&#8221; css=&#8221;.vc_custom_1681380442977{margin-top: -150px !important;}&#8221;][\/vc_column][\/vc_row][vc_row gap=&#8221;35&#8243; equal_height=&#8221;yes&#8221; content_placement=&#8221;middle&#8221; css=&#8221;.vc_custom_1669132239270{padding-top: 5% !important;}&#8221;][vc_column css_animation=&#8221;fadeInLeft&#8221; width=&#8221;1\/2&#8243;][vc_single_image image=&#8221;1282&#8243; img_size=&#8221;full&#8221; el_class=&#8221;rounded-corners&#8221;][\/vc_column][vc_column css_animation=&#8221;fadeInUp&#8221; width=&#8221;1\/2&#8243;][vc_custom_heading text=&#8221;Team&#8221; font_container=&#8221;tag:h2|text_align:left|color:%2372005f&#8221; use_theme_fonts=&#8221;yes&#8221;][vc_column_text] Unser [&hellip;]<\/p>\n","protected":false},"author":1,"featured_media":0,"parent":0,"menu_order":0,"comment_status":"closed","ping_status":"closed","template":"","meta":{"_acf_changed":false,"inline_featured_image":false,"footnotes":""},"class_list":["post-1219","page","type-page","status-publish","hentry"],"acf":[],"yoast_head":"<!-- This site is optimized with the Yoast SEO plugin v27.1.1 - https:\/\/yoast.com\/product\/yoast-seo-wordpress\/ -->\n<title>About - EWB<\/title>\n<meta name=\"robots\" content=\"index, follow, max-snippet:-1, max-image-preview:large, max-video-preview:-1\" \/>\n<link rel=\"canonical\" href=\"https:\/\/ewb.lu\/en\/about\/\" \/>\n<meta property=\"og:locale\" content=\"en_US\" \/>\n<meta property=\"og:type\" content=\"article\" \/>\n<meta property=\"og:title\" content=\"About - EWB\" \/>\n<meta property=\"og:description\" content=\"[vc_row gap=&#8221;35&#8243; css=&#8221;.vc_custom_1670508691744{padding-top: 3% !important;}&#8221;][vc_column css_animation=&#8221;fadeInUp&#8221; width=&#8221;1\/2&#8243;][vc_custom_heading text=&#8221;Die EwB&#8221; font_container=&#8221;tag:h2|text_align:left|color:%2372005f&#8221; use_theme_fonts=&#8221;yes&#8221;][vc_column_text] Die ErwuesseBildung widmet sich der pers\u00f6nlichen Entwicklung und Weiterbildung sowie dem gesellschaftlichen und kulturellen Dialog. [\/vc_column_text][\/vc_column][vc_column width=&#8221;1\/2&#8243; offset=&#8221;vc_hidden-md vc_hidden-sm vc_hidden-xs&#8221;][vc_single_image image=&#8221;2943&#8243; img_size=&#8221;full&#8221; css_animation=&#8221;fadeInRight&#8221; el_class=&#8221;rounded&#8221; css=&#8221;.vc_custom_1681380442977{margin-top: -150px !important;}&#8221;][\/vc_column][\/vc_row][vc_row gap=&#8221;35&#8243; equal_height=&#8221;yes&#8221; content_placement=&#8221;middle&#8221; css=&#8221;.vc_custom_1669132239270{padding-top: 5% !important;}&#8221;][vc_column css_animation=&#8221;fadeInLeft&#8221; width=&#8221;1\/2&#8243;][vc_single_image image=&#8221;1282&#8243; img_size=&#8221;full&#8221; el_class=&#8221;rounded-corners&#8221;][\/vc_column][vc_column css_animation=&#8221;fadeInUp&#8221; width=&#8221;1\/2&#8243;][vc_custom_heading text=&#8221;Team&#8221; font_container=&#8221;tag:h2|text_align:left|color:%2372005f&#8221; use_theme_fonts=&#8221;yes&#8221;][vc_column_text] Unser [&hellip;]\" \/>\n<meta property=\"og:url\" content=\"https:\/\/ewb.lu\/en\/about\/\" \/>\n<meta property=\"og:site_name\" content=\"EWB\" \/>\n<meta property=\"article:publisher\" content=\"https:\/\/www.facebook.com\/ErwuesseBild\/\" \/>\n<meta property=\"article:modified_time\" content=\"2023-05-04T07:59:01+00:00\" \/>\n<meta property=\"og:image\" content=\"https:\/\/ewb.lu\/wp-content\/uploads\/2022\/09\/logo.png\" \/>\n\t<meta property=\"og:image:width\" content=\"269\" \/>\n\t<meta property=\"og:image:height\" content=\"81\" \/>\n\t<meta property=\"og:image:type\" content=\"image\/png\" \/>\n<meta name=\"twitter:card\" content=\"summary_large_image\" \/>\n<meta name=\"twitter:label1\" content=\"Est. reading time\" \/>\n\t<meta name=\"twitter:data1\" content=\"2 minutes\" \/>\n<script type=\"application\/ld+json\" class=\"yoast-schema-graph\">{\"@context\":\"https:\/\/schema.org\",\"@graph\":[{\"@type\":\"WebPage\",\"@id\":\"https:\/\/ewb.lu\/en\/about\/\",\"url\":\"https:\/\/ewb.lu\/en\/about\/\",\"name\":\"About - EWB\",\"isPartOf\":{\"@id\":\"https:\/\/ewb.lu\/en\/#website\"},\"datePublished\":\"2022-09-12T08:22:21+00:00\",\"dateModified\":\"2023-05-04T07:59:01+00:00\",\"breadcrumb\":{\"@id\":\"https:\/\/ewb.lu\/en\/about\/#breadcrumb\"},\"inLanguage\":\"en-US\",\"potentialAction\":[{\"@type\":\"ReadAction\",\"target\":[\"https:\/\/ewb.lu\/en\/about\/\"]}]},{\"@type\":\"BreadcrumbList\",\"@id\":\"https:\/\/ewb.lu\/en\/about\/#breadcrumb\",\"itemListElement\":[{\"@type\":\"ListItem\",\"position\":1,\"name\":\"Startseite\",\"item\":\"https:\/\/ewb.lu\/en\/\"},{\"@type\":\"ListItem\",\"position\":2,\"name\":\"About\"}]},{\"@type\":\"WebSite\",\"@id\":\"https:\/\/ewb.lu\/en\/#website\",\"url\":\"https:\/\/ewb.lu\/en\/\",\"name\":\"EwB ErwuesseBildung\",\"description\":\"ErwuesseBildung\",\"publisher\":{\"@id\":\"https:\/\/ewb.lu\/en\/#organization\"},\"alternateName\":\"EWB\",\"potentialAction\":[{\"@type\":\"SearchAction\",\"target\":{\"@type\":\"EntryPoint\",\"urlTemplate\":\"https:\/\/ewb.lu\/en\/?s={search_term_string}\"},\"query-input\":{\"@type\":\"PropertyValueSpecification\",\"valueRequired\":true,\"valueName\":\"search_term_string\"}}],\"inLanguage\":\"en-US\"},{\"@type\":\"Organization\",\"@id\":\"https:\/\/ewb.lu\/en\/#organization\",\"name\":\"ErwuesseBildung Asbl\",\"alternateName\":\"EWB\",\"url\":\"https:\/\/ewb.lu\/en\/\",\"logo\":{\"@type\":\"ImageObject\",\"inLanguage\":\"en-US\",\"@id\":\"https:\/\/ewb.lu\/en\/#\/schema\/logo\/image\/\",\"url\":\"https:\/\/ewb.lu\/wp-content\/uploads\/2022\/11\/ewb-logo-header.svg\",\"contentUrl\":\"https:\/\/ewb.lu\/wp-content\/uploads\/2022\/11\/ewb-logo-header.svg\",\"width\":301,\"height\":38,\"caption\":\"ErwuesseBildung Asbl\"},\"image\":{\"@id\":\"https:\/\/ewb.lu\/en\/#\/schema\/logo\/image\/\"},\"sameAs\":[\"https:\/\/www.facebook.com\/ErwuesseBild\/\",\"https:\/\/lu.linkedin.com\/company\/erwuessebildung---formation-dadultes\",\"https:\/\/www.instagram.com\/erwuessebildung_asbl\/\"]}]}<\/script>\n<!-- \/ Yoast SEO plugin. -->","yoast_head_json":{"title":"About - EWB","robots":{"index":"index","follow":"follow","max-snippet":"max-snippet:-1","max-image-preview":"max-image-preview:large","max-video-preview":"max-video-preview:-1"},"canonical":"https:\/\/ewb.lu\/en\/about\/","og_locale":"en_US","og_type":"article","og_title":"About - EWB","og_description":"[vc_row gap=&#8221;35&#8243; css=&#8221;.vc_custom_1670508691744{padding-top: 3% !important;}&#8221;][vc_column css_animation=&#8221;fadeInUp&#8221; width=&#8221;1\/2&#8243;][vc_custom_heading text=&#8221;Die EwB&#8221; font_container=&#8221;tag:h2|text_align:left|color:%2372005f&#8221; use_theme_fonts=&#8221;yes&#8221;][vc_column_text] Die ErwuesseBildung widmet sich der pers\u00f6nlichen Entwicklung und Weiterbildung sowie dem gesellschaftlichen und kulturellen Dialog. [\/vc_column_text][\/vc_column][vc_column width=&#8221;1\/2&#8243; offset=&#8221;vc_hidden-md vc_hidden-sm vc_hidden-xs&#8221;][vc_single_image image=&#8221;2943&#8243; img_size=&#8221;full&#8221; css_animation=&#8221;fadeInRight&#8221; el_class=&#8221;rounded&#8221; css=&#8221;.vc_custom_1681380442977{margin-top: -150px !important;}&#8221;][\/vc_column][\/vc_row][vc_row gap=&#8221;35&#8243; equal_height=&#8221;yes&#8221; content_placement=&#8221;middle&#8221; css=&#8221;.vc_custom_1669132239270{padding-top: 5% !important;}&#8221;][vc_column css_animation=&#8221;fadeInLeft&#8221; width=&#8221;1\/2&#8243;][vc_single_image image=&#8221;1282&#8243; img_size=&#8221;full&#8221; el_class=&#8221;rounded-corners&#8221;][\/vc_column][vc_column css_animation=&#8221;fadeInUp&#8221; width=&#8221;1\/2&#8243;][vc_custom_heading text=&#8221;Team&#8221; font_container=&#8221;tag:h2|text_align:left|color:%2372005f&#8221; use_theme_fonts=&#8221;yes&#8221;][vc_column_text] Unser [&hellip;]","og_url":"https:\/\/ewb.lu\/en\/about\/","og_site_name":"EWB","article_publisher":"https:\/\/www.facebook.com\/ErwuesseBild\/","article_modified_time":"2023-05-04T07:59:01+00:00","og_image":[{"width":269,"height":81,"url":"https:\/\/ewb.lu\/wp-content\/uploads\/2022\/09\/logo.png","type":"image\/png"}],"twitter_card":"summary_large_image","twitter_misc":{"Est. reading time":"2 minutes"},"schema":{"@context":"https:\/\/schema.org","@graph":[{"@type":"WebPage","@id":"https:\/\/ewb.lu\/en\/about\/","url":"https:\/\/ewb.lu\/en\/about\/","name":"About - EWB","isPartOf":{"@id":"https:\/\/ewb.lu\/en\/#website"},"datePublished":"2022-09-12T08:22:21+00:00","dateModified":"2023-05-04T07:59:01+00:00","breadcrumb":{"@id":"https:\/\/ewb.lu\/en\/about\/#breadcrumb"},"inLanguage":"en-US","potentialAction":[{"@type":"ReadAction","target":["https:\/\/ewb.lu\/en\/about\/"]}]},{"@type":"BreadcrumbList","@id":"https:\/\/ewb.lu\/en\/about\/#breadcrumb","itemListElement":[{"@type":"ListItem","position":1,"name":"Startseite","item":"https:\/\/ewb.lu\/en\/"},{"@type":"ListItem","position":2,"name":"About"}]},{"@type":"WebSite","@id":"https:\/\/ewb.lu\/en\/#website","url":"https:\/\/ewb.lu\/en\/","name":"EwB ErwuesseBildung","description":"ErwuesseBildung","publisher":{"@id":"https:\/\/ewb.lu\/en\/#organization"},"alternateName":"EWB","potentialAction":[{"@type":"SearchAction","target":{"@type":"EntryPoint","urlTemplate":"https:\/\/ewb.lu\/en\/?s={search_term_string}"},"query-input":{"@type":"PropertyValueSpecification","valueRequired":true,"valueName":"search_term_string"}}],"inLanguage":"en-US"},{"@type":"Organization","@id":"https:\/\/ewb.lu\/en\/#organization","name":"ErwuesseBildung Asbl","alternateName":"EWB","url":"https:\/\/ewb.lu\/en\/","logo":{"@type":"ImageObject","inLanguage":"en-US","@id":"https:\/\/ewb.lu\/en\/#\/schema\/logo\/image\/","url":"https:\/\/ewb.lu\/wp-content\/uploads\/2022\/11\/ewb-logo-header.svg","contentUrl":"https:\/\/ewb.lu\/wp-content\/uploads\/2022\/11\/ewb-logo-header.svg","width":301,"height":38,"caption":"ErwuesseBildung Asbl"},"image":{"@id":"https:\/\/ewb.lu\/en\/#\/schema\/logo\/image\/"},"sameAs":["https:\/\/www.facebook.com\/ErwuesseBild\/","https:\/\/lu.linkedin.com\/company\/erwuessebildung---formation-dadultes","https:\/\/www.instagram.com\/erwuessebildung_asbl\/"]}]}},"_links":{"self":[{"href":"https:\/\/ewb.lu\/en\/wp-json\/wp\/v2\/pages\/1219","targetHints":{"allow":["GET"]}}],"collection":[{"href":"https:\/\/ewb.lu\/en\/wp-json\/wp\/v2\/pages"}],"about":[{"href":"https:\/\/ewb.lu\/en\/wp-json\/wp\/v2\/types\/page"}],"author":[{"embeddable":true,"href":"https:\/\/ewb.lu\/en\/wp-json\/wp\/v2\/users\/1"}],"replies":[{"embeddable":true,"href":"https:\/\/ewb.lu\/en\/wp-json\/wp\/v2\/comments?post=1219"}],"version-history":[{"count":6,"href":"https:\/\/ewb.lu\/en\/wp-json\/wp\/v2\/pages\/1219\/revisions"}],"predecessor-version":[{"id":4203,"href":"https:\/\/ewb.lu\/en\/wp-json\/wp\/v2\/pages\/1219\/revisions\/4203"}],"wp:attachment":[{"href":"https:\/\/ewb.lu\/en\/wp-json\/wp\/v2\/media?parent=1219"}],"curies":[{"name":"wp","href":"https:\/\/api.w.org\/{rel}","templated":true}]}}