{"id":1069,"date":"2022-09-12T09:22:49","date_gmt":"2022-09-12T07:22:49","guid":{"rendered":"https:\/\/ewb.cuco.dev\/contact\/"},"modified":"2023-02-28T01:18:58","modified_gmt":"2023-02-28T00:18:58","slug":"contact","status":"publish","type":"page","link":"https:\/\/ewb.lu\/fr\/contact\/","title":{"rendered":"Contact"},"content":{"rendered":"<section class=\"wpb-content-wrapper\"><p>[vc_row gap=\u00a0\u00bb35&Prime; equal_height=\u00a0\u00bbyes\u00a0\u00bb content_placement=\u00a0\u00bbtop\u00a0\u00bb css=\u00a0\u00bb.vc_custom_1670589529993{padding-bottom: 5% !important;}\u00a0\u00bb][vc_column css_animation=\u00a0\u00bbbottom-to-top\u00a0\u00bb width=\u00a0\u00bb1\/2&Prime; css=\u00a0\u00bb.vc_custom_1670589927330{padding-top: 3% !important;}\u00a0\u00bb][vc_custom_heading text=\u00a0\u00bbComment nous trouver\u00a0\u00bb font_container=\u00a0\u00bbtag:h2|text_align:left|color:%2372005f\u00a0\u00bb use_theme_fonts=\u00a0\u00bbyes\u00a0\u00bb][vc_column_text]<\/p>\n<p class=\"p1\">L&rsquo;ErwuesseBildung se trouve au Centre Convict, au c\u0153ur de la ville de Luxembourg. Nos locaux se trouvent \u00e0 peine \u00e0 dix minutes \u00e0 pied de l&rsquo;arr\u00eat central de bus et de tram \u00ab\u00a0Hamilius\u00a0\u00bb sur le boulevard Royal.<span class=\"Apple-converted-space\"> <\/span><\/p>\n<p class=\"p1\">Vous pouvez vous garer dans les rues environnantes ou dans les parkings souterrains Monterey et Royal Hamilius.<\/p>\n<p>[\/vc_column_text][vc_row_inner css=\u00a0\u00bb.vc_custom_1667924307604{margin-left: 5px !important;}\u00a0\u00bb][vc_column_inner el_class=\u00a0\u00bbrounded-corners\u00a0\u00bb width=\u00a0\u00bb2\/3&Prime; css=\u00a0\u00bb.vc_custom_1667924405902{padding-top: 3% !important;padding-right: 3% !important;padding-bottom: 3% !important;padding-left: 5% !important;background-color: #72005f !important;}\u00a0\u00bb][vc_custom_heading text=\u00a0\u00bbErwuesseBildung asbl\u00a0\u00bb font_container=\u00a0\u00bbtag:h3|text_align:left|color:%23eeebe7&Prime; use_theme_fonts=\u00a0\u00bbyes\u00a0\u00bb][vc_column_text el_class=\u00a0\u00bbfont-light\u00a0\u00bb]<\/p>\n<p class=\"p1\">5, Avenue Marie-Th\u00e9r\u00e8se<br \/>\nL-2132 Luxembourg<br \/>\n+352 44 743 340<br \/>\n&#x69;&#x6e;&#102;o&#x40;&#x65;&#119;b&#46;&#x6c;&#x75;<\/p>\n<p>[\/vc_column_text][vc_custom_heading text=\u00a0\u00bbHeures d&rsquo;ouverture\u00a0\u00bb font_container=\u00a0\u00bbtag:h4|text_align:left|color:%23eeebe7&Prime; use_theme_fonts=\u00a0\u00bbyes\u00a0\u00bb][vc_column_text el_class=\u00a0\u00bbfont-light\u00a0\u00bb]<\/p>\n<p class=\"p1\">Du lundi au vendredi<br \/>\n13:00 h \u2013 17:00 h<\/p>\n<p>[\/vc_column_text][\/vc_column_inner][vc_column_inner width=\u00a0\u00bb1\/3&Prime;][\/vc_column_inner][\/vc_row_inner][\/vc_column][vc_column css_animation=\u00a0\u00bbbottom-to-top\u00a0\u00bb width=\u00a0\u00bb1\/2&Prime;]\t<div class=\"cc-Hotspot-Map-wrapper\">\r\n\r\n\t\t<div class=\"hotspot-settings producer-map\">\r\n\t\t\t<div class=\"outfit\">\r\n\t\t\t\t<img decoding=\"async\" id=\"map\" alt=\"Producer Map\" src=\"https:\/\/ewb.lu\/wp-content\/themes\/cuco\/includes\/ewb\/hotspot-map\/assets\/luxmap.png\"\/>\r\n\t\t\t<\/div>\r\n\t\t<\/div>\r\n\r\n\t<\/div>\r\n\r\n\t<script>\r\n\r\n        let marker = [{\"img\":\"https:\\\/\\\/ewb.lu\\\/wp-content\\\/uploads\\\/2022\\\/11\\\/ewb-fav.png\",\"left\":\"39\",\"permalink\":\"https:\\\/\\\/ewb.lu\\\/fr\\\/location\\\/erwuessebildung-asbl\\\/\",\"title\":\"ERWUESSEBILDUNG ASBL\",\"text\":\"5, avenue Marie-Th\\u00e9r\\u00e8se<br \\\/>\\r\\nL-2132 Luxembourg\",\"top\":\"72\",\"simpleUrl\":\"https:\\\/\\\/www.google.com\\\/maps\\\/search\\\/?api=1&query=5%2C+avenue+Marie-Th%C3%A9r%C3%A8se%0D%0AL-2132+Luxembourg\"}];\r\n        let navigationText = 'Aller \u00e0 la navigation';\r\n\r\n        jQuery(document).ready(function () {\r\n\r\n            jQuery.each(marker, function (key, value) {\r\n\r\n                let img = '';\r\n                if (value.img != null)\r\n                    img = `<img decoding=\"async\" alt=\"Preview Image\" src=\"${value.img}\"\/>`;\r\n\r\n                let tooltipContent = `\r\n                ${img}\r\n                <div><h2>${value.title}<\/h2>\r\n                <p>${value.text}<\/p>\r\n                <div class=\"jdh-button\">\r\n        <a rel=\"\" class=\"theme-color read-more\" href=\"${value.simpleUrl}\" target=\"_blank\">${navigationText}\r\n            <i class=\"fa-solid fa-arrow-right\"><\/i>\r\n        <\/a>\r\n\r\n    <\/div>\r\n                <\/div>`;\r\n\r\n                let dot = '<div class=\"dot marker cc-tooltip\" title=\"' + escapeHtml(tooltipContent) + '\"  style=\"top: ' + value.top + '%; left: ' + value.left + '%;\">';\r\n                dot += `<div class=\"marker-icon\"><svg width=\"43\" height=\"56\" viewBox=\"0 0 43 56\" fill=\"none\" xmlns=\"http:\/\/www.w3.org\/2000\/svg\">\r\n    <path class=\"cc-map-marker\"\r\n          d=\"M22.2109 56H20.8032L20.5273 55.888C19.7215 55.5332 19.0395 54.9485 18.5679 54.208L13.2752 46.777C10.077 42.297 6.8864 37.8171 3.70326 33.3372C1.66644 30.433 0.431634 27.0481 0.122229 23.5206C-0.360229 19.0742 0.593363 14.5904 2.84482 10.7191C5.09629 6.84786 8.52866 3.7901 12.6446 1.98896C20.7132 -1.48858 28.579 -0.391002 35.3864 5.1641C37.4752 6.84679 39.2088 8.9238 40.4872 11.2755C41.7657 13.6273 42.5638 16.2073 42.8356 18.8671C43.509 24.1997 42.0981 29.5859 38.8942 33.914C34.1045 40.6339 29.3166 47.3538 24.5307 54.0736C24.0474 54.8822 23.3205 55.5189 22.453 55.8936L22.2109 56ZM21.5183 52.9537C21.711 52.7612 21.8827 52.5491 22.0307 52.3209C26.8167 45.601 31.6045 38.8811 36.3942 32.1612C39.1427 28.4443 40.352 23.82 39.7726 19.2423C39.5472 16.9706 38.8725 14.7657 37.7873 12.7542C36.7022 10.7428 35.228 8.96452 33.4495 7.52166C27.498 2.66654 20.9102 1.74816 13.8664 4.78331C10.3441 6.32882 7.40836 8.94996 5.48479 12.2667C3.56123 15.5833 2.74987 19.4232 3.16836 23.2294C3.42858 26.2216 4.47092 29.0941 6.19196 31.562C9.36009 36.042 12.5507 40.5219 15.7639 45.0018C17.5356 47.4807 19.3036 49.9633 21.0679 52.4497C21.1971 52.6351 21.3483 52.8043 21.5183 52.9537V52.9537ZM21.462 29.5517H21.3832C19.2341 29.4949 17.1919 28.6076 15.6897 27.0781C14.1876 25.5485 13.3437 23.4971 13.3371 21.359C13.3639 19.1985 14.2506 17.1365 15.8031 15.625C17.3556 14.1135 19.4472 13.2757 21.6197 13.2952C23.7677 13.3447 25.8118 14.2253 27.3173 15.7499C28.8229 17.2745 29.6715 19.3229 29.6826 21.4598C29.6633 23.6145 28.7883 25.6743 27.2484 27.19C25.7085 28.7058 23.6286 29.5547 21.462 29.5517V29.5517ZM21.5183 16.3359C20.1669 16.3337 18.8695 16.8631 17.9091 17.8087C17.4296 18.2732 17.0474 18.8276 16.7845 19.4398C16.5217 20.0521 16.3834 20.7101 16.3776 21.3758C16.3786 22.7114 16.9033 23.9939 17.8401 24.9507C18.777 25.9076 20.0521 26.4633 21.3944 26.4997C22.0722 26.5086 22.745 26.3842 23.3742 26.1338C24.0035 25.8834 24.5768 25.5118 25.0613 25.0403C25.5457 24.5689 25.9318 24.007 26.1973 23.3868C26.4628 22.7665 26.6025 22.1003 26.6083 21.4262V21.4262C26.6014 20.0922 26.0716 18.8136 25.1316 17.862C24.1916 16.9104 22.9156 16.3609 21.5746 16.3303H21.5183V16.3359Z\"\r\n          fill=\"#183B56\"\/>\r\n<\/svg>\r\n<div class=\"add-pulse-here\"><\/div><\/div>`;\r\n                dot += '<\/div>';\r\n                jQuery(dot).hide().appendTo(jQuery('.outfit')).delay(randomNumber(300, 2000)).fadeIn(350);\r\n\r\n            });\r\n\r\n            jQuery('.cc-tooltip').tooltipster({\r\n                arrow: true,\r\n                contentAsHTML: true,\r\n                interactive: true,\r\n                distance: 28,\r\n                position: ['top', 'center'],\r\n                functionInit: function (instance, helper) {\r\n\r\n                },\r\n                functionReady: function (instance, helper) {\r\n                    jQuery(helper.origin).children('.marker-icon').addClass('active');\r\n                }, functionAfter: function (instance, helper) {\r\n                    jQuery(helper.origin).children('.marker-icon').removeClass('active');\r\n                },\r\n                theme: 'my-custom-theme',\r\n                trigger: \"click\",\r\n            });\r\n\r\n        });\r\n\r\n        function randomNumber(min, max) {\r\n            return Math.random() * (max - min) + min;\r\n        }\r\n\r\n        function escapeHtml(text) {\r\n            'use strict';\r\n            return text.replace(\/[\\\"&'\\\/<>]\/g, function (a) {\r\n                return {\r\n                    '\"': '&quot;', '&': '&amp;', \"'\": '&#39;',\r\n                    '\/': '&#47;', '<': '&lt;', '>': '&gt;'\r\n                }[a];\r\n            });\r\n        }\r\n\r\n\t<\/script>\r\n\r\n\t[\/vc_column][\/vc_row]<\/p>\n<\/section>","protected":false},"excerpt":{"rendered":"<p>[vc_row gap=\u00a0\u00bb35&Prime; equal_height=\u00a0\u00bbyes\u00a0\u00bb content_placement=\u00a0\u00bbtop\u00a0\u00bb css=\u00a0\u00bb.vc_custom_1670589529993{padding-bottom: 5% !important;}\u00a0\u00bb][vc_column css_animation=\u00a0\u00bbbottom-to-top\u00a0\u00bb width=\u00a0\u00bb1\/2&Prime; css=\u00a0\u00bb.vc_custom_1670589927330{padding-top: 3% !important;}\u00a0\u00bb][vc_custom_heading text=\u00a0\u00bbComment nous trouver\u00a0\u00bb font_container=\u00a0\u00bbtag:h2|text_align:left|color:%2372005f\u00a0\u00bb use_theme_fonts=\u00a0\u00bbyes\u00a0\u00bb][vc_column_text] L&rsquo;ErwuesseBildung se trouve au Centre Convict, au c\u0153ur de la ville de Luxembourg. Nos locaux se trouvent \u00e0 peine \u00e0 dix minutes \u00e0 pied de l&rsquo;arr\u00eat central de bus et de tram \u00ab\u00a0Hamilius\u00a0\u00bb sur le boulevard Royal. Vous [&hellip;]<\/p>\n","protected":false},"author":1,"featured_media":0,"parent":0,"menu_order":0,"comment_status":"closed","ping_status":"closed","template":"","meta":{"_acf_changed":false,"inline_featured_image":false,"footnotes":""},"class_list":["post-1069","page","type-page","status-publish","hentry"],"acf":[],"yoast_head":"<!-- This site is optimized with the Yoast SEO plugin v27.1.1 - https:\/\/yoast.com\/product\/yoast-seo-wordpress\/ -->\n<title>Contact - EWB<\/title>\n<meta name=\"robots\" content=\"index, follow, max-snippet:-1, max-image-preview:large, max-video-preview:-1\" \/>\n<link rel=\"canonical\" href=\"https:\/\/ewb.lu\/fr\/contact\/\" \/>\n<meta property=\"og:locale\" content=\"fr_FR\" \/>\n<meta property=\"og:type\" content=\"article\" \/>\n<meta property=\"og:title\" content=\"Contact - EWB\" \/>\n<meta property=\"og:description\" content=\"[vc_row gap=\u00a0\u00bb35&Prime; equal_height=\u00a0\u00bbyes\u00a0\u00bb content_placement=\u00a0\u00bbtop\u00a0\u00bb css=\u00a0\u00bb.vc_custom_1670589529993{padding-bottom: 5% !important;}\u00a0\u00bb][vc_column css_animation=\u00a0\u00bbbottom-to-top\u00a0\u00bb width=\u00a0\u00bb1\/2&Prime; css=\u00a0\u00bb.vc_custom_1670589927330{padding-top: 3% !important;}\u00a0\u00bb][vc_custom_heading text=\u00a0\u00bbComment nous trouver\u00a0\u00bb font_container=\u00a0\u00bbtag:h2|text_align:left|color:%2372005f\u00a0\u00bb use_theme_fonts=\u00a0\u00bbyes\u00a0\u00bb][vc_column_text] L&rsquo;ErwuesseBildung se trouve au Centre Convict, au c\u0153ur de la ville de Luxembourg. Nos locaux se trouvent \u00e0 peine \u00e0 dix minutes \u00e0 pied de l&rsquo;arr\u00eat central de bus et de tram \u00ab\u00a0Hamilius\u00a0\u00bb sur le boulevard Royal. Vous [&hellip;]\" \/>\n<meta property=\"og:url\" content=\"https:\/\/ewb.lu\/fr\/contact\/\" \/>\n<meta property=\"og:site_name\" content=\"EWB\" \/>\n<meta property=\"article:publisher\" content=\"https:\/\/www.facebook.com\/ErwuesseBild\/\" \/>\n<meta property=\"article:modified_time\" content=\"2023-02-28T00:18:58+00:00\" \/>\n<meta property=\"og:image\" content=\"https:\/\/ewb.lu\/wp-content\/uploads\/2022\/09\/logo.png\" \/>\n\t<meta property=\"og:image:width\" content=\"269\" \/>\n\t<meta property=\"og:image:height\" content=\"81\" \/>\n\t<meta property=\"og:image:type\" content=\"image\/png\" \/>\n<meta name=\"twitter:card\" content=\"summary_large_image\" \/>\n<meta name=\"twitter:label1\" content=\"Dur\u00e9e de lecture estim\u00e9e\" \/>\n\t<meta name=\"twitter:data1\" content=\"1 minute\" \/>\n<script type=\"application\/ld+json\" class=\"yoast-schema-graph\">{\"@context\":\"https:\/\/schema.org\",\"@graph\":[{\"@type\":\"WebPage\",\"@id\":\"https:\/\/ewb.lu\/fr\/contact\/\",\"url\":\"https:\/\/ewb.lu\/fr\/contact\/\",\"name\":\"Contact - EWB\",\"isPartOf\":{\"@id\":\"https:\/\/ewb.lu\/fr\/#website\"},\"datePublished\":\"2022-09-12T07:22:49+00:00\",\"dateModified\":\"2023-02-28T00:18:58+00:00\",\"breadcrumb\":{\"@id\":\"https:\/\/ewb.lu\/fr\/contact\/#breadcrumb\"},\"inLanguage\":\"fr-FR\",\"potentialAction\":[{\"@type\":\"ReadAction\",\"target\":[\"https:\/\/ewb.lu\/fr\/contact\/\"]}]},{\"@type\":\"BreadcrumbList\",\"@id\":\"https:\/\/ewb.lu\/fr\/contact\/#breadcrumb\",\"itemListElement\":[{\"@type\":\"ListItem\",\"position\":1,\"name\":\"Startseite\",\"item\":\"https:\/\/ewb.lu\/fr\/\"},{\"@type\":\"ListItem\",\"position\":2,\"name\":\"Contact\"}]},{\"@type\":\"WebSite\",\"@id\":\"https:\/\/ewb.lu\/fr\/#website\",\"url\":\"https:\/\/ewb.lu\/fr\/\",\"name\":\"EwB ErwuesseBildung\",\"description\":\"ErwuesseBildung\",\"publisher\":{\"@id\":\"https:\/\/ewb.lu\/fr\/#organization\"},\"alternateName\":\"EWB\",\"potentialAction\":[{\"@type\":\"SearchAction\",\"target\":{\"@type\":\"EntryPoint\",\"urlTemplate\":\"https:\/\/ewb.lu\/fr\/?s={search_term_string}\"},\"query-input\":{\"@type\":\"PropertyValueSpecification\",\"valueRequired\":true,\"valueName\":\"search_term_string\"}}],\"inLanguage\":\"fr-FR\"},{\"@type\":\"Organization\",\"@id\":\"https:\/\/ewb.lu\/fr\/#organization\",\"name\":\"ErwuesseBildung Asbl\",\"alternateName\":\"EWB\",\"url\":\"https:\/\/ewb.lu\/fr\/\",\"logo\":{\"@type\":\"ImageObject\",\"inLanguage\":\"fr-FR\",\"@id\":\"https:\/\/ewb.lu\/fr\/#\/schema\/logo\/image\/\",\"url\":\"https:\/\/ewb.lu\/wp-content\/uploads\/2022\/11\/ewb-logo-header.svg\",\"contentUrl\":\"https:\/\/ewb.lu\/wp-content\/uploads\/2022\/11\/ewb-logo-header.svg\",\"width\":301,\"height\":38,\"caption\":\"ErwuesseBildung Asbl\"},\"image\":{\"@id\":\"https:\/\/ewb.lu\/fr\/#\/schema\/logo\/image\/\"},\"sameAs\":[\"https:\/\/www.facebook.com\/ErwuesseBild\/\",\"https:\/\/lu.linkedin.com\/company\/erwuessebildung---formation-dadultes\",\"https:\/\/www.instagram.com\/erwuessebildung_asbl\/\"]}]}<\/script>\n<!-- \/ Yoast SEO plugin. -->","yoast_head_json":{"title":"Contact - EWB","robots":{"index":"index","follow":"follow","max-snippet":"max-snippet:-1","max-image-preview":"max-image-preview:large","max-video-preview":"max-video-preview:-1"},"canonical":"https:\/\/ewb.lu\/fr\/contact\/","og_locale":"fr_FR","og_type":"article","og_title":"Contact - EWB","og_description":"[vc_row gap=\u00a0\u00bb35&Prime; equal_height=\u00a0\u00bbyes\u00a0\u00bb content_placement=\u00a0\u00bbtop\u00a0\u00bb css=\u00a0\u00bb.vc_custom_1670589529993{padding-bottom: 5% !important;}\u00a0\u00bb][vc_column css_animation=\u00a0\u00bbbottom-to-top\u00a0\u00bb width=\u00a0\u00bb1\/2&Prime; css=\u00a0\u00bb.vc_custom_1670589927330{padding-top: 3% !important;}\u00a0\u00bb][vc_custom_heading text=\u00a0\u00bbComment nous trouver\u00a0\u00bb font_container=\u00a0\u00bbtag:h2|text_align:left|color:%2372005f\u00a0\u00bb use_theme_fonts=\u00a0\u00bbyes\u00a0\u00bb][vc_column_text] L&rsquo;ErwuesseBildung se trouve au Centre Convict, au c\u0153ur de la ville de Luxembourg. Nos locaux se trouvent \u00e0 peine \u00e0 dix minutes \u00e0 pied de l&rsquo;arr\u00eat central de bus et de tram \u00ab\u00a0Hamilius\u00a0\u00bb sur le boulevard Royal. Vous [&hellip;]","og_url":"https:\/\/ewb.lu\/fr\/contact\/","og_site_name":"EWB","article_publisher":"https:\/\/www.facebook.com\/ErwuesseBild\/","article_modified_time":"2023-02-28T00:18:58+00:00","og_image":[{"width":269,"height":81,"url":"https:\/\/ewb.lu\/wp-content\/uploads\/2022\/09\/logo.png","type":"image\/png"}],"twitter_card":"summary_large_image","twitter_misc":{"Dur\u00e9e de lecture estim\u00e9e":"1 minute"},"schema":{"@context":"https:\/\/schema.org","@graph":[{"@type":"WebPage","@id":"https:\/\/ewb.lu\/fr\/contact\/","url":"https:\/\/ewb.lu\/fr\/contact\/","name":"Contact - EWB","isPartOf":{"@id":"https:\/\/ewb.lu\/fr\/#website"},"datePublished":"2022-09-12T07:22:49+00:00","dateModified":"2023-02-28T00:18:58+00:00","breadcrumb":{"@id":"https:\/\/ewb.lu\/fr\/contact\/#breadcrumb"},"inLanguage":"fr-FR","potentialAction":[{"@type":"ReadAction","target":["https:\/\/ewb.lu\/fr\/contact\/"]}]},{"@type":"BreadcrumbList","@id":"https:\/\/ewb.lu\/fr\/contact\/#breadcrumb","itemListElement":[{"@type":"ListItem","position":1,"name":"Startseite","item":"https:\/\/ewb.lu\/fr\/"},{"@type":"ListItem","position":2,"name":"Contact"}]},{"@type":"WebSite","@id":"https:\/\/ewb.lu\/fr\/#website","url":"https:\/\/ewb.lu\/fr\/","name":"EwB ErwuesseBildung","description":"ErwuesseBildung","publisher":{"@id":"https:\/\/ewb.lu\/fr\/#organization"},"alternateName":"EWB","potentialAction":[{"@type":"SearchAction","target":{"@type":"EntryPoint","urlTemplate":"https:\/\/ewb.lu\/fr\/?s={search_term_string}"},"query-input":{"@type":"PropertyValueSpecification","valueRequired":true,"valueName":"search_term_string"}}],"inLanguage":"fr-FR"},{"@type":"Organization","@id":"https:\/\/ewb.lu\/fr\/#organization","name":"ErwuesseBildung Asbl","alternateName":"EWB","url":"https:\/\/ewb.lu\/fr\/","logo":{"@type":"ImageObject","inLanguage":"fr-FR","@id":"https:\/\/ewb.lu\/fr\/#\/schema\/logo\/image\/","url":"https:\/\/ewb.lu\/wp-content\/uploads\/2022\/11\/ewb-logo-header.svg","contentUrl":"https:\/\/ewb.lu\/wp-content\/uploads\/2022\/11\/ewb-logo-header.svg","width":301,"height":38,"caption":"ErwuesseBildung Asbl"},"image":{"@id":"https:\/\/ewb.lu\/fr\/#\/schema\/logo\/image\/"},"sameAs":["https:\/\/www.facebook.com\/ErwuesseBild\/","https:\/\/lu.linkedin.com\/company\/erwuessebildung---formation-dadultes","https:\/\/www.instagram.com\/erwuessebildung_asbl\/"]}]}},"_links":{"self":[{"href":"https:\/\/ewb.lu\/fr\/wp-json\/wp\/v2\/pages\/1069","targetHints":{"allow":["GET"]}}],"collection":[{"href":"https:\/\/ewb.lu\/fr\/wp-json\/wp\/v2\/pages"}],"about":[{"href":"https:\/\/ewb.lu\/fr\/wp-json\/wp\/v2\/types\/page"}],"author":[{"embeddable":true,"href":"https:\/\/ewb.lu\/fr\/wp-json\/wp\/v2\/users\/1"}],"replies":[{"embeddable":true,"href":"https:\/\/ewb.lu\/fr\/wp-json\/wp\/v2\/comments?post=1069"}],"version-history":[{"count":5,"href":"https:\/\/ewb.lu\/fr\/wp-json\/wp\/v2\/pages\/1069\/revisions"}],"predecessor-version":[{"id":1973,"href":"https:\/\/ewb.lu\/fr\/wp-json\/wp\/v2\/pages\/1069\/revisions\/1973"}],"wp:attachment":[{"href":"https:\/\/ewb.lu\/fr\/wp-json\/wp\/v2\/media?parent=1069"}],"curies":[{"name":"wp","href":"https:\/\/api.w.org\/{rel}","templated":true}]}}