{"id":1935,"date":"2022-09-13T11:51:44","date_gmt":"2022-09-13T09:51:44","guid":{"rendered":"https:\/\/ewb.cuco.dev\/a-propos\/equipe\/"},"modified":"2023-04-07T10:32:32","modified_gmt":"2023-04-07T09:32:32","slug":"equipe","status":"publish","type":"page","link":"https:\/\/ewb.lu\/fr\/a-propos\/equipe\/","title":{"rendered":"\u00c9quipe"},"content":{"rendered":"<section class=\"wpb-content-wrapper\"><p>[vc_row][vc_column][vc_empty_space height=\u00a0\u00bb90px\u00a0\u00bb][\/vc_column][\/vc_row][vc_row][vc_column]\r\n\t<div class=\"team\">\r\n\t\t\r\n\t\t\t<div class=\"member\">\r\n\t\t\t\t<div class=\"rounded\"><img decoding=\"async\" width=\"1707\" height=\"2560\" src=\"https:\/\/ewb.lu\/wp-content\/uploads\/2026\/04\/Erik.jpg\" class=\"attachment-full size-full wp-post-image\" alt=\"Erik Eschmann\" srcset=\"https:\/\/ewb.lu\/wp-content\/uploads\/2026\/04\/Erik.jpg 1707w, https:\/\/ewb.lu\/wp-content\/uploads\/2026\/04\/Erik-200x300.jpg 200w, https:\/\/ewb.lu\/wp-content\/uploads\/2026\/04\/Erik-683x1024.jpg 683w, https:\/\/ewb.lu\/wp-content\/uploads\/2026\/04\/Erik-768x1152.jpg 768w, https:\/\/ewb.lu\/wp-content\/uploads\/2026\/04\/Erik-1024x1536.jpg 1024w, https:\/\/ewb.lu\/wp-content\/uploads\/2026\/04\/Erik-1366x2048.jpg 1366w, https:\/\/ewb.lu\/wp-content\/uploads\/2026\/04\/Erik-300x450.jpg 300w, https:\/\/ewb.lu\/wp-content\/uploads\/2026\/04\/Erik-600x900.jpg 600w\" sizes=\"(max-width: 1707px) 100vw, 1707px\" \/><\/div>\r\n\t\t\t\t<div><h3 class=\"theme-color\">Erik Eschmann<\/h3><\/div>\r\n\t\t\t\t<div class=\"position\"><h4>i-Stuff-Trainer und Philosoph<\/h4><\/div>\r\n\t\t\t\t<div class=\"text\"><\/div>\r\n\t\t\t<\/div>\r\n\r\n\r\n\t\t\r\n\t\t\t<div class=\"member\">\r\n\t\t\t\t<div class=\"rounded\"><img decoding=\"async\" width=\"1707\" height=\"2560\" src=\"https:\/\/ewb.lu\/wp-content\/uploads\/2023\/04\/Yannick.jpg\" class=\"attachment-full size-full wp-post-image\" alt=\"Yannick Fella\" srcset=\"https:\/\/ewb.lu\/wp-content\/uploads\/2023\/04\/Yannick.jpg 1707w, https:\/\/ewb.lu\/wp-content\/uploads\/2023\/04\/Yannick-200x300.jpg 200w, https:\/\/ewb.lu\/wp-content\/uploads\/2023\/04\/Yannick-683x1024.jpg 683w, https:\/\/ewb.lu\/wp-content\/uploads\/2023\/04\/Yannick-768x1152.jpg 768w, https:\/\/ewb.lu\/wp-content\/uploads\/2023\/04\/Yannick-1024x1536.jpg 1024w, https:\/\/ewb.lu\/wp-content\/uploads\/2023\/04\/Yannick-1366x2048.jpg 1366w, https:\/\/ewb.lu\/wp-content\/uploads\/2023\/04\/Yannick-300x450.jpg 300w, https:\/\/ewb.lu\/wp-content\/uploads\/2023\/04\/Yannick-600x900.jpg 600w\" sizes=\"(max-width: 1707px) 100vw, 1707px\" \/><\/div>\r\n\t\t\t\t<div><h3 class=\"theme-color\">Yannick Fella<\/h3><\/div>\r\n\t\t\t\t<div class=\"position\"><h4>\u00c9ducateur aux m\u00e9dias et formateur i-Stuff<\/h4><\/div>\r\n\t\t\t\t<div class=\"text\"><p>Master en e-learning et \u00e9ducation aux m\u00e9dias, sp\u00e9cialis\u00e9 dans la conception de formats d&rsquo;apprentissage num\u00e9riques. Depuis 2023, il travaille \u00e0 l&rsquo;EwB, principalement dans l&rsquo;i-Stuff.<\/p>\n<\/div>\r\n\t\t\t<\/div>\r\n\r\n\r\n\t\t\r\n\t\t\t<div class=\"member\">\r\n\t\t\t\t<div class=\"rounded\"><img decoding=\"async\" width=\"1707\" height=\"2560\" src=\"https:\/\/ewb.lu\/wp-content\/uploads\/2023\/04\/Huelya-01.jpg\" class=\"attachment-full size-full wp-post-image\" alt=\"H\u00fclya Atasoy\" srcset=\"https:\/\/ewb.lu\/wp-content\/uploads\/2023\/04\/Huelya-01.jpg 1707w, https:\/\/ewb.lu\/wp-content\/uploads\/2023\/04\/Huelya-01-200x300.jpg 200w, https:\/\/ewb.lu\/wp-content\/uploads\/2023\/04\/Huelya-01-683x1024.jpg 683w, https:\/\/ewb.lu\/wp-content\/uploads\/2023\/04\/Huelya-01-768x1152.jpg 768w, https:\/\/ewb.lu\/wp-content\/uploads\/2023\/04\/Huelya-01-1024x1536.jpg 1024w, https:\/\/ewb.lu\/wp-content\/uploads\/2023\/04\/Huelya-01-1366x2048.jpg 1366w, https:\/\/ewb.lu\/wp-content\/uploads\/2023\/04\/Huelya-01-300x450.jpg 300w, https:\/\/ewb.lu\/wp-content\/uploads\/2023\/04\/Huelya-01-600x900.jpg 600w\" sizes=\"(max-width: 1707px) 100vw, 1707px\" \/><\/div>\r\n\t\t\t\t<div><h3 class=\"theme-color\">H\u00fclya Atasoy<\/h3><\/div>\r\n\t\t\t\t<div class=\"position\"><h4>Charg\u00e9e de communication et formatrice i-Stuff<\/h4><\/div>\r\n\t\t\t\t<div class=\"text\"><p>\u00c9tudes d&rsquo;histoire m\u00e9di\u00e9vale et moderne et de journalisme sp\u00e9cialis\u00e9, puis journaliste dans un grand groupe de presse luxembourgeois. En 2021, elle a rejoint l&rsquo;EwB Aujourd&rsquo;hui, H\u00fclya Atasoy est responsable de la communication de l&rsquo;EwB en tant que t\u00eate cr\u00e9ative et donne un coup de main pour les activit\u00e9s d&rsquo;i-Stuff.<\/p>\n<\/div>\r\n\t\t\t<\/div>\r\n\r\n\r\n\t\t\r\n\t\t\t<div class=\"member\">\r\n\t\t\t\t<div class=\"rounded\"><img decoding=\"async\" width=\"1707\" height=\"2560\" src=\"https:\/\/ewb.lu\/wp-content\/uploads\/2023\/04\/Leslie-Edit.jpg\" class=\"attachment-full size-full wp-post-image\" alt=\"Leslie Fischbach\" srcset=\"https:\/\/ewb.lu\/wp-content\/uploads\/2023\/04\/Leslie-Edit.jpg 1707w, https:\/\/ewb.lu\/wp-content\/uploads\/2023\/04\/Leslie-Edit-200x300.jpg 200w, https:\/\/ewb.lu\/wp-content\/uploads\/2023\/04\/Leslie-Edit-683x1024.jpg 683w, https:\/\/ewb.lu\/wp-content\/uploads\/2023\/04\/Leslie-Edit-768x1152.jpg 768w, https:\/\/ewb.lu\/wp-content\/uploads\/2023\/04\/Leslie-Edit-1024x1536.jpg 1024w, https:\/\/ewb.lu\/wp-content\/uploads\/2023\/04\/Leslie-Edit-1366x2048.jpg 1366w, https:\/\/ewb.lu\/wp-content\/uploads\/2023\/04\/Leslie-Edit-300x450.jpg 300w, https:\/\/ewb.lu\/wp-content\/uploads\/2023\/04\/Leslie-Edit-600x900.jpg 600w\" sizes=\"(max-width: 1707px) 100vw, 1707px\" \/><\/div>\r\n\t\t\t\t<div><h3 class=\"theme-color\">Leslie Fischbach<\/h3><\/div>\r\n\t\t\t\t<div class=\"position\"><h4>P\u00e9dagogue des m\u00e9dias<\/h4><\/div>\r\n\t\t\t\t<div class=\"text\"><p>Bachelor en culture europ\u00e9enne, dipl\u00f4me p\u00e9dagogique, illustratrice. Leslie travaille depuis 2023 comme p\u00e9dagogue des m\u00e9dias au sein de l&rsquo;EwB et organise des activit\u00e9s de p\u00e9dagogie des m\u00e9dias pour les enfants et les adultes, ainsi que des formations continues pour les multiplicateurs. Points forts de l&rsquo;activit\u00e9 : Promotion de la lecture et nouveaux m\u00e9dias.<\/p>\n<\/div>\r\n\t\t\t<\/div>\r\n\r\n\r\n\t\t\r\n\t\t\t<div class=\"member\">\r\n\t\t\t\t<div class=\"rounded\"><img decoding=\"async\" width=\"1707\" height=\"2560\" src=\"https:\/\/ewb.lu\/wp-content\/uploads\/2023\/04\/Liz.jpg\" class=\"attachment-full size-full wp-post-image\" alt=\"Liz Lambert\" srcset=\"https:\/\/ewb.lu\/wp-content\/uploads\/2023\/04\/Liz.jpg 1707w, https:\/\/ewb.lu\/wp-content\/uploads\/2023\/04\/Liz-200x300.jpg 200w, https:\/\/ewb.lu\/wp-content\/uploads\/2023\/04\/Liz-683x1024.jpg 683w, https:\/\/ewb.lu\/wp-content\/uploads\/2023\/04\/Liz-768x1152.jpg 768w, https:\/\/ewb.lu\/wp-content\/uploads\/2023\/04\/Liz-1024x1536.jpg 1024w, https:\/\/ewb.lu\/wp-content\/uploads\/2023\/04\/Liz-1366x2048.jpg 1366w, https:\/\/ewb.lu\/wp-content\/uploads\/2023\/04\/Liz-300x450.jpg 300w, https:\/\/ewb.lu\/wp-content\/uploads\/2023\/04\/Liz-600x900.jpg 600w\" sizes=\"(max-width: 1707px) 100vw, 1707px\" \/><\/div>\r\n\t\t\t\t<div><h3 class=\"theme-color\">Liz Lambert<\/h3><\/div>\r\n\t\t\t\t<div class=\"position\"><h4>Charg\u00e9e de communication<\/h4><\/div>\r\n\t\t\t\t<div class=\"text\"><p>Master en sciences des religions, a fait des recherches sur le processus de s\u00e9cularisation au Luxembourg, artiste photographe. Depuis 2023, elle est responsable de la communication de l&rsquo;EwB.<span class=\"Apple-converted-space\"> <\/span><\/p>\n<\/div>\r\n\t\t\t<\/div>\r\n\r\n\r\n\t\t\r\n\t\t\t<div class=\"member\">\r\n\t\t\t\t<div class=\"rounded\"><img decoding=\"async\" width=\"1707\" height=\"2560\" src=\"https:\/\/ewb.lu\/wp-content\/uploads\/2023\/04\/Nora.jpg\" class=\"attachment-full size-full wp-post-image\" alt=\"Nora Schleich\" srcset=\"https:\/\/ewb.lu\/wp-content\/uploads\/2023\/04\/Nora.jpg 1707w, https:\/\/ewb.lu\/wp-content\/uploads\/2023\/04\/Nora-200x300.jpg 200w, https:\/\/ewb.lu\/wp-content\/uploads\/2023\/04\/Nora-683x1024.jpg 683w, https:\/\/ewb.lu\/wp-content\/uploads\/2023\/04\/Nora-768x1152.jpg 768w, https:\/\/ewb.lu\/wp-content\/uploads\/2023\/04\/Nora-1024x1536.jpg 1024w, https:\/\/ewb.lu\/wp-content\/uploads\/2023\/04\/Nora-1366x2048.jpg 1366w, https:\/\/ewb.lu\/wp-content\/uploads\/2023\/04\/Nora-300x450.jpg 300w, https:\/\/ewb.lu\/wp-content\/uploads\/2023\/04\/Nora-600x900.jpg 600w\" sizes=\"(max-width: 1707px) 100vw, 1707px\" \/><\/div>\r\n\t\t\t\t<div><h3 class=\"theme-color\">Nora Schleich<\/h3><\/div>\r\n\t\t\t\t<div class=\"position\"><h4>Directrice et philosophe<\/h4><\/div>\r\n\t\t\t\t<div class=\"text\"><p>Titulaire d&rsquo;un doctorat en philosophie, active dans les domaines de la culture, de l&rsquo;art et de la soci\u00e9t\u00e9. En 2022, Nora Schleich a rejoint l&rsquo;\u00e9quipe EwB, o\u00f9 elle s&rsquo;est d&rsquo;abord occup\u00e9e de l&rsquo;orientation conceptuelle et du programme. Depuis octobre 2025, elle dirige l&rsquo;EwB.<\/p>\n<\/div>\r\n\t\t\t<\/div>\r\n\r\n\r\n\t\t\r\n\t\t\t<div class=\"member\">\r\n\t\t\t\t<div class=\"rounded\"><img decoding=\"async\" width=\"1707\" height=\"2560\" src=\"https:\/\/ewb.lu\/wp-content\/uploads\/2023\/04\/Liliane.jpg\" class=\"attachment-full size-full wp-post-image\" alt=\"Liliane Marbach\" srcset=\"https:\/\/ewb.lu\/wp-content\/uploads\/2023\/04\/Liliane.jpg 1707w, https:\/\/ewb.lu\/wp-content\/uploads\/2023\/04\/Liliane-200x300.jpg 200w, https:\/\/ewb.lu\/wp-content\/uploads\/2023\/04\/Liliane-683x1024.jpg 683w, https:\/\/ewb.lu\/wp-content\/uploads\/2023\/04\/Liliane-768x1152.jpg 768w, https:\/\/ewb.lu\/wp-content\/uploads\/2023\/04\/Liliane-1024x1536.jpg 1024w, https:\/\/ewb.lu\/wp-content\/uploads\/2023\/04\/Liliane-1366x2048.jpg 1366w, https:\/\/ewb.lu\/wp-content\/uploads\/2023\/04\/Liliane-300x450.jpg 300w, https:\/\/ewb.lu\/wp-content\/uploads\/2023\/04\/Liliane-600x900.jpg 600w\" sizes=\"(max-width: 1707px) 100vw, 1707px\" \/><\/div>\r\n\t\t\t\t<div><h3 class=\"theme-color\">Liliane Marbach<\/h3><\/div>\r\n\t\t\t\t<div class=\"position\"><h4>Secr\u00e9taire et assistante de programme<\/h4><\/div>\r\n\t\t\t\t<div class=\"text\"><p>Exp\u00e9rience professionnelle dans un office notarial de la capitale, une entreprise artisanale de taille moyenne et travaille depuis mai 2022 dans l&rsquo;administration de l&rsquo;EwB.<\/p>\n<\/div>\r\n\t\t\t<\/div>\r\n\r\n\r\n\t\t\r\n\t\t\t<div class=\"member\">\r\n\t\t\t\t<div class=\"rounded\"><img decoding=\"async\" width=\"1707\" height=\"2560\" src=\"https:\/\/ewb.lu\/wp-content\/uploads\/2023\/04\/Barbara-Edit.jpg\" class=\"attachment-full size-full wp-post-image\" alt=\"Barbara Schu\" srcset=\"https:\/\/ewb.lu\/wp-content\/uploads\/2023\/04\/Barbara-Edit.jpg 1707w, https:\/\/ewb.lu\/wp-content\/uploads\/2023\/04\/Barbara-Edit-200x300.jpg 200w, https:\/\/ewb.lu\/wp-content\/uploads\/2023\/04\/Barbara-Edit-683x1024.jpg 683w, https:\/\/ewb.lu\/wp-content\/uploads\/2023\/04\/Barbara-Edit-768x1152.jpg 768w, https:\/\/ewb.lu\/wp-content\/uploads\/2023\/04\/Barbara-Edit-1024x1536.jpg 1024w, https:\/\/ewb.lu\/wp-content\/uploads\/2023\/04\/Barbara-Edit-1366x2048.jpg 1366w, https:\/\/ewb.lu\/wp-content\/uploads\/2023\/04\/Barbara-Edit-300x450.jpg 300w, https:\/\/ewb.lu\/wp-content\/uploads\/2023\/04\/Barbara-Edit-600x900.jpg 600w\" sizes=\"(max-width: 1707px) 100vw, 1707px\" \/><\/div>\r\n\t\t\t\t<div><h3 class=\"theme-color\">Barbara Schu<\/h3><\/div>\r\n\t\t\t\t<div class=\"position\"><h4>P\u00e9dagogue des m\u00e9dias et p\u00e9dagogue de la nature<\/h4><\/div>\r\n\t\t\t\t<div class=\"text\"><p>\u00c9ducatrice, sp\u00e9cialiste du commerce dans le domaine des m\u00e9dias imprim\u00e9s. Barbara Schu travaille depuis 2005 \u00e0 l&rsquo;EwB et organise des activit\u00e9s de p\u00e9dagogie des m\u00e9dias et de p\u00e9dagogie de la nature pour les enfants et les adultes ainsi que des formations continues pour le personnel \u00e9ducatif.<\/p>\n<\/div>\r\n\t\t\t<\/div>\r\n\r\n\r\n\t\t\r\n\t\t\t<div class=\"member\">\r\n\t\t\t\t<div class=\"rounded\"><img decoding=\"async\" width=\"1707\" height=\"2560\" src=\"https:\/\/ewb.lu\/wp-content\/uploads\/2023\/04\/Laure-Edit.jpg\" class=\"attachment-full size-full wp-post-image\" alt=\"Laure Simon\" srcset=\"https:\/\/ewb.lu\/wp-content\/uploads\/2023\/04\/Laure-Edit.jpg 1707w, https:\/\/ewb.lu\/wp-content\/uploads\/2023\/04\/Laure-Edit-200x300.jpg 200w, https:\/\/ewb.lu\/wp-content\/uploads\/2023\/04\/Laure-Edit-683x1024.jpg 683w, https:\/\/ewb.lu\/wp-content\/uploads\/2023\/04\/Laure-Edit-768x1152.jpg 768w, https:\/\/ewb.lu\/wp-content\/uploads\/2023\/04\/Laure-Edit-1024x1536.jpg 1024w, https:\/\/ewb.lu\/wp-content\/uploads\/2023\/04\/Laure-Edit-1366x2048.jpg 1366w, https:\/\/ewb.lu\/wp-content\/uploads\/2023\/04\/Laure-Edit-300x450.jpg 300w, https:\/\/ewb.lu\/wp-content\/uploads\/2023\/04\/Laure-Edit-600x900.jpg 600w\" sizes=\"(max-width: 1707px) 100vw, 1707px\" \/><\/div>\r\n\t\t\t\t<div><h3 class=\"theme-color\">Laure Simon<\/h3><\/div>\r\n\t\t\t\t<div class=\"position\"><h4>Coordinatrice du projet Oppe Kierchen<\/h4><\/div>\r\n\t\t\t\t<div class=\"text\"><p>Travaille \u00e0 l&rsquo;EwB depuis 2010 et coordonne le r\u00e9seau des \u00e9glises ouvertes ainsi que tous les autres \u00e9v\u00e9nements et formations pour adultes dans le domaine du patrimoine religieux.<\/p>\n<\/div>\r\n\t\t\t<\/div>\r\n\r\n\r\n\t\t\r\n\t\t\t<div class=\"member\">\r\n\t\t\t\t<div class=\"rounded\"><img decoding=\"async\" width=\"1707\" height=\"2560\" src=\"https:\/\/ewb.lu\/wp-content\/uploads\/2026\/04\/Willy.jpg\" class=\"attachment-full size-full wp-post-image\" alt=\"\" srcset=\"https:\/\/ewb.lu\/wp-content\/uploads\/2026\/04\/Willy.jpg 1707w, https:\/\/ewb.lu\/wp-content\/uploads\/2026\/04\/Willy-200x300.jpg 200w, https:\/\/ewb.lu\/wp-content\/uploads\/2026\/04\/Willy-683x1024.jpg 683w, https:\/\/ewb.lu\/wp-content\/uploads\/2026\/04\/Willy-768x1152.jpg 768w, https:\/\/ewb.lu\/wp-content\/uploads\/2026\/04\/Willy-1024x1536.jpg 1024w, https:\/\/ewb.lu\/wp-content\/uploads\/2026\/04\/Willy-1366x2048.jpg 1366w, https:\/\/ewb.lu\/wp-content\/uploads\/2026\/04\/Willy-300x450.jpg 300w, https:\/\/ewb.lu\/wp-content\/uploads\/2026\/04\/Willy-600x900.jpg 600w\" sizes=\"(max-width: 1707px) 100vw, 1707px\" \/><\/div>\r\n\t\t\t\t<div><h3 class=\"theme-color\">Willy<\/h3><\/div>\r\n\t\t\t\t<div class=\"position\"><h4>Chien de lecture<\/h4><\/div>\r\n\t\t\t\t<div class=\"text\"><p>D&rsquo;un chien errant au Portugal \u00e0 la coqueluche de l&rsquo;EwB : en 2024, Willy a obtenu son dipl\u00f4me de chien de lecture et se r\u00e9jouit depuis de rencontrer des lecteurs et lectrices motiv\u00e9s qui d\u00e9couvrent avec lui des histoires passionnantes. Sur rendez-vous, il est possible de r\u00e9server Willy pour des s\u00e9ances de lecture. Willy a un faible pour les friandises moelleuses et les morceaux de pomme.<\/p>\n<\/div>\r\n\t\t\t<\/div>\r\n\r\n\r\n\t\t\t<\/div>\r\n\r\n\t[\/vc_column][\/vc_row]<\/p>\n<\/section>","protected":false},"excerpt":{"rendered":"<p>[vc_row][vc_column][vc_empty_space height=\u00a0\u00bb90px\u00a0\u00bb][\/vc_column][\/vc_row][vc_row][vc_column][\/vc_column][\/vc_row]<\/p>\n","protected":false},"author":1,"featured_media":20867,"parent":1927,"menu_order":0,"comment_status":"closed","ping_status":"closed","template":"","meta":{"_acf_changed":false,"inline_featured_image":false,"footnotes":""},"class_list":["post-1935","page","type-page","status-publish","has-post-thumbnail","hentry"],"acf":[],"yoast_head":"<!-- This site is optimized with the Yoast SEO plugin v27.1.1 - https:\/\/yoast.com\/product\/yoast-seo-wordpress\/ -->\n<title>\u00c9quipe - EWB<\/title>\n<meta name=\"robots\" content=\"index, follow, max-snippet:-1, max-image-preview:large, max-video-preview:-1\" \/>\n<link rel=\"canonical\" href=\"https:\/\/ewb.lu\/fr\/a-propos\/equipe\/\" \/>\n<meta property=\"og:locale\" content=\"fr_FR\" \/>\n<meta property=\"og:type\" content=\"article\" \/>\n<meta property=\"og:title\" content=\"\u00c9quipe - EWB\" \/>\n<meta property=\"og:description\" content=\"[vc_row][vc_column][vc_empty_space height=\u00a0\u00bb90px\u00a0\u00bb][\/vc_column][\/vc_row][vc_row][vc_column][\/vc_column][\/vc_row]\" \/>\n<meta property=\"og:url\" content=\"https:\/\/ewb.lu\/fr\/a-propos\/equipe\/\" \/>\n<meta property=\"og:site_name\" content=\"EWB\" \/>\n<meta property=\"article:publisher\" content=\"https:\/\/www.facebook.com\/ErwuesseBild\/\" \/>\n<meta property=\"article:modified_time\" content=\"2023-04-07T09:32:32+00:00\" \/>\n<meta property=\"og:image\" content=\"https:\/\/ewb.lu\/wp-content\/uploads\/2023\/02\/320111_ewb_group_002-1-scaled.jpg\" \/>\n\t<meta property=\"og:image:width\" content=\"2560\" \/>\n\t<meta property=\"og:image:height\" content=\"1707\" \/>\n\t<meta property=\"og:image:type\" content=\"image\/jpeg\" \/>\n<meta name=\"twitter:card\" content=\"summary_large_image\" \/>\n<script type=\"application\/ld+json\" class=\"yoast-schema-graph\">{\"@context\":\"https:\/\/schema.org\",\"@graph\":[{\"@type\":\"WebPage\",\"@id\":\"https:\/\/ewb.lu\/fr\/a-propos\/equipe\/\",\"url\":\"https:\/\/ewb.lu\/fr\/a-propos\/equipe\/\",\"name\":\"\u00c9quipe - EWB\",\"isPartOf\":{\"@id\":\"https:\/\/ewb.lu\/fr\/#website\"},\"primaryImageOfPage\":{\"@id\":\"https:\/\/ewb.lu\/fr\/a-propos\/equipe\/#primaryimage\"},\"image\":{\"@id\":\"https:\/\/ewb.lu\/fr\/a-propos\/equipe\/#primaryimage\"},\"thumbnailUrl\":\"https:\/\/ewb.lu\/wp-content\/uploads\/2026\/04\/Team-04.jpg\",\"datePublished\":\"2022-09-13T09:51:44+00:00\",\"dateModified\":\"2023-04-07T09:32:32+00:00\",\"breadcrumb\":{\"@id\":\"https:\/\/ewb.lu\/fr\/a-propos\/equipe\/#breadcrumb\"},\"inLanguage\":\"fr-FR\",\"potentialAction\":[{\"@type\":\"ReadAction\",\"target\":[\"https:\/\/ewb.lu\/fr\/a-propos\/equipe\/\"]}]},{\"@type\":\"ImageObject\",\"inLanguage\":\"fr-FR\",\"@id\":\"https:\/\/ewb.lu\/fr\/a-propos\/equipe\/#primaryimage\",\"url\":\"https:\/\/ewb.lu\/wp-content\/uploads\/2026\/04\/Team-04.jpg\",\"contentUrl\":\"https:\/\/ewb.lu\/wp-content\/uploads\/2026\/04\/Team-04.jpg\",\"width\":2560,\"height\":1707,\"caption\":\"EwB Team\"},{\"@type\":\"BreadcrumbList\",\"@id\":\"https:\/\/ewb.lu\/fr\/a-propos\/equipe\/#breadcrumb\",\"itemListElement\":[{\"@type\":\"ListItem\",\"position\":1,\"name\":\"Startseite\",\"item\":\"https:\/\/ewb.lu\/fr\/\"},{\"@type\":\"ListItem\",\"position\":2,\"name\":\"\u00c0 propos\",\"item\":\"https:\/\/ewb.lu\/fr\/ueber-uns\/\"},{\"@type\":\"ListItem\",\"position\":3,\"name\":\"\u00c9quipe\"}]},{\"@type\":\"WebSite\",\"@id\":\"https:\/\/ewb.lu\/fr\/#website\",\"url\":\"https:\/\/ewb.lu\/fr\/\",\"name\":\"EwB ErwuesseBildung\",\"description\":\"ErwuesseBildung\",\"publisher\":{\"@id\":\"https:\/\/ewb.lu\/fr\/#organization\"},\"alternateName\":\"EWB\",\"potentialAction\":[{\"@type\":\"SearchAction\",\"target\":{\"@type\":\"EntryPoint\",\"urlTemplate\":\"https:\/\/ewb.lu\/fr\/?s={search_term_string}\"},\"query-input\":{\"@type\":\"PropertyValueSpecification\",\"valueRequired\":true,\"valueName\":\"search_term_string\"}}],\"inLanguage\":\"fr-FR\"},{\"@type\":\"Organization\",\"@id\":\"https:\/\/ewb.lu\/fr\/#organization\",\"name\":\"ErwuesseBildung Asbl\",\"alternateName\":\"EWB\",\"url\":\"https:\/\/ewb.lu\/fr\/\",\"logo\":{\"@type\":\"ImageObject\",\"inLanguage\":\"fr-FR\",\"@id\":\"https:\/\/ewb.lu\/fr\/#\/schema\/logo\/image\/\",\"url\":\"https:\/\/ewb.lu\/wp-content\/uploads\/2022\/11\/ewb-logo-header.svg\",\"contentUrl\":\"https:\/\/ewb.lu\/wp-content\/uploads\/2022\/11\/ewb-logo-header.svg\",\"width\":301,\"height\":38,\"caption\":\"ErwuesseBildung Asbl\"},\"image\":{\"@id\":\"https:\/\/ewb.lu\/fr\/#\/schema\/logo\/image\/\"},\"sameAs\":[\"https:\/\/www.facebook.com\/ErwuesseBild\/\",\"https:\/\/lu.linkedin.com\/company\/erwuessebildung---formation-dadultes\",\"https:\/\/www.instagram.com\/erwuessebildung_asbl\/\"]}]}<\/script>\n<!-- \/ Yoast SEO plugin. -->","yoast_head_json":{"title":"\u00c9quipe - EWB","robots":{"index":"index","follow":"follow","max-snippet":"max-snippet:-1","max-image-preview":"max-image-preview:large","max-video-preview":"max-video-preview:-1"},"canonical":"https:\/\/ewb.lu\/fr\/a-propos\/equipe\/","og_locale":"fr_FR","og_type":"article","og_title":"\u00c9quipe - EWB","og_description":"[vc_row][vc_column][vc_empty_space height=\u00a0\u00bb90px\u00a0\u00bb][\/vc_column][\/vc_row][vc_row][vc_column][\/vc_column][\/vc_row]","og_url":"https:\/\/ewb.lu\/fr\/a-propos\/equipe\/","og_site_name":"EWB","article_publisher":"https:\/\/www.facebook.com\/ErwuesseBild\/","article_modified_time":"2023-04-07T09:32:32+00:00","og_image":[{"width":2560,"height":1707,"url":"https:\/\/ewb.lu\/wp-content\/uploads\/2023\/02\/320111_ewb_group_002-1-scaled.jpg","type":"image\/jpeg"}],"twitter_card":"summary_large_image","schema":{"@context":"https:\/\/schema.org","@graph":[{"@type":"WebPage","@id":"https:\/\/ewb.lu\/fr\/a-propos\/equipe\/","url":"https:\/\/ewb.lu\/fr\/a-propos\/equipe\/","name":"\u00c9quipe - EWB","isPartOf":{"@id":"https:\/\/ewb.lu\/fr\/#website"},"primaryImageOfPage":{"@id":"https:\/\/ewb.lu\/fr\/a-propos\/equipe\/#primaryimage"},"image":{"@id":"https:\/\/ewb.lu\/fr\/a-propos\/equipe\/#primaryimage"},"thumbnailUrl":"https:\/\/ewb.lu\/wp-content\/uploads\/2026\/04\/Team-04.jpg","datePublished":"2022-09-13T09:51:44+00:00","dateModified":"2023-04-07T09:32:32+00:00","breadcrumb":{"@id":"https:\/\/ewb.lu\/fr\/a-propos\/equipe\/#breadcrumb"},"inLanguage":"fr-FR","potentialAction":[{"@type":"ReadAction","target":["https:\/\/ewb.lu\/fr\/a-propos\/equipe\/"]}]},{"@type":"ImageObject","inLanguage":"fr-FR","@id":"https:\/\/ewb.lu\/fr\/a-propos\/equipe\/#primaryimage","url":"https:\/\/ewb.lu\/wp-content\/uploads\/2026\/04\/Team-04.jpg","contentUrl":"https:\/\/ewb.lu\/wp-content\/uploads\/2026\/04\/Team-04.jpg","width":2560,"height":1707,"caption":"EwB Team"},{"@type":"BreadcrumbList","@id":"https:\/\/ewb.lu\/fr\/a-propos\/equipe\/#breadcrumb","itemListElement":[{"@type":"ListItem","position":1,"name":"Startseite","item":"https:\/\/ewb.lu\/fr\/"},{"@type":"ListItem","position":2,"name":"\u00c0 propos","item":"https:\/\/ewb.lu\/fr\/ueber-uns\/"},{"@type":"ListItem","position":3,"name":"\u00c9quipe"}]},{"@type":"WebSite","@id":"https:\/\/ewb.lu\/fr\/#website","url":"https:\/\/ewb.lu\/fr\/","name":"EwB ErwuesseBildung","description":"ErwuesseBildung","publisher":{"@id":"https:\/\/ewb.lu\/fr\/#organization"},"alternateName":"EWB","potentialAction":[{"@type":"SearchAction","target":{"@type":"EntryPoint","urlTemplate":"https:\/\/ewb.lu\/fr\/?s={search_term_string}"},"query-input":{"@type":"PropertyValueSpecification","valueRequired":true,"valueName":"search_term_string"}}],"inLanguage":"fr-FR"},{"@type":"Organization","@id":"https:\/\/ewb.lu\/fr\/#organization","name":"ErwuesseBildung Asbl","alternateName":"EWB","url":"https:\/\/ewb.lu\/fr\/","logo":{"@type":"ImageObject","inLanguage":"fr-FR","@id":"https:\/\/ewb.lu\/fr\/#\/schema\/logo\/image\/","url":"https:\/\/ewb.lu\/wp-content\/uploads\/2022\/11\/ewb-logo-header.svg","contentUrl":"https:\/\/ewb.lu\/wp-content\/uploads\/2022\/11\/ewb-logo-header.svg","width":301,"height":38,"caption":"ErwuesseBildung Asbl"},"image":{"@id":"https:\/\/ewb.lu\/fr\/#\/schema\/logo\/image\/"},"sameAs":["https:\/\/www.facebook.com\/ErwuesseBild\/","https:\/\/lu.linkedin.com\/company\/erwuessebildung---formation-dadultes","https:\/\/www.instagram.com\/erwuessebildung_asbl\/"]}]}},"_links":{"self":[{"href":"https:\/\/ewb.lu\/fr\/wp-json\/wp\/v2\/pages\/1935","targetHints":{"allow":["GET"]}}],"collection":[{"href":"https:\/\/ewb.lu\/fr\/wp-json\/wp\/v2\/pages"}],"about":[{"href":"https:\/\/ewb.lu\/fr\/wp-json\/wp\/v2\/types\/page"}],"author":[{"embeddable":true,"href":"https:\/\/ewb.lu\/fr\/wp-json\/wp\/v2\/users\/1"}],"replies":[{"embeddable":true,"href":"https:\/\/ewb.lu\/fr\/wp-json\/wp\/v2\/comments?post=1935"}],"version-history":[{"count":25,"href":"https:\/\/ewb.lu\/fr\/wp-json\/wp\/v2\/pages\/1935\/revisions"}],"predecessor-version":[{"id":2923,"href":"https:\/\/ewb.lu\/fr\/wp-json\/wp\/v2\/pages\/1935\/revisions\/2923"}],"up":[{"embeddable":true,"href":"https:\/\/ewb.lu\/fr\/wp-json\/wp\/v2\/pages\/1927"}],"wp:featuredmedia":[{"embeddable":true,"href":"https:\/\/ewb.lu\/fr\/wp-json\/wp\/v2\/media\/20867"}],"wp:attachment":[{"href":"https:\/\/ewb.lu\/fr\/wp-json\/wp\/v2\/media?parent=1935"}],"curies":[{"name":"wp","href":"https:\/\/api.w.org\/{rel}","templated":true}]}}