{"id":1943,"date":"2022-11-08T16:47:18","date_gmt":"2022-11-08T15:47:18","guid":{"rendered":"https:\/\/ewb.cuco.dev\/a-propos\/conseil-dadministration\/"},"modified":"2025-11-19T12:53:57","modified_gmt":"2025-11-19T11:53:57","slug":"conseil-dadministration","status":"publish","type":"page","link":"https:\/\/ewb.lu\/fr\/a-propos\/conseil-dadministration\/","title":{"rendered":"Conseil d&rsquo;administration"},"content":{"rendered":"<section class=\"wpb-content-wrapper\"><p>[vc_row css=\u00a0\u00bb.vc_custom_1670507807572{padding-top: 3% !important;}\u00a0\u00bb][vc_column width=\u00a0\u00bb2\/3&Prime;][vc_column_text]Le conseil d&rsquo;administration de l&rsquo;EwB a pour mission de d\u00e9lib\u00e9rer et de prendre des d\u00e9cisions sur les questions importantes. Il se compose des membres suivants :[\/vc_column_text][\/vc_column][vc_column width=\u00a0\u00bb1\/3&Prime; offset=\u00a0\u00bbvc_hidden-md vc_hidden-sm vc_hidden-xs\u00a0\u00bb][vc_single_image image=\u00a0\u00bb591&Prime; img_size=\u00a0\u00bbfull\u00a0\u00bb el_class=\u00a0\u00bbrounded\u00a0\u00bb css=\u00a0\u00bb.vc_custom_1670948296634{margin-top: -150px !important;}\u00a0\u00bb][\/vc_column][\/vc_row][vc_row][vc_column][vc_column_text]<\/p>\n<p class=\"p1\"><span style=\"color: #72005f;\"><strong>Pit P\u00e9port\u00e9<\/strong><\/span>, Pr\u00e9sident<\/p>\n<p class=\"p1\"><span style=\"color: #72005f;\"><strong>Frank Schaack<\/strong><\/span>, Vice-pr\u00e9sident<\/p>\n<p class=\"p1\"><span style=\"color: #72005f;\"><strong>Charles Bailleux<\/strong><\/span>, Secr\u00e9taire<\/p>\n<p class=\"p1\"><span style=\"color: #72005f;\"><strong>Roger Molitor<\/strong><\/span>, Tr\u00e9sorier<\/p>\n<p class=\"p1\"><span style=\"color: #72005f;\"><strong>Tom Alesch<\/strong><\/span>, Membre<\/p>\n<p class=\"p1\"><span style=\"color: #72005f;\"><strong>Pit Bouch\u00e9<\/strong><\/span>, Membre<\/p>\n<p class=\"p1\"><span style=\"color: #72005f;\"><strong>Christine Dahm-Mathonet<\/strong><\/span>, Membre<\/p>\n<p class=\"p1\"><span style=\"color: #72005f;\"><strong>Paul Galles<\/strong><\/span>, Membre<\/p>\n<p class=\"p1\"><span style=\"color: #72005f;\"><strong>Louise Kelly<\/strong><\/span>, Membre<\/p>\n<p><span style=\"color: #72005f;\"><strong>Alice Risch<\/strong><\/span>, Membre<\/p>\n<p><span style=\"color: #72005f;\"><strong>Tamara Franck<\/strong><\/span>, Membre<\/p>\n<p><span style=\"color: #72005f;\"><strong>Carole Dieschbourg<\/strong><\/span>, Membre<\/p>\n<p>[\/vc_column_text][\/vc_column][\/vc_row]<\/p>\n<\/section>","protected":false},"excerpt":{"rendered":"<p>[vc_row css=\u00a0\u00bb.vc_custom_1670507807572{padding-top: 3% !important;}\u00a0\u00bb][vc_column width=\u00a0\u00bb2\/3&Prime;][vc_column_text]Le conseil d&rsquo;administration de l&rsquo;EwB a pour mission de d\u00e9lib\u00e9rer et de prendre des d\u00e9cisions sur les questions importantes. Il se compose des membres suivants :[\/vc_column_text][\/vc_column][vc_column width=\u00a0\u00bb1\/3&Prime; offset=\u00a0\u00bbvc_hidden-md vc_hidden-sm vc_hidden-xs\u00a0\u00bb][vc_single_image image=\u00a0\u00bb591&Prime; img_size=\u00a0\u00bbfull\u00a0\u00bb el_class=\u00a0\u00bbrounded\u00a0\u00bb css=\u00a0\u00bb.vc_custom_1670948296634{margin-top: -150px !important;}\u00a0\u00bb][\/vc_column][\/vc_row][vc_row][vc_column][vc_column_text] Pit P\u00e9port\u00e9, Pr\u00e9sident Frank Schaack, Vice-pr\u00e9sident Charles Bailleux, Secr\u00e9taire Roger Molitor, Tr\u00e9sorier Tom Alesch, Membre [&hellip;]<\/p>\n","protected":false},"author":1,"featured_media":591,"parent":1927,"menu_order":0,"comment_status":"closed","ping_status":"closed","template":"","meta":{"_acf_changed":false,"inline_featured_image":false,"footnotes":""},"class_list":["post-1943","page","type-page","status-publish","has-post-thumbnail","hentry"],"acf":[],"yoast_head":"<!-- This site is optimized with the Yoast SEO plugin v27.1.1 - https:\/\/yoast.com\/product\/yoast-seo-wordpress\/ -->\n<title>Conseil d&#039;administration - EWB<\/title>\n<meta name=\"robots\" content=\"index, follow, max-snippet:-1, max-image-preview:large, max-video-preview:-1\" \/>\n<link rel=\"canonical\" href=\"https:\/\/ewb.lu\/fr\/a-propos\/conseil-dadministration\/\" \/>\n<meta property=\"og:locale\" content=\"fr_FR\" \/>\n<meta property=\"og:type\" content=\"article\" \/>\n<meta property=\"og:title\" content=\"Conseil d&#039;administration - EWB\" \/>\n<meta property=\"og:description\" content=\"[vc_row css=\u00a0\u00bb.vc_custom_1670507807572{padding-top: 3% !important;}\u00a0\u00bb][vc_column width=\u00a0\u00bb2\/3&Prime;][vc_column_text]Le conseil d&rsquo;administration de l&rsquo;EwB a pour mission de d\u00e9lib\u00e9rer et de prendre des d\u00e9cisions sur les questions importantes. Il se compose des membres suivants :[\/vc_column_text][\/vc_column][vc_column width=\u00a0\u00bb1\/3&Prime; offset=\u00a0\u00bbvc_hidden-md vc_hidden-sm vc_hidden-xs\u00a0\u00bb][vc_single_image image=\u00a0\u00bb591&Prime; img_size=\u00a0\u00bbfull\u00a0\u00bb el_class=\u00a0\u00bbrounded\u00a0\u00bb css=\u00a0\u00bb.vc_custom_1670948296634{margin-top: -150px !important;}\u00a0\u00bb][\/vc_column][\/vc_row][vc_row][vc_column][vc_column_text] Pit P\u00e9port\u00e9, Pr\u00e9sident Frank Schaack, Vice-pr\u00e9sident Charles Bailleux, Secr\u00e9taire Roger Molitor, Tr\u00e9sorier Tom Alesch, Membre [&hellip;]\" \/>\n<meta property=\"og:url\" content=\"https:\/\/ewb.lu\/fr\/a-propos\/conseil-dadministration\/\" \/>\n<meta property=\"og:site_name\" content=\"EWB\" \/>\n<meta property=\"article:publisher\" content=\"https:\/\/www.facebook.com\/ErwuesseBild\/\" \/>\n<meta property=\"article:modified_time\" content=\"2025-11-19T11:53:57+00:00\" \/>\n<meta property=\"og:image\" content=\"https:\/\/ewb.lu\/wp-content\/uploads\/2022\/12\/ewb-verwaltungsrat.jpg\" \/>\n\t<meta property=\"og:image:width\" content=\"1476\" \/>\n\t<meta property=\"og:image:height\" content=\"826\" \/>\n\t<meta property=\"og:image:type\" content=\"image\/jpeg\" \/>\n<meta name=\"twitter:card\" content=\"summary_large_image\" \/>\n<meta name=\"twitter:label1\" content=\"Dur\u00e9e de lecture estim\u00e9e\" \/>\n\t<meta name=\"twitter:data1\" content=\"1 minute\" \/>\n<script type=\"application\/ld+json\" class=\"yoast-schema-graph\">{\"@context\":\"https:\/\/schema.org\",\"@graph\":[{\"@type\":\"WebPage\",\"@id\":\"https:\/\/ewb.lu\/fr\/a-propos\/conseil-dadministration\/\",\"url\":\"https:\/\/ewb.lu\/fr\/a-propos\/conseil-dadministration\/\",\"name\":\"Conseil d'administration - EWB\",\"isPartOf\":{\"@id\":\"https:\/\/ewb.lu\/fr\/#website\"},\"primaryImageOfPage\":{\"@id\":\"https:\/\/ewb.lu\/fr\/a-propos\/conseil-dadministration\/#primaryimage\"},\"image\":{\"@id\":\"https:\/\/ewb.lu\/fr\/a-propos\/conseil-dadministration\/#primaryimage\"},\"thumbnailUrl\":\"https:\/\/ewb.lu\/wp-content\/uploads\/2022\/12\/ewb-verwaltungsrat.jpg\",\"datePublished\":\"2022-11-08T15:47:18+00:00\",\"dateModified\":\"2025-11-19T11:53:57+00:00\",\"breadcrumb\":{\"@id\":\"https:\/\/ewb.lu\/fr\/a-propos\/conseil-dadministration\/#breadcrumb\"},\"inLanguage\":\"fr-FR\",\"potentialAction\":[{\"@type\":\"ReadAction\",\"target\":[\"https:\/\/ewb.lu\/fr\/a-propos\/conseil-dadministration\/\"]}]},{\"@type\":\"ImageObject\",\"inLanguage\":\"fr-FR\",\"@id\":\"https:\/\/ewb.lu\/fr\/a-propos\/conseil-dadministration\/#primaryimage\",\"url\":\"https:\/\/ewb.lu\/wp-content\/uploads\/2022\/12\/ewb-verwaltungsrat.jpg\",\"contentUrl\":\"https:\/\/ewb.lu\/wp-content\/uploads\/2022\/12\/ewb-verwaltungsrat.jpg\",\"width\":1476,\"height\":826},{\"@type\":\"BreadcrumbList\",\"@id\":\"https:\/\/ewb.lu\/fr\/a-propos\/conseil-dadministration\/#breadcrumb\",\"itemListElement\":[{\"@type\":\"ListItem\",\"position\":1,\"name\":\"Startseite\",\"item\":\"https:\/\/ewb.lu\/fr\/\"},{\"@type\":\"ListItem\",\"position\":2,\"name\":\"\u00c0 propos\",\"item\":\"https:\/\/ewb.lu\/fr\/ueber-uns\/\"},{\"@type\":\"ListItem\",\"position\":3,\"name\":\"Conseil d&rsquo;administration\"}]},{\"@type\":\"WebSite\",\"@id\":\"https:\/\/ewb.lu\/fr\/#website\",\"url\":\"https:\/\/ewb.lu\/fr\/\",\"name\":\"EwB ErwuesseBildung\",\"description\":\"ErwuesseBildung\",\"publisher\":{\"@id\":\"https:\/\/ewb.lu\/fr\/#organization\"},\"alternateName\":\"EWB\",\"potentialAction\":[{\"@type\":\"SearchAction\",\"target\":{\"@type\":\"EntryPoint\",\"urlTemplate\":\"https:\/\/ewb.lu\/fr\/?s={search_term_string}\"},\"query-input\":{\"@type\":\"PropertyValueSpecification\",\"valueRequired\":true,\"valueName\":\"search_term_string\"}}],\"inLanguage\":\"fr-FR\"},{\"@type\":\"Organization\",\"@id\":\"https:\/\/ewb.lu\/fr\/#organization\",\"name\":\"ErwuesseBildung Asbl\",\"alternateName\":\"EWB\",\"url\":\"https:\/\/ewb.lu\/fr\/\",\"logo\":{\"@type\":\"ImageObject\",\"inLanguage\":\"fr-FR\",\"@id\":\"https:\/\/ewb.lu\/fr\/#\/schema\/logo\/image\/\",\"url\":\"https:\/\/ewb.lu\/wp-content\/uploads\/2022\/11\/ewb-logo-header.svg\",\"contentUrl\":\"https:\/\/ewb.lu\/wp-content\/uploads\/2022\/11\/ewb-logo-header.svg\",\"width\":301,\"height\":38,\"caption\":\"ErwuesseBildung Asbl\"},\"image\":{\"@id\":\"https:\/\/ewb.lu\/fr\/#\/schema\/logo\/image\/\"},\"sameAs\":[\"https:\/\/www.facebook.com\/ErwuesseBild\/\",\"https:\/\/lu.linkedin.com\/company\/erwuessebildung---formation-dadultes\",\"https:\/\/www.instagram.com\/erwuessebildung_asbl\/\"]}]}<\/script>\n<!-- \/ Yoast SEO plugin. -->","yoast_head_json":{"title":"Conseil d'administration - EWB","robots":{"index":"index","follow":"follow","max-snippet":"max-snippet:-1","max-image-preview":"max-image-preview:large","max-video-preview":"max-video-preview:-1"},"canonical":"https:\/\/ewb.lu\/fr\/a-propos\/conseil-dadministration\/","og_locale":"fr_FR","og_type":"article","og_title":"Conseil d'administration - EWB","og_description":"[vc_row css=\u00a0\u00bb.vc_custom_1670507807572{padding-top: 3% !important;}\u00a0\u00bb][vc_column width=\u00a0\u00bb2\/3&Prime;][vc_column_text]Le conseil d&rsquo;administration de l&rsquo;EwB a pour mission de d\u00e9lib\u00e9rer et de prendre des d\u00e9cisions sur les questions importantes. Il se compose des membres suivants :[\/vc_column_text][\/vc_column][vc_column width=\u00a0\u00bb1\/3&Prime; offset=\u00a0\u00bbvc_hidden-md vc_hidden-sm vc_hidden-xs\u00a0\u00bb][vc_single_image image=\u00a0\u00bb591&Prime; img_size=\u00a0\u00bbfull\u00a0\u00bb el_class=\u00a0\u00bbrounded\u00a0\u00bb css=\u00a0\u00bb.vc_custom_1670948296634{margin-top: -150px !important;}\u00a0\u00bb][\/vc_column][\/vc_row][vc_row][vc_column][vc_column_text] Pit P\u00e9port\u00e9, Pr\u00e9sident Frank Schaack, Vice-pr\u00e9sident Charles Bailleux, Secr\u00e9taire Roger Molitor, Tr\u00e9sorier Tom Alesch, Membre [&hellip;]","og_url":"https:\/\/ewb.lu\/fr\/a-propos\/conseil-dadministration\/","og_site_name":"EWB","article_publisher":"https:\/\/www.facebook.com\/ErwuesseBild\/","article_modified_time":"2025-11-19T11:53:57+00:00","og_image":[{"width":1476,"height":826,"url":"https:\/\/ewb.lu\/wp-content\/uploads\/2022\/12\/ewb-verwaltungsrat.jpg","type":"image\/jpeg"}],"twitter_card":"summary_large_image","twitter_misc":{"Dur\u00e9e de lecture estim\u00e9e":"1 minute"},"schema":{"@context":"https:\/\/schema.org","@graph":[{"@type":"WebPage","@id":"https:\/\/ewb.lu\/fr\/a-propos\/conseil-dadministration\/","url":"https:\/\/ewb.lu\/fr\/a-propos\/conseil-dadministration\/","name":"Conseil d'administration - EWB","isPartOf":{"@id":"https:\/\/ewb.lu\/fr\/#website"},"primaryImageOfPage":{"@id":"https:\/\/ewb.lu\/fr\/a-propos\/conseil-dadministration\/#primaryimage"},"image":{"@id":"https:\/\/ewb.lu\/fr\/a-propos\/conseil-dadministration\/#primaryimage"},"thumbnailUrl":"https:\/\/ewb.lu\/wp-content\/uploads\/2022\/12\/ewb-verwaltungsrat.jpg","datePublished":"2022-11-08T15:47:18+00:00","dateModified":"2025-11-19T11:53:57+00:00","breadcrumb":{"@id":"https:\/\/ewb.lu\/fr\/a-propos\/conseil-dadministration\/#breadcrumb"},"inLanguage":"fr-FR","potentialAction":[{"@type":"ReadAction","target":["https:\/\/ewb.lu\/fr\/a-propos\/conseil-dadministration\/"]}]},{"@type":"ImageObject","inLanguage":"fr-FR","@id":"https:\/\/ewb.lu\/fr\/a-propos\/conseil-dadministration\/#primaryimage","url":"https:\/\/ewb.lu\/wp-content\/uploads\/2022\/12\/ewb-verwaltungsrat.jpg","contentUrl":"https:\/\/ewb.lu\/wp-content\/uploads\/2022\/12\/ewb-verwaltungsrat.jpg","width":1476,"height":826},{"@type":"BreadcrumbList","@id":"https:\/\/ewb.lu\/fr\/a-propos\/conseil-dadministration\/#breadcrumb","itemListElement":[{"@type":"ListItem","position":1,"name":"Startseite","item":"https:\/\/ewb.lu\/fr\/"},{"@type":"ListItem","position":2,"name":"\u00c0 propos","item":"https:\/\/ewb.lu\/fr\/ueber-uns\/"},{"@type":"ListItem","position":3,"name":"Conseil d&rsquo;administration"}]},{"@type":"WebSite","@id":"https:\/\/ewb.lu\/fr\/#website","url":"https:\/\/ewb.lu\/fr\/","name":"EwB ErwuesseBildung","description":"ErwuesseBildung","publisher":{"@id":"https:\/\/ewb.lu\/fr\/#organization"},"alternateName":"EWB","potentialAction":[{"@type":"SearchAction","target":{"@type":"EntryPoint","urlTemplate":"https:\/\/ewb.lu\/fr\/?s={search_term_string}"},"query-input":{"@type":"PropertyValueSpecification","valueRequired":true,"valueName":"search_term_string"}}],"inLanguage":"fr-FR"},{"@type":"Organization","@id":"https:\/\/ewb.lu\/fr\/#organization","name":"ErwuesseBildung Asbl","alternateName":"EWB","url":"https:\/\/ewb.lu\/fr\/","logo":{"@type":"ImageObject","inLanguage":"fr-FR","@id":"https:\/\/ewb.lu\/fr\/#\/schema\/logo\/image\/","url":"https:\/\/ewb.lu\/wp-content\/uploads\/2022\/11\/ewb-logo-header.svg","contentUrl":"https:\/\/ewb.lu\/wp-content\/uploads\/2022\/11\/ewb-logo-header.svg","width":301,"height":38,"caption":"ErwuesseBildung Asbl"},"image":{"@id":"https:\/\/ewb.lu\/fr\/#\/schema\/logo\/image\/"},"sameAs":["https:\/\/www.facebook.com\/ErwuesseBild\/","https:\/\/lu.linkedin.com\/company\/erwuessebildung---formation-dadultes","https:\/\/www.instagram.com\/erwuessebildung_asbl\/"]}]}},"_links":{"self":[{"href":"https:\/\/ewb.lu\/fr\/wp-json\/wp\/v2\/pages\/1943","targetHints":{"allow":["GET"]}}],"collection":[{"href":"https:\/\/ewb.lu\/fr\/wp-json\/wp\/v2\/pages"}],"about":[{"href":"https:\/\/ewb.lu\/fr\/wp-json\/wp\/v2\/types\/page"}],"author":[{"embeddable":true,"href":"https:\/\/ewb.lu\/fr\/wp-json\/wp\/v2\/users\/1"}],"replies":[{"embeddable":true,"href":"https:\/\/ewb.lu\/fr\/wp-json\/wp\/v2\/comments?post=1943"}],"version-history":[{"count":14,"href":"https:\/\/ewb.lu\/fr\/wp-json\/wp\/v2\/pages\/1943\/revisions"}],"predecessor-version":[{"id":18206,"href":"https:\/\/ewb.lu\/fr\/wp-json\/wp\/v2\/pages\/1943\/revisions\/18206"}],"up":[{"embeddable":true,"href":"https:\/\/ewb.lu\/fr\/wp-json\/wp\/v2\/pages\/1927"}],"wp:featuredmedia":[{"embeddable":true,"href":"https:\/\/ewb.lu\/fr\/wp-json\/wp\/v2\/media\/591"}],"wp:attachment":[{"href":"https:\/\/ewb.lu\/fr\/wp-json\/wp\/v2\/media?parent=1943"}],"curies":[{"name":"wp","href":"https:\/\/api.w.org\/{rel}","templated":true}]}}