{"id":1954,"date":"2022-12-14T17:04:26","date_gmt":"2022-12-14T16:04:26","guid":{"rendered":"https:\/\/ewb.cuco.dev\/benevolat\/"},"modified":"2023-04-03T09:51:58","modified_gmt":"2023-04-03T08:51:58","slug":"benevolat","status":"publish","type":"page","link":"https:\/\/ewb.lu\/fr\/benevolat\/","title":{"rendered":"B\u00e9n\u00e9volat"},"content":{"rendered":"<section class=\"wpb-content-wrapper\"><p>[vc_row gap=\u00a0\u00bb35&Prime; css=\u00a0\u00bb.vc_custom_1671035497559{padding-top: 3% !important;}\u00a0\u00bb][vc_column width=\u00a0\u00bb1\/2&Prime;][vc_column_text]<\/p>\n<p class=\"p1\">Vous souhaitez faire du b\u00e9n\u00e9volat ? Mettre votre talent et vos connaissances professionnelles au service d&rsquo;une organisation \u00e0 but non lucratif ? Alors vous \u00eates \u00e0 la bonne adresse.<span class=\"Apple-converted-space\"> <\/span><\/p>\n<p class=\"p1\">L&rsquo;ErwuesseBildung asbl offre diff\u00e9rentes possibilit\u00e9s de s&rsquo;engager b\u00e9n\u00e9volement. Vous \u00eates les bienvenus pour nous aider dans nos activit\u00e9s :<span class=\"Apple-converted-space\"> <\/span><\/p>\n<p class=\"p1\">Souhaitez-vous aider nos collaborateurs lors de nos rencontres du samedi pour les enfants de 4 \u00e0 8 ans ? Avez-vous envie de participer \u00e0 l&rsquo;un de nos nombreux groupes de travail ? Le patrimoine religieux vous tient \u00e0 c\u0153ur ou vous vous y connaissez en informatique et souhaitez aider nos formateurs i-Stuff dans leurs activit\u00e9s ? Ou avez-vous une autre activit\u00e9 b\u00e9n\u00e9vole en t\u00eate ? N&rsquo;h\u00e9sitez pas \u00e0 nous contacter.<\/p>\n<p>[\/vc_column_text][vc_row_inner equal_height=\u00a0\u00bbyes\u00a0\u00bb content_placement=\u00a0\u00bbmiddle\u00a0\u00bb][vc_column_inner]\t\t<div class=\"outer-button \">\r\n\t\t\t<a class=\"coolBeans \" href=\"mai&#108;&#116;&#111;&#x3a;&#x69;&#x6e;&#x66;&#x6f;&#x40;ewb&#46;&#108;&#117;\"\r\n\t\t\t   target=\"\">\r\n\t\t\t\t&#105;n&#x66;o&#x40;e&#x77;&#98;&#x2e;&#108;&#x75;<\/a>\r\n\t\t<\/div>\r\n\t\t[vc_column_text css=\u00a0\u00bb.vc_custom_1671035399357{padding-top: 10px !important;}\u00a0\u00bb]ou[\/vc_column_text][vc_column_text css=\u00a0\u00bb.vc_custom_1671035365463{margin-top: 0px !important;padding-top: 0px !important;}\u00a0\u00bb]<\/p>\n<h2>T\u00e9l. 44743340<\/h2>\n<p>[\/vc_column_text][\/vc_column_inner][\/vc_row_inner][vc_column_text]L&rsquo;EwB est \u00e9galement ouverte aux \u00e9l\u00e8ves et \u00e9tudiants int\u00e9ress\u00e9s par une exp\u00e9rience pratique. Il est possible d&rsquo;effectuer des stages de plusieurs semaines ou de plusieurs mois dans le domaine de l&rsquo;administration, de la communication, de l&rsquo;i-Stuff et\/ou dans un autre de nos domaines d&rsquo;activit\u00e9. Envoyez-nous votre dossier de candidature par e-mail avec lettre de motivation, CV et certificats \u00e0&#8230;[\/vc_column_text]\t\t<div class=\"outer-button \">\r\n\t\t\t<a class=\"coolBeans \" href=\"&#x6d;a&#x69;&#108;&#x74;&#111;:&#x69;&#110;&#x66;&#111;&#64;&#x65;&#119;&#x62;&#46;l&#x75;\"\r\n\t\t\t   target=\"\">\r\n\t\t\t\ti&#110;&#102;&#x6f;&#x40;&#x65;&#x77;b&#46;&#108;&#117;<\/a>\r\n\t\t<\/div>\r\n\t\t[\/vc_column][vc_column width=\u00a0\u00bb1\/2&Prime;][vc_single_image image=\u00a0\u00bb991&Prime; img_size=\u00a0\u00bbfull\u00a0\u00bb el_class=\u00a0\u00bbrounded\u00a0\u00bb css=\u00a0\u00bb.vc_custom_1671035072931{margin-top: -150px !important;}\u00a0\u00bb][\/vc_column][\/vc_row][vc_row][vc_column][vc_empty_space height=\u00a0\u00bb90px\u00a0\u00bb][\/vc_column][\/vc_row]<\/p>\n<\/section>","protected":false},"excerpt":{"rendered":"<p>[vc_row gap=\u00a0\u00bb35&Prime; css=\u00a0\u00bb.vc_custom_1671035497559{padding-top: 3% !important;}\u00a0\u00bb][vc_column width=\u00a0\u00bb1\/2&Prime;][vc_column_text] Vous souhaitez faire du b\u00e9n\u00e9volat ? Mettre votre talent et vos connaissances professionnelles au service d&rsquo;une organisation \u00e0 but non lucratif ? Alors vous \u00eates \u00e0 la bonne adresse. L&rsquo;ErwuesseBildung asbl offre diff\u00e9rentes possibilit\u00e9s de s&rsquo;engager b\u00e9n\u00e9volement. Vous \u00eates les bienvenus pour nous aider dans nos activit\u00e9s : Souhaitez-vous [&hellip;]<\/p>\n","protected":false},"author":1,"featured_media":0,"parent":0,"menu_order":0,"comment_status":"closed","ping_status":"closed","template":"","meta":{"_acf_changed":false,"inline_featured_image":false,"footnotes":""},"class_list":["post-1954","page","type-page","status-publish","hentry"],"acf":[],"yoast_head":"<!-- This site is optimized with the Yoast SEO plugin v27.1.1 - https:\/\/yoast.com\/product\/yoast-seo-wordpress\/ -->\n<title>B\u00e9n\u00e9volat - EWB<\/title>\n<meta name=\"robots\" content=\"index, follow, max-snippet:-1, max-image-preview:large, max-video-preview:-1\" \/>\n<link rel=\"canonical\" href=\"https:\/\/ewb.lu\/fr\/benevolat\/\" \/>\n<meta property=\"og:locale\" content=\"fr_FR\" \/>\n<meta property=\"og:type\" content=\"article\" \/>\n<meta property=\"og:title\" content=\"B\u00e9n\u00e9volat - EWB\" \/>\n<meta property=\"og:description\" content=\"[vc_row gap=\u00a0\u00bb35&Prime; css=\u00a0\u00bb.vc_custom_1671035497559{padding-top: 3% !important;}\u00a0\u00bb][vc_column width=\u00a0\u00bb1\/2&Prime;][vc_column_text] Vous souhaitez faire du b\u00e9n\u00e9volat ? Mettre votre talent et vos connaissances professionnelles au service d&rsquo;une organisation \u00e0 but non lucratif ? Alors vous \u00eates \u00e0 la bonne adresse. L&rsquo;ErwuesseBildung asbl offre diff\u00e9rentes possibilit\u00e9s de s&rsquo;engager b\u00e9n\u00e9volement. Vous \u00eates les bienvenus pour nous aider dans nos activit\u00e9s : Souhaitez-vous [&hellip;]\" \/>\n<meta property=\"og:url\" content=\"https:\/\/ewb.lu\/fr\/benevolat\/\" \/>\n<meta property=\"og:site_name\" content=\"EWB\" \/>\n<meta property=\"article:publisher\" content=\"https:\/\/www.facebook.com\/ErwuesseBild\/\" \/>\n<meta property=\"article:modified_time\" content=\"2023-04-03T08:51:58+00:00\" \/>\n<meta property=\"og:image\" content=\"https:\/\/ewb.lu\/wp-content\/uploads\/2022\/09\/logo.png\" \/>\n\t<meta property=\"og:image:width\" content=\"269\" \/>\n\t<meta property=\"og:image:height\" content=\"81\" \/>\n\t<meta property=\"og:image:type\" content=\"image\/png\" \/>\n<meta name=\"twitter:card\" content=\"summary_large_image\" \/>\n<meta name=\"twitter:label1\" content=\"Dur\u00e9e de lecture estim\u00e9e\" \/>\n\t<meta name=\"twitter:data1\" content=\"2 minutes\" \/>\n<script type=\"application\/ld+json\" class=\"yoast-schema-graph\">{\"@context\":\"https:\/\/schema.org\",\"@graph\":[{\"@type\":\"WebPage\",\"@id\":\"https:\/\/ewb.lu\/fr\/benevolat\/\",\"url\":\"https:\/\/ewb.lu\/fr\/benevolat\/\",\"name\":\"B\u00e9n\u00e9volat - EWB\",\"isPartOf\":{\"@id\":\"https:\/\/ewb.lu\/fr\/#website\"},\"datePublished\":\"2022-12-14T16:04:26+00:00\",\"dateModified\":\"2023-04-03T08:51:58+00:00\",\"breadcrumb\":{\"@id\":\"https:\/\/ewb.lu\/fr\/benevolat\/#breadcrumb\"},\"inLanguage\":\"fr-FR\",\"potentialAction\":[{\"@type\":\"ReadAction\",\"target\":[\"https:\/\/ewb.lu\/fr\/benevolat\/\"]}]},{\"@type\":\"BreadcrumbList\",\"@id\":\"https:\/\/ewb.lu\/fr\/benevolat\/#breadcrumb\",\"itemListElement\":[{\"@type\":\"ListItem\",\"position\":1,\"name\":\"Startseite\",\"item\":\"https:\/\/ewb.lu\/fr\/\"},{\"@type\":\"ListItem\",\"position\":2,\"name\":\"B\u00e9n\u00e9volat\"}]},{\"@type\":\"WebSite\",\"@id\":\"https:\/\/ewb.lu\/fr\/#website\",\"url\":\"https:\/\/ewb.lu\/fr\/\",\"name\":\"EwB ErwuesseBildung\",\"description\":\"ErwuesseBildung\",\"publisher\":{\"@id\":\"https:\/\/ewb.lu\/fr\/#organization\"},\"alternateName\":\"EWB\",\"potentialAction\":[{\"@type\":\"SearchAction\",\"target\":{\"@type\":\"EntryPoint\",\"urlTemplate\":\"https:\/\/ewb.lu\/fr\/?s={search_term_string}\"},\"query-input\":{\"@type\":\"PropertyValueSpecification\",\"valueRequired\":true,\"valueName\":\"search_term_string\"}}],\"inLanguage\":\"fr-FR\"},{\"@type\":\"Organization\",\"@id\":\"https:\/\/ewb.lu\/fr\/#organization\",\"name\":\"ErwuesseBildung Asbl\",\"alternateName\":\"EWB\",\"url\":\"https:\/\/ewb.lu\/fr\/\",\"logo\":{\"@type\":\"ImageObject\",\"inLanguage\":\"fr-FR\",\"@id\":\"https:\/\/ewb.lu\/fr\/#\/schema\/logo\/image\/\",\"url\":\"https:\/\/ewb.lu\/wp-content\/uploads\/2022\/11\/ewb-logo-header.svg\",\"contentUrl\":\"https:\/\/ewb.lu\/wp-content\/uploads\/2022\/11\/ewb-logo-header.svg\",\"width\":301,\"height\":38,\"caption\":\"ErwuesseBildung Asbl\"},\"image\":{\"@id\":\"https:\/\/ewb.lu\/fr\/#\/schema\/logo\/image\/\"},\"sameAs\":[\"https:\/\/www.facebook.com\/ErwuesseBild\/\",\"https:\/\/lu.linkedin.com\/company\/erwuessebildung---formation-dadultes\",\"https:\/\/www.instagram.com\/erwuessebildung_asbl\/\"]}]}<\/script>\n<!-- \/ Yoast SEO plugin. -->","yoast_head_json":{"title":"B\u00e9n\u00e9volat - EWB","robots":{"index":"index","follow":"follow","max-snippet":"max-snippet:-1","max-image-preview":"max-image-preview:large","max-video-preview":"max-video-preview:-1"},"canonical":"https:\/\/ewb.lu\/fr\/benevolat\/","og_locale":"fr_FR","og_type":"article","og_title":"B\u00e9n\u00e9volat - EWB","og_description":"[vc_row gap=\u00a0\u00bb35&Prime; css=\u00a0\u00bb.vc_custom_1671035497559{padding-top: 3% !important;}\u00a0\u00bb][vc_column width=\u00a0\u00bb1\/2&Prime;][vc_column_text] Vous souhaitez faire du b\u00e9n\u00e9volat ? Mettre votre talent et vos connaissances professionnelles au service d&rsquo;une organisation \u00e0 but non lucratif ? Alors vous \u00eates \u00e0 la bonne adresse. L&rsquo;ErwuesseBildung asbl offre diff\u00e9rentes possibilit\u00e9s de s&rsquo;engager b\u00e9n\u00e9volement. Vous \u00eates les bienvenus pour nous aider dans nos activit\u00e9s : Souhaitez-vous [&hellip;]","og_url":"https:\/\/ewb.lu\/fr\/benevolat\/","og_site_name":"EWB","article_publisher":"https:\/\/www.facebook.com\/ErwuesseBild\/","article_modified_time":"2023-04-03T08:51:58+00:00","og_image":[{"width":269,"height":81,"url":"https:\/\/ewb.lu\/wp-content\/uploads\/2022\/09\/logo.png","type":"image\/png"}],"twitter_card":"summary_large_image","twitter_misc":{"Dur\u00e9e de lecture estim\u00e9e":"2 minutes"},"schema":{"@context":"https:\/\/schema.org","@graph":[{"@type":"WebPage","@id":"https:\/\/ewb.lu\/fr\/benevolat\/","url":"https:\/\/ewb.lu\/fr\/benevolat\/","name":"B\u00e9n\u00e9volat - EWB","isPartOf":{"@id":"https:\/\/ewb.lu\/fr\/#website"},"datePublished":"2022-12-14T16:04:26+00:00","dateModified":"2023-04-03T08:51:58+00:00","breadcrumb":{"@id":"https:\/\/ewb.lu\/fr\/benevolat\/#breadcrumb"},"inLanguage":"fr-FR","potentialAction":[{"@type":"ReadAction","target":["https:\/\/ewb.lu\/fr\/benevolat\/"]}]},{"@type":"BreadcrumbList","@id":"https:\/\/ewb.lu\/fr\/benevolat\/#breadcrumb","itemListElement":[{"@type":"ListItem","position":1,"name":"Startseite","item":"https:\/\/ewb.lu\/fr\/"},{"@type":"ListItem","position":2,"name":"B\u00e9n\u00e9volat"}]},{"@type":"WebSite","@id":"https:\/\/ewb.lu\/fr\/#website","url":"https:\/\/ewb.lu\/fr\/","name":"EwB ErwuesseBildung","description":"ErwuesseBildung","publisher":{"@id":"https:\/\/ewb.lu\/fr\/#organization"},"alternateName":"EWB","potentialAction":[{"@type":"SearchAction","target":{"@type":"EntryPoint","urlTemplate":"https:\/\/ewb.lu\/fr\/?s={search_term_string}"},"query-input":{"@type":"PropertyValueSpecification","valueRequired":true,"valueName":"search_term_string"}}],"inLanguage":"fr-FR"},{"@type":"Organization","@id":"https:\/\/ewb.lu\/fr\/#organization","name":"ErwuesseBildung Asbl","alternateName":"EWB","url":"https:\/\/ewb.lu\/fr\/","logo":{"@type":"ImageObject","inLanguage":"fr-FR","@id":"https:\/\/ewb.lu\/fr\/#\/schema\/logo\/image\/","url":"https:\/\/ewb.lu\/wp-content\/uploads\/2022\/11\/ewb-logo-header.svg","contentUrl":"https:\/\/ewb.lu\/wp-content\/uploads\/2022\/11\/ewb-logo-header.svg","width":301,"height":38,"caption":"ErwuesseBildung Asbl"},"image":{"@id":"https:\/\/ewb.lu\/fr\/#\/schema\/logo\/image\/"},"sameAs":["https:\/\/www.facebook.com\/ErwuesseBild\/","https:\/\/lu.linkedin.com\/company\/erwuessebildung---formation-dadultes","https:\/\/www.instagram.com\/erwuessebildung_asbl\/"]}]}},"_links":{"self":[{"href":"https:\/\/ewb.lu\/fr\/wp-json\/wp\/v2\/pages\/1954","targetHints":{"allow":["GET"]}}],"collection":[{"href":"https:\/\/ewb.lu\/fr\/wp-json\/wp\/v2\/pages"}],"about":[{"href":"https:\/\/ewb.lu\/fr\/wp-json\/wp\/v2\/types\/page"}],"author":[{"embeddable":true,"href":"https:\/\/ewb.lu\/fr\/wp-json\/wp\/v2\/users\/1"}],"replies":[{"embeddable":true,"href":"https:\/\/ewb.lu\/fr\/wp-json\/wp\/v2\/comments?post=1954"}],"version-history":[{"count":17,"href":"https:\/\/ewb.lu\/fr\/wp-json\/wp\/v2\/pages\/1954\/revisions"}],"predecessor-version":[{"id":2667,"href":"https:\/\/ewb.lu\/fr\/wp-json\/wp\/v2\/pages\/1954\/revisions\/2667"}],"wp:attachment":[{"href":"https:\/\/ewb.lu\/fr\/wp-json\/wp\/v2\/media?parent=1954"}],"curies":[{"name":"wp","href":"https:\/\/api.w.org\/{rel}","templated":true}]}}