{"id":1978,"date":"2022-09-13T11:12:20","date_gmt":"2022-09-13T10:12:20","guid":{"rendered":"https:\/\/ewb.cuco.dev\/donner\/"},"modified":"2023-04-03T09:09:35","modified_gmt":"2023-04-03T08:09:35","slug":"donner","status":"publish","type":"page","link":"https:\/\/ewb.lu\/fr\/donner\/","title":{"rendered":"Faire un don"},"content":{"rendered":"<section class=\"wpb-content-wrapper\"><p>[vc_row gap=\u00a0\u00bb35&Prime; equal_height=\u00a0\u00bbyes\u00a0\u00bb content_placement=\u00a0\u00bbtop\u00a0\u00bb css=\u00a0\u00bb.vc_custom_1671020747091{padding-top: 3% !important;}\u00a0\u00bb][vc_column css_animation=\u00a0\u00bbfadeInUp\u00a0\u00bb width=\u00a0\u00bb2\/3&Prime;][vc_column_text]Vous souhaitez soutenir notre travail ? En faisant un don, vous nous aidez \u00e0 atteindre cet objectif. Nous pourrons ainsi poursuivre notre travail, d\u00e9velopper des activit\u00e9s passionnantes et assurer \u00e9galement la parution trimestrielle de notre bulletin.[\/vc_column_text][\/vc_column][vc_column width=\u00a0\u00bb1\/3&Prime; offset=\u00a0\u00bbvc_hidden-md vc_hidden-sm vc_hidden-xs\u00a0\u00bb][vc_single_image image=\u00a0\u00bb497&Prime; img_size=\u00a0\u00bbfull\u00a0\u00bb css_animation=\u00a0\u00bbfadeInRight\u00a0\u00bb el_class=\u00a0\u00bbrounded\u00a0\u00bb css=\u00a0\u00bb.vc_custom_1670948408095{margin-top: -150px !important;}\u00a0\u00bb][\/vc_column][\/vc_row][vc_row][vc_column css_animation=\u00a0\u00bbfadeInUp\u00a0\u00bb][vc_column_text]<\/p>\n<p class=\"p1\">Nous vous remercions d&rsquo;avance de votre appr\u00e9ciation.<br \/>\nL&rsquo;ErwuesseBildung asbl est reconnue d&rsquo;utilit\u00e9 publique. Vos dons sont d\u00e9ductibles des imp\u00f4ts dans les limites fix\u00e9es par la loi. Vous recevrez un re\u00e7u fiscal pour votre don.<br \/>\nVous avez le choix entre les modes de paiement suivants.<\/p>\n<p>[\/vc_column_text][\/vc_column][\/vc_row][vc_row][vc_column css_animation=\u00a0\u00bbfadeInUp\u00a0\u00bb width=\u00a0\u00bb1\/3&Prime;][vc_custom_heading text=\u00a0\u00bbVirement bancaire :\u00a0\u00bb font_container=\u00a0\u00bbtag:h3|text_align:left\u00a0\u00bb use_theme_fonts=\u00a0\u00bbyes\u00a0\u00bb][vc_custom_heading text=\u00a0\u00bbIBAN : LU36 1111 0646 2119 0000&Prime; font_container=\u00a0\u00bbtag:h4|font_size:2.5vh|text_align:left|color:%2372005f\u00a0\u00bb use_theme_fonts=\u00a0\u00bbyes\u00a0\u00bb][vc_custom_heading text=\u00a0\u00bbBIC : CCPLLULL\u00a0\u00bb font_container=\u00a0\u00bbtag:h4|font_size:2.5vh|text_align:left|color:%2372005f\u00a0\u00bb use_theme_fonts=\u00a0\u00bbyes\u00a0\u00bb][\/vc_column][vc_column css_animation=\u00a0\u00bbfadeInUp\u00a0\u00bb width=\u00a0\u00bb1\/3&Prime;][vc_custom_heading text=\u00a0\u00bbPayconiq QR-Code :\u00a0\u00bb font_container=\u00a0\u00bbtag:h3|text_align:left\u00a0\u00bb use_theme_fonts=\u00a0\u00bbyes\u00a0\u00bb][vc_single_image image=\u00a0\u00bb2476&Prime; img_size=\u00a0\u00bbfull\u00a0\u00bb][\/vc_column][vc_column css_animation=\u00a0\u00bbfadeInUp\u00a0\u00bb width=\u00a0\u00bb1\/3&Prime;][vc_custom_heading text=\u00a0\u00bbCarte de cr\u00e9dit :\u00a0\u00bb font_container=\u00a0\u00bbtag:h3|text_align:left\u00a0\u00bb use_theme_fonts=\u00a0\u00bbyes\u00a0\u00bb][vc_column_text]<div class=\"wpsd-master-wrapper wpsd-template-0\" id=\"wpsd-wrap-all\">\r\n\r\n    <div id=\"wpsd-pageloader\">\r\n        <img decoding=\"async\" src=\"https:\/\/ewb.lu\/wp-content\/plugins\/wp-stripe-donation\/assets\/img\/loader.gif\" alt=\"Processing\" \/>\r\n    <\/div>\r\n    \r\n                    <h3 class=\"wpsd-form-title\">Your Form Title<\/h3>\r\n                <div class=\"wpsd-form-title-border\"><\/div>\r\n                \r\n    <!-- Main Form -->\r\n    <div class=\"wpsd-wrapper-content\">\r\n\r\n        <form action=\"\" method=\"POST\" id=\"wpsd-donation-form-id\" autocomplete=\"off\">\r\n            \r\n    <ul id=\"wpsd_donate_amount\">\r\n                <li class=\"wpsd_donate_amount_other_li\">\r\n            <div class=\"form-group\">\r\n                <input id=\"wpsd_donate_other_amount\" type=\"text\" class=\"wpsd_donate_other_amount\"\r\n                    name=\"wpsd_donate_other_amount\" placeholder=\"Amount\" required>\r\n                    &#8364;&nbsp;<span class=\"required-sign\">*<\/span>\r\n            <\/div>\r\n        <\/li>\r\n    <\/ul>\r\n\r\n            <select name=\"wpsd_donation_for\" id=\"wpsd_donation_for\" class=\"wpsd-text-field\">\r\n                            <option value=\"Spende f\u00fcr die ErwuesseBildung\">Spende f\u00fcr die ErwuesseBildung<\/option>\r\n                                <option value=\"Spende f\u00fcr Oppe Kierchen\">Spende f\u00fcr Oppe Kierchen<\/option>\r\n                        <\/select>\r\n        <input type=\"text\" name=\"wpsd_donator_name\" id=\"wpsd_donator_name\" class=\"wpsd-text-field\" placeholder=\"Full Name\" required>\r\n    \r\n    <!-- Email -->\r\n        <input type=\"email\" name=\"wpsd_donator_email\" id=\"wpsd_donator_email\" class=\"wpsd-text-field\" placeholder=\"E-Mail\" required>\r\n    \r\n    \r\n    <!-- Card --->\r\n        <div id=\"card-element\"><\/div>\r\n    <script src=\"https:\/\/js.stripe.com\/v3\/\"><\/script>\r\n    <!--- card end-->\r\n\r\n        <div id=\"card-errors\" class=\"wpsd-alert\" role=\"alert\"><\/div>\r\n    <input type=\"submit\" name=\"wpsd-donate-button\" class=\"wpsd-donate-button\" value=\"Jetzt Spenden\">\r\n<\/form>    <\/div>\r\n<\/div>[\/vc_column_text][\/vc_column][\/vc_row]<\/p>\n<\/section>","protected":false},"excerpt":{"rendered":"<p>[vc_row gap=\u00a0\u00bb35&Prime; equal_height=\u00a0\u00bbyes\u00a0\u00bb content_placement=\u00a0\u00bbtop\u00a0\u00bb css=\u00a0\u00bb.vc_custom_1671020747091{padding-top: 3% !important;}\u00a0\u00bb][vc_column css_animation=\u00a0\u00bbfadeInUp\u00a0\u00bb width=\u00a0\u00bb2\/3&Prime;][vc_column_text]Vous souhaitez soutenir notre travail ? En faisant un don, vous nous aidez \u00e0 atteindre cet objectif. Nous pourrons ainsi poursuivre notre travail, d\u00e9velopper des activit\u00e9s passionnantes et assurer \u00e9galement la parution trimestrielle de notre bulletin.[\/vc_column_text][\/vc_column][vc_column width=\u00a0\u00bb1\/3&Prime; offset=\u00a0\u00bbvc_hidden-md vc_hidden-sm vc_hidden-xs\u00a0\u00bb][vc_single_image image=\u00a0\u00bb497&Prime; img_size=\u00a0\u00bbfull\u00a0\u00bb css_animation=\u00a0\u00bbfadeInRight\u00a0\u00bb el_class=\u00a0\u00bbrounded\u00a0\u00bb css=\u00a0\u00bb.vc_custom_1670948408095{margin-top: -150px !important;}\u00a0\u00bb][\/vc_column][\/vc_row][vc_row][vc_column [&hellip;]<\/p>\n","protected":false},"author":1,"featured_media":0,"parent":0,"menu_order":0,"comment_status":"closed","ping_status":"closed","template":"","meta":{"_acf_changed":false,"inline_featured_image":false,"footnotes":""},"class_list":["post-1978","page","type-page","status-publish","hentry"],"acf":[],"yoast_head":"<!-- This site is optimized with the Yoast SEO plugin v27.1.1 - https:\/\/yoast.com\/product\/yoast-seo-wordpress\/ -->\n<title>Faire un don - EWB<\/title>\n<meta name=\"robots\" content=\"index, follow, max-snippet:-1, max-image-preview:large, max-video-preview:-1\" \/>\n<link rel=\"canonical\" href=\"https:\/\/ewb.lu\/fr\/donner\/\" \/>\n<meta property=\"og:locale\" content=\"fr_FR\" \/>\n<meta property=\"og:type\" content=\"article\" \/>\n<meta property=\"og:title\" content=\"Faire un don - EWB\" \/>\n<meta property=\"og:description\" content=\"[vc_row gap=\u00a0\u00bb35&Prime; equal_height=\u00a0\u00bbyes\u00a0\u00bb content_placement=\u00a0\u00bbtop\u00a0\u00bb css=\u00a0\u00bb.vc_custom_1671020747091{padding-top: 3% !important;}\u00a0\u00bb][vc_column css_animation=\u00a0\u00bbfadeInUp\u00a0\u00bb width=\u00a0\u00bb2\/3&Prime;][vc_column_text]Vous souhaitez soutenir notre travail ? En faisant un don, vous nous aidez \u00e0 atteindre cet objectif. Nous pourrons ainsi poursuivre notre travail, d\u00e9velopper des activit\u00e9s passionnantes et assurer \u00e9galement la parution trimestrielle de notre bulletin.[\/vc_column_text][\/vc_column][vc_column width=\u00a0\u00bb1\/3&Prime; offset=\u00a0\u00bbvc_hidden-md vc_hidden-sm vc_hidden-xs\u00a0\u00bb][vc_single_image image=\u00a0\u00bb497&Prime; img_size=\u00a0\u00bbfull\u00a0\u00bb css_animation=\u00a0\u00bbfadeInRight\u00a0\u00bb el_class=\u00a0\u00bbrounded\u00a0\u00bb css=\u00a0\u00bb.vc_custom_1670948408095{margin-top: -150px !important;}\u00a0\u00bb][\/vc_column][\/vc_row][vc_row][vc_column [&hellip;]\" \/>\n<meta property=\"og:url\" content=\"https:\/\/ewb.lu\/fr\/donner\/\" \/>\n<meta property=\"og:site_name\" content=\"EWB\" \/>\n<meta property=\"article:publisher\" content=\"https:\/\/www.facebook.com\/ErwuesseBild\/\" \/>\n<meta property=\"article:modified_time\" content=\"2023-04-03T08:09:35+00:00\" \/>\n<meta property=\"og:image\" content=\"https:\/\/ewb.lu\/wp-content\/uploads\/2022\/09\/logo.png\" \/>\n\t<meta property=\"og:image:width\" content=\"269\" \/>\n\t<meta property=\"og:image:height\" content=\"81\" \/>\n\t<meta property=\"og:image:type\" content=\"image\/png\" \/>\n<meta name=\"twitter:card\" content=\"summary_large_image\" \/>\n<meta name=\"twitter:label1\" content=\"Dur\u00e9e de lecture estim\u00e9e\" \/>\n\t<meta name=\"twitter:data1\" content=\"2 minutes\" \/>\n<script type=\"application\/ld+json\" class=\"yoast-schema-graph\">{\"@context\":\"https:\/\/schema.org\",\"@graph\":[{\"@type\":\"WebPage\",\"@id\":\"https:\/\/ewb.lu\/fr\/donner\/\",\"url\":\"https:\/\/ewb.lu\/fr\/donner\/\",\"name\":\"Faire un don - EWB\",\"isPartOf\":{\"@id\":\"https:\/\/ewb.lu\/fr\/#website\"},\"datePublished\":\"2022-09-13T10:12:20+00:00\",\"dateModified\":\"2023-04-03T08:09:35+00:00\",\"breadcrumb\":{\"@id\":\"https:\/\/ewb.lu\/fr\/donner\/#breadcrumb\"},\"inLanguage\":\"fr-FR\",\"potentialAction\":[{\"@type\":\"ReadAction\",\"target\":[\"https:\/\/ewb.lu\/fr\/donner\/\"]}]},{\"@type\":\"BreadcrumbList\",\"@id\":\"https:\/\/ewb.lu\/fr\/donner\/#breadcrumb\",\"itemListElement\":[{\"@type\":\"ListItem\",\"position\":1,\"name\":\"Startseite\",\"item\":\"https:\/\/ewb.lu\/fr\/\"},{\"@type\":\"ListItem\",\"position\":2,\"name\":\"Faire un don\"}]},{\"@type\":\"WebSite\",\"@id\":\"https:\/\/ewb.lu\/fr\/#website\",\"url\":\"https:\/\/ewb.lu\/fr\/\",\"name\":\"EwB ErwuesseBildung\",\"description\":\"ErwuesseBildung\",\"publisher\":{\"@id\":\"https:\/\/ewb.lu\/fr\/#organization\"},\"alternateName\":\"EWB\",\"potentialAction\":[{\"@type\":\"SearchAction\",\"target\":{\"@type\":\"EntryPoint\",\"urlTemplate\":\"https:\/\/ewb.lu\/fr\/?s={search_term_string}\"},\"query-input\":{\"@type\":\"PropertyValueSpecification\",\"valueRequired\":true,\"valueName\":\"search_term_string\"}}],\"inLanguage\":\"fr-FR\"},{\"@type\":\"Organization\",\"@id\":\"https:\/\/ewb.lu\/fr\/#organization\",\"name\":\"ErwuesseBildung Asbl\",\"alternateName\":\"EWB\",\"url\":\"https:\/\/ewb.lu\/fr\/\",\"logo\":{\"@type\":\"ImageObject\",\"inLanguage\":\"fr-FR\",\"@id\":\"https:\/\/ewb.lu\/fr\/#\/schema\/logo\/image\/\",\"url\":\"https:\/\/ewb.lu\/wp-content\/uploads\/2022\/11\/ewb-logo-header.svg\",\"contentUrl\":\"https:\/\/ewb.lu\/wp-content\/uploads\/2022\/11\/ewb-logo-header.svg\",\"width\":301,\"height\":38,\"caption\":\"ErwuesseBildung Asbl\"},\"image\":{\"@id\":\"https:\/\/ewb.lu\/fr\/#\/schema\/logo\/image\/\"},\"sameAs\":[\"https:\/\/www.facebook.com\/ErwuesseBild\/\",\"https:\/\/lu.linkedin.com\/company\/erwuessebildung---formation-dadultes\",\"https:\/\/www.instagram.com\/erwuessebildung_asbl\/\"]}]}<\/script>\n<!-- \/ Yoast SEO plugin. -->","yoast_head_json":{"title":"Faire un don - EWB","robots":{"index":"index","follow":"follow","max-snippet":"max-snippet:-1","max-image-preview":"max-image-preview:large","max-video-preview":"max-video-preview:-1"},"canonical":"https:\/\/ewb.lu\/fr\/donner\/","og_locale":"fr_FR","og_type":"article","og_title":"Faire un don - EWB","og_description":"[vc_row gap=\u00a0\u00bb35&Prime; equal_height=\u00a0\u00bbyes\u00a0\u00bb content_placement=\u00a0\u00bbtop\u00a0\u00bb css=\u00a0\u00bb.vc_custom_1671020747091{padding-top: 3% !important;}\u00a0\u00bb][vc_column css_animation=\u00a0\u00bbfadeInUp\u00a0\u00bb width=\u00a0\u00bb2\/3&Prime;][vc_column_text]Vous souhaitez soutenir notre travail ? En faisant un don, vous nous aidez \u00e0 atteindre cet objectif. Nous pourrons ainsi poursuivre notre travail, d\u00e9velopper des activit\u00e9s passionnantes et assurer \u00e9galement la parution trimestrielle de notre bulletin.[\/vc_column_text][\/vc_column][vc_column width=\u00a0\u00bb1\/3&Prime; offset=\u00a0\u00bbvc_hidden-md vc_hidden-sm vc_hidden-xs\u00a0\u00bb][vc_single_image image=\u00a0\u00bb497&Prime; img_size=\u00a0\u00bbfull\u00a0\u00bb css_animation=\u00a0\u00bbfadeInRight\u00a0\u00bb el_class=\u00a0\u00bbrounded\u00a0\u00bb css=\u00a0\u00bb.vc_custom_1670948408095{margin-top: -150px !important;}\u00a0\u00bb][\/vc_column][\/vc_row][vc_row][vc_column [&hellip;]","og_url":"https:\/\/ewb.lu\/fr\/donner\/","og_site_name":"EWB","article_publisher":"https:\/\/www.facebook.com\/ErwuesseBild\/","article_modified_time":"2023-04-03T08:09:35+00:00","og_image":[{"width":269,"height":81,"url":"https:\/\/ewb.lu\/wp-content\/uploads\/2022\/09\/logo.png","type":"image\/png"}],"twitter_card":"summary_large_image","twitter_misc":{"Dur\u00e9e de lecture estim\u00e9e":"2 minutes"},"schema":{"@context":"https:\/\/schema.org","@graph":[{"@type":"WebPage","@id":"https:\/\/ewb.lu\/fr\/donner\/","url":"https:\/\/ewb.lu\/fr\/donner\/","name":"Faire un don - EWB","isPartOf":{"@id":"https:\/\/ewb.lu\/fr\/#website"},"datePublished":"2022-09-13T10:12:20+00:00","dateModified":"2023-04-03T08:09:35+00:00","breadcrumb":{"@id":"https:\/\/ewb.lu\/fr\/donner\/#breadcrumb"},"inLanguage":"fr-FR","potentialAction":[{"@type":"ReadAction","target":["https:\/\/ewb.lu\/fr\/donner\/"]}]},{"@type":"BreadcrumbList","@id":"https:\/\/ewb.lu\/fr\/donner\/#breadcrumb","itemListElement":[{"@type":"ListItem","position":1,"name":"Startseite","item":"https:\/\/ewb.lu\/fr\/"},{"@type":"ListItem","position":2,"name":"Faire un don"}]},{"@type":"WebSite","@id":"https:\/\/ewb.lu\/fr\/#website","url":"https:\/\/ewb.lu\/fr\/","name":"EwB ErwuesseBildung","description":"ErwuesseBildung","publisher":{"@id":"https:\/\/ewb.lu\/fr\/#organization"},"alternateName":"EWB","potentialAction":[{"@type":"SearchAction","target":{"@type":"EntryPoint","urlTemplate":"https:\/\/ewb.lu\/fr\/?s={search_term_string}"},"query-input":{"@type":"PropertyValueSpecification","valueRequired":true,"valueName":"search_term_string"}}],"inLanguage":"fr-FR"},{"@type":"Organization","@id":"https:\/\/ewb.lu\/fr\/#organization","name":"ErwuesseBildung Asbl","alternateName":"EWB","url":"https:\/\/ewb.lu\/fr\/","logo":{"@type":"ImageObject","inLanguage":"fr-FR","@id":"https:\/\/ewb.lu\/fr\/#\/schema\/logo\/image\/","url":"https:\/\/ewb.lu\/wp-content\/uploads\/2022\/11\/ewb-logo-header.svg","contentUrl":"https:\/\/ewb.lu\/wp-content\/uploads\/2022\/11\/ewb-logo-header.svg","width":301,"height":38,"caption":"ErwuesseBildung Asbl"},"image":{"@id":"https:\/\/ewb.lu\/fr\/#\/schema\/logo\/image\/"},"sameAs":["https:\/\/www.facebook.com\/ErwuesseBild\/","https:\/\/lu.linkedin.com\/company\/erwuessebildung---formation-dadultes","https:\/\/www.instagram.com\/erwuessebildung_asbl\/"]}]}},"_links":{"self":[{"href":"https:\/\/ewb.lu\/fr\/wp-json\/wp\/v2\/pages\/1978","targetHints":{"allow":["GET"]}}],"collection":[{"href":"https:\/\/ewb.lu\/fr\/wp-json\/wp\/v2\/pages"}],"about":[{"href":"https:\/\/ewb.lu\/fr\/wp-json\/wp\/v2\/types\/page"}],"author":[{"embeddable":true,"href":"https:\/\/ewb.lu\/fr\/wp-json\/wp\/v2\/users\/1"}],"replies":[{"embeddable":true,"href":"https:\/\/ewb.lu\/fr\/wp-json\/wp\/v2\/comments?post=1978"}],"version-history":[{"count":10,"href":"https:\/\/ewb.lu\/fr\/wp-json\/wp\/v2\/pages\/1978\/revisions"}],"predecessor-version":[{"id":2642,"href":"https:\/\/ewb.lu\/fr\/wp-json\/wp\/v2\/pages\/1978\/revisions\/2642"}],"wp:attachment":[{"href":"https:\/\/ewb.lu\/fr\/wp-json\/wp\/v2\/media?parent=1978"}],"curies":[{"name":"wp","href":"https:\/\/api.w.org\/{rel}","templated":true}]}}