{"id":2012,"date":"2022-08-10T07:07:43","date_gmt":"2022-08-10T05:07:43","guid":{"rendered":"https:\/\/ewb.cuco.dev\/accueil\/"},"modified":"2023-04-20T16:00:31","modified_gmt":"2023-04-20T15:00:31","slug":"ewb-erwuessebildung-asbl","status":"publish","type":"page","link":"https:\/\/ewb.lu\/fr\/","title":{"rendered":"Accueil"},"content":{"rendered":"<section class=\"wpb-content-wrapper\"><p>[vc_row css=\u00a0\u00bb.vc_custom_1667907401115{margin-top: 50px !important;}\u00a0\u00bb][vc_column css_animation=\u00a0\u00bbfadeInUp\u00a0\u00bb][vc_custom_heading text=\u00a0\u00bbActualit\u00e9s\u00a0\u00bb font_container=\u00a0\u00bbtag:h2|text_align:left|color:%2372005f\u00a0\u00bb use_theme_fonts=\u00a0\u00bbyes\u00a0\u00bb]\r\n    <div class=\"grid-wrapper\">\r\n        <span class=\"loader\" data-loader=\"69d07f364ea01\"><\/span>\r\n        <div id=\"69d07f364ea01\" class=\"cc-news-ajax-wrapper\"><\/div>\r\n    <\/div>\r\n    <div class=\"more-news\">\r\n\t\t\t\t<div class=\"outer-button inline\">\r\n\t\t\t<a class=\"coolBeans \" href=\"https:\/\/ewb.lu\/news\/\"\r\n\t\t\t   target=\"\">\r\n\t\t\t\tPlus d'actualit\u00e9s<\/a>\r\n\t\t<\/div>\r\n\t\t    <\/div>\r\n    <script>\r\n        let selectedCategory = 'all';\r\n\r\n        jQuery(document).ready(function () {\r\n            sendRequest();\r\n        });\r\n\r\n        function sendRequest() {\r\n            cc_performPostRequest({\r\n                count: 2,\r\n                postType: 'post',\r\n                setPublishDateFormat: 'd\/m',\r\n                showLoaderAnimation: true,\r\n                uniqueIdAjaxWrapper: '69d07f364ea01',\r\n                wantExcerpt: true,\r\n                metaQuery: {\r\n                    1: {\r\n                        key: 'isFeatured',\r\n                        compare: '=',\r\n                        value: '1',\r\n                    },\r\n                },\r\n                wantPublishDate: true,\r\n                wantPostThumbnail: 'thumbnail',\r\n                successCB: function (result, config) {\r\n\r\n                    cc_loaderAnimation('69d07f364ea01', false);\r\n                    jQuery('#69d07f364ea01').show();\r\n\r\n                    if (result.data !== undefined && result.data.length !== 0) {\r\n\r\n                        let template_path = _theme_directory + '\/includes\/ewb\/news\/templates\/';\r\n                        let item = '';\r\n                        let output = jQuery('#' + config.uniqueIdAjaxWrapper);\r\n\r\n                        jQuery.Mustache.load(template_path + 'news_0_01.html').done(function () {\r\n\r\n                            jQuery.each(result.data, function (key, obj) {\r\n\r\n                                obj.readMoreBtn = 'En savoir plus';\r\n\r\n                                item = jQuery.Mustache.render('news-item-featured', obj);\r\n                                output.append(item);\r\n\r\n                            });\/\/each item\r\n\r\n                        });\/\/mustache\r\n\r\n\r\n                    } else {\r\n                        cc_debug(\"Now what?\")\r\n                        return null;\r\n                    }\r\n                }\r\n            }).done(function (data) {\r\n\r\n                let notFeaturedCount = 4 - data.additionalData.total;\r\n                const pluck = (arr, key) => arr.map(i => i[key]);\r\n                let featuredIds = pluck(data.data, 'id');\r\n\r\n                cc_performPostRequest({\r\n                    count: notFeaturedCount,\r\n                    postType: 'post',\r\n                    setPublishDateFormat: 'd\/m',\r\n                    showLoaderAnimation: true,\r\n                    uniqueIdAjaxWrapper: '69d07f364ea01',\r\n                    wantExcerpt: true,\r\n                    wantPublishDate: true,\r\n                    wantPostThumbnail: 'thumbnail',\r\n                    postNotIn: featuredIds.toString(),\r\n                    successCB: function (result, config) {\r\n\r\n                        if (result.data !== undefined && result.data.length !== 0) {\r\n\r\n                            let template_path = _theme_directory + '\/includes\/ewb\/news\/templates\/';\r\n                            let item = '';\r\n                            let output = jQuery('#' + config.uniqueIdAjaxWrapper);\r\n\r\n                            jQuery.Mustache.load(template_path + 'news_0_01.html').done(function () {\r\n\r\n                                jQuery.each(result.data, function (key, obj) {\r\n\r\n                                    obj.readMoreBtn = 'En savoir plus';\r\n\r\n                                    item = jQuery.Mustache.render('news-item', obj);\r\n                                    output.append(item);\r\n\r\n                                });\/\/each item\r\n\r\n                            });\/\/mustache\r\n\r\n                        }\r\n                    }\r\n                })\r\n\r\n\r\n            });\r\n        }\r\n    <\/script>\r\n\t[\/vc_column][\/vc_row][vc_row full_width=\u00a0\u00bbstretch_row\u00a0\u00bb css=\u00a0\u00bb.vc_custom_1670496657785{margin-top: 50px !important;padding-top: 3% !important;padding-bottom: 5% !important;background-color: #eeebe7 !important;}\u00a0\u00bb][vc_column css_animation=\u00a0\u00bbfadeInUp\u00a0\u00bb][vc_custom_heading text=\u00a0\u00bb\u00c9v\u00e9nements\u00a0\u00bb font_container=\u00a0\u00bbtag:h2|text_align:left|color:%2372005f\u00a0\u00bb use_theme_fonts=\u00a0\u00bbyes\u00a0\u00bb]\r\n    <div class=\"grid-wrapper\">\r\n        <span class=\"loader\" data-loader=\"69d07f3650e14\"><\/span>\r\n        <div id=\"69d07f3650e14\" class=\"cc-news-ajax-wrapper cc-events-ajax-wrapper\"><\/div>\r\n    <\/div>\r\n    <div class=\"more-news\">\r\n\t\t\t\t<div class=\"outer-button inline\">\r\n\t\t\t<a class=\"coolBeans \" href=\"https:\/\/ewb.lu\/agenda\/\"\r\n\t\t\t   target=\"\">\r\n\t\t\t\tPlus d'\u00e9v\u00e9nements<\/a>\r\n\t\t<\/div>\r\n\t\t    <\/div>\r\n    <script>\r\n        jQuery(document).ready(function () {\r\n            sendEventRequest();\r\n        });\r\n\r\n        function sendEventRequest() {\r\n            let today = moment(new Date()).format('YYYYMMDD');\r\n\r\n            cc_performPostRequest({\r\n                count: 2,\r\n                postType: 'event',\r\n                showLoaderAnimation: true,\r\n                uniqueIdAjaxWrapper: '69d07f3650e14',\r\n                wantExcerpt: true,\r\n                metaQuery: {\r\n                    relation: 'AND',\r\n                    0: {\r\n                        key: 'endDate',\r\n                        compare: '>=',\r\n                        value: today,\r\n                    },\r\n                    1: {\r\n                        key: 'isFeatured',\r\n                        compare: '=',\r\n                        value: '1',\r\n                    },\r\n                },\r\n                metaKey: 'startdate',\r\n                orderby: 'meta_value',\r\n                order: 'ASC',\r\n                wantCustomFields: ['startdate'],\r\n                wantPostThumbnail: 'thumbnail',\r\n                successCB: function (result, config) {\r\n\r\n                    cc_loaderAnimation('69d07f3650e14', false);\r\n                    jQuery('#69d07f3650e14').show();\r\n\r\n                    if (result.data !== undefined && result.data.length !== 0) {\r\n\r\n                        let template_path = _theme_directory + '\/includes\/ewb\/events\/templates\/';\r\n                        let item = '';\r\n                        let output = jQuery('#' + config.uniqueIdAjaxWrapper);\r\n\r\n                        jQuery.Mustache.load(template_path + 'events_0_01.html').done(function () {\r\n\r\n                            jQuery.each(result.data, function (key, obj) {\r\n\r\n                                obj.readMoreBtn = 'En savoir plus';\r\n                                obj.customFields.startdate = moment(obj.customFields.startdate).format('DD\/MM\/YYYY')\r\n                                item = jQuery.Mustache.render('event-featured-item', obj);\r\n                                output.append(item);\r\n\r\n                            });\/\/each item\r\n\r\n                        });\/\/mustache\r\n\r\n\r\n                    } else {\r\n                        cc_debug(\"Now what?\")\r\n                        return null;\r\n                    }\r\n                }\r\n            }).done(function (data) {\r\n\r\n                let notFeaturedCount = 4 - data.additionalData.total;\r\n                const pluck = (arr, key) => arr.map(i => i[key]);\r\n                let featuredIds = pluck(data.data, 'id');\r\n\r\n                cc_performPostRequest({\r\n                    count: notFeaturedCount,\r\n                    postType: 'event',\r\n                    showLoaderAnimation: true,\r\n                    uniqueIdAjaxWrapper: '69d07f3650e14',\r\n                    wantExcerpt: true,\r\n                    metaQuery: {\r\n                        0: {\r\n                            key: 'startdate',\r\n                            compare: '>=',\r\n                            value: today,\r\n                        },\r\n                    },\r\n                    metaKey: 'startdate',\r\n                    orderby: 'meta_value',\r\n                    order: 'ASC',\r\n                    postNotIn: featuredIds.toString(),\r\n                    wantCustomFields: ['startdate'],\r\n                    wantPostThumbnail: 'thumbnail',\r\n                    successCB: function (result, config) {\r\n\r\n                        if (result.data !== undefined && result.data.length !== 0) {\r\n\r\n                            let template_path = _theme_directory + '\/includes\/ewb\/events\/templates\/';\r\n                            let item = '';\r\n                            let output = jQuery('#' + config.uniqueIdAjaxWrapper);\r\n\r\n                            jQuery.Mustache.load(template_path + 'events_0_01.html').done(function () {\r\n\r\n                                jQuery.each(result.data, function (key, obj) {\r\n\r\n                                    obj.readMoreBtn = 'En savoir plus';\r\n                                    obj.customFields.startdate = moment(obj.customFields.startdate).format('DD\/MM\/YYYY')\r\n                                    item = jQuery.Mustache.render('event-item', obj);\r\n                                    output.append(item);\r\n\r\n                                });\/\/each item\r\n\r\n                            });\/\/mustache\r\n\r\n                        }\r\n                    }\r\n                })\r\n\r\n\r\n            });\r\n        }\r\n    <\/script>\r\n\t[\/vc_column][\/vc_row][vc_row css=\u00a0\u00bb.vc_custom_1673606739079{margin-top: 50px !important;}\u00a0\u00bb][vc_column css_animation=\u00a0\u00bbfadeInUp\u00a0\u00bb][vc_custom_heading text=\u00a0\u00bbProgramme\u00a0\u00bb font_container=\u00a0\u00bbtag:h2|text_align:left|color:%2372005f\u00a0\u00bb use_theme_fonts=\u00a0\u00bbyes\u00a0\u00bb]\r\n    <div class=\"programm-cats\">\r\n\r\n\t\t\r\n            <a href=\"https:\/\/ewb.lu\/fr\/program\/koerper-geist-seele-fr\/\">\r\n                <div class=\"icon\"><img decoding=\"async\" width=\"150\" height=\"150\" src=\"https:\/\/ewb.lu\/wp-content\/uploads\/2022\/12\/ewb-koerpergeistseele.svg\" class=\"attachment-thumbnail size-thumbnail\" alt=\"\" \/><\/div>\r\n                <div class=\"name\">Corps, Esprit, \u00c2me<\/div>\r\n            <\/a>\r\n\r\n\t\t\r\n            <a href=\"https:\/\/ewb.lu\/fr\/program\/growing-together-fr\/\">\r\n                <div class=\"icon\"><img decoding=\"async\" width=\"150\" height=\"150\" src=\"https:\/\/ewb.lu\/wp-content\/uploads\/2022\/12\/ewb-familien.svg\" class=\"attachment-thumbnail size-thumbnail\" alt=\"\" \/><\/div>\r\n                <div class=\"name\">Growing together<\/div>\r\n            <\/a>\r\n\r\n\t\t\r\n            <a href=\"https:\/\/ewb.lu\/fr\/program\/i-stuff-fr\/\">\r\n                <div class=\"icon\"><img decoding=\"async\" width=\"150\" height=\"150\" src=\"https:\/\/ewb.lu\/wp-content\/uploads\/2022\/12\/ewb-i-stuff.svg\" class=\"attachment-thumbnail size-thumbnail\" alt=\"\" \/><\/div>\r\n                <div class=\"name\">i-Stuff<\/div>\r\n            <\/a>\r\n\r\n\t\t\r\n            <a href=\"https:\/\/ewb.lu\/fr\/program\/media-fr\/\">\r\n                <div class=\"icon\"><img decoding=\"async\" width=\"150\" height=\"150\" src=\"https:\/\/ewb.lu\/wp-content\/uploads\/2022\/12\/ewb-media.svg\" class=\"attachment-thumbnail size-thumbnail\" alt=\"\" \/><\/div>\r\n                <div class=\"name\">M\u00e9dias<\/div>\r\n            <\/a>\r\n\r\n\t\t\r\n            <a href=\"https:\/\/ewb.lu\/fr\/program\/patrimoine-religieux-culturel\/\">\r\n                <div class=\"icon\"><img decoding=\"async\" width=\"150\" height=\"150\" src=\"https:\/\/ewb.lu\/wp-content\/uploads\/2022\/12\/ewb-religion.svg\" class=\"attachment-thumbnail size-thumbnail\" alt=\"\" \/><\/div>\r\n                <div class=\"name\">Patrimoine religieux &amp; culturel<\/div>\r\n            <\/a>\r\n\r\n\t\t\r\n            <a href=\"https:\/\/ewb.lu\/fr\/program\/salle-de-silence\/\">\r\n                <div class=\"icon\"><\/div>\r\n                <div class=\"name\">Salle de Silence<\/div>\r\n            <\/a>\r\n\r\n\t\t\r\n            <a href=\"https:\/\/ewb.lu\/fr\/program\/societe-aujourdhui\/\">\r\n                <div class=\"icon\"><img decoding=\"async\" width=\"150\" height=\"150\" src=\"https:\/\/ewb.lu\/wp-content\/uploads\/2022\/12\/ewb-gesellschaft.svg\" class=\"attachment-thumbnail size-thumbnail\" alt=\"\" \/><\/div>\r\n                <div class=\"name\">Soci\u00e9t\u00e9 Aujourd\u2018hui<\/div>\r\n            <\/a>\r\n\r\n\t\t\r\n    <\/div>\r\n\r\n\t[\/vc_column][\/vc_row]<\/p>\n<\/section>","protected":false},"excerpt":{"rendered":"<p>[vc_row css=\u00a0\u00bb.vc_custom_1667907401115{margin-top: 50px !important;}\u00a0\u00bb][vc_column css_animation=\u00a0\u00bbfadeInUp\u00a0\u00bb][vc_custom_heading text=\u00a0\u00bbActualit\u00e9s\u00a0\u00bb font_container=\u00a0\u00bbtag:h2|text_align:left|color:%2372005f\u00a0\u00bb use_theme_fonts=\u00a0\u00bbyes\u00a0\u00bb][\/vc_column][\/vc_row][vc_row full_width=\u00a0\u00bbstretch_row\u00a0\u00bb css=\u00a0\u00bb.vc_custom_1670496657785{margin-top: 50px !important;padding-top: 3% !important;padding-bottom: 5% !important;background-color: #eeebe7 !important;}\u00a0\u00bb][vc_column css_animation=\u00a0\u00bbfadeInUp\u00a0\u00bb][vc_custom_heading text=\u00a0\u00bb\u00c9v\u00e9nements\u00a0\u00bb font_container=\u00a0\u00bbtag:h2|text_align:left|color:%2372005f\u00a0\u00bb use_theme_fonts=\u00a0\u00bbyes\u00a0\u00bb][\/vc_column][\/vc_row][vc_row css=\u00a0\u00bb.vc_custom_1673606739079{margin-top: 50px !important;}\u00a0\u00bb][vc_column css_animation=\u00a0\u00bbfadeInUp\u00a0\u00bb][vc_custom_heading text=\u00a0\u00bbProgramme\u00a0\u00bb font_container=\u00a0\u00bbtag:h2|text_align:left|color:%2372005f\u00a0\u00bb use_theme_fonts=\u00a0\u00bbyes\u00a0\u00bb][\/vc_column][\/vc_row]<\/p>\n","protected":false},"author":1,"featured_media":0,"parent":0,"menu_order":0,"comment_status":"closed","ping_status":"closed","template":"","meta":{"_acf_changed":false,"inline_featured_image":false,"footnotes":""},"class_list":["post-2012","page","type-page","status-publish","hentry"],"acf":[],"yoast_head":"<!-- This site is optimized with the Yoast SEO plugin v27.1.1 - https:\/\/yoast.com\/product\/yoast-seo-wordpress\/ -->\n<title>Accueil - EWB<\/title>\n<meta name=\"description\" content=\"Notre offre s\u2019adresse aux personnes de tous \u00e2ges et propose de nombreuses possibilit\u00e9s pour l\u2019organisation de la vie personnelle et sociale. L\u2019action collective est \u00e9galement centrale. Toute personne qui s\u2019int\u00e9resse \u00e0 la vie et \u00e0 ses nombreuses perspectives, qui souhaite s\u2019impliquer et rencontrer d\u2019autres personnes, est la bienvenue chez nous !\" \/>\n<meta name=\"robots\" content=\"index, follow, max-snippet:-1, max-image-preview:large, max-video-preview:-1\" \/>\n<link rel=\"canonical\" href=\"https:\/\/ewb.lu\/fr\/\" \/>\n<meta property=\"og:locale\" content=\"fr_FR\" \/>\n<meta property=\"og:type\" content=\"article\" \/>\n<meta property=\"og:title\" content=\"EWB - ErwuesseBildung Asbl\" \/>\n<meta property=\"og:description\" content=\"Notre offre s\u2019adresse aux personnes de tous \u00e2ges et propose de nombreuses possibilit\u00e9s pour l\u2019organisation de la vie personnelle et sociale. L\u2019action collective est \u00e9galement centrale. Toute personne qui s\u2019int\u00e9resse \u00e0 la vie et \u00e0 ses nombreuses perspectives, qui souhaite s\u2019impliquer et rencontrer d\u2019autres personnes, est la bienvenue chez nous !\" \/>\n<meta property=\"og:url\" content=\"https:\/\/ewb.lu\/fr\/\" \/>\n<meta property=\"og:site_name\" content=\"EWB\" \/>\n<meta property=\"article:publisher\" content=\"https:\/\/www.facebook.com\/ErwuesseBild\/\" \/>\n<meta property=\"article:modified_time\" content=\"2023-04-20T15:00:31+00:00\" \/>\n<meta property=\"og:image\" content=\"https:\/\/ewb.lu\/wp-content\/uploads\/2023\/04\/Design-ohne-Titel-1024x577.png\" \/>\n<meta name=\"twitter:card\" content=\"summary_large_image\" \/>\n<meta name=\"twitter:title\" content=\"EWB - ErwuesseBildung Asbl\" \/>\n<meta name=\"twitter:description\" content=\"Notre offre s\u2019adresse aux personnes de tous \u00e2ges et propose de nombreuses possibilit\u00e9s pour l\u2019organisation de la vie personnelle et sociale. L\u2019action collective est \u00e9galement centrale. Toute personne qui s\u2019int\u00e9resse \u00e0 la vie et \u00e0 ses nombreuses perspectives, qui souhaite s\u2019impliquer et rencontrer d\u2019autres personnes, est la bienvenue chez nous !\" \/>\n<meta name=\"twitter:image\" content=\"https:\/\/ewb.lu\/wp-content\/uploads\/2023\/04\/Design-ohne-Titel.png\" \/>\n<meta name=\"twitter:label1\" content=\"Dur\u00e9e de lecture estim\u00e9e\" \/>\n\t<meta name=\"twitter:data1\" content=\"1 minute\" \/>\n<script type=\"application\/ld+json\" class=\"yoast-schema-graph\">{\"@context\":\"https:\/\/schema.org\",\"@graph\":[{\"@type\":\"WebPage\",\"@id\":\"https:\/\/ewb.lu\/fr\/\",\"url\":\"https:\/\/ewb.lu\/fr\/\",\"name\":\"Accueil - EWB\",\"isPartOf\":{\"@id\":\"https:\/\/ewb.lu\/fr\/#website\"},\"datePublished\":\"2022-08-10T05:07:43+00:00\",\"dateModified\":\"2023-04-20T15:00:31+00:00\",\"description\":\"Notre offre s\u2019adresse aux personnes de tous \u00e2ges et propose de nombreuses possibilit\u00e9s pour l\u2019organisation de la vie personnelle et sociale. L\u2019action collective est \u00e9galement centrale. Toute personne qui s\u2019int\u00e9resse \u00e0 la vie et \u00e0 ses nombreuses perspectives, qui souhaite s\u2019impliquer et rencontrer d\u2019autres personnes, est la bienvenue chez nous !\",\"breadcrumb\":{\"@id\":\"https:\/\/ewb.lu\/fr\/#breadcrumb\"},\"inLanguage\":\"fr-FR\",\"potentialAction\":[{\"@type\":\"ReadAction\",\"target\":[\"https:\/\/ewb.lu\/fr\/\"]}]},{\"@type\":\"BreadcrumbList\",\"@id\":\"https:\/\/ewb.lu\/fr\/#breadcrumb\",\"itemListElement\":[{\"@type\":\"ListItem\",\"position\":1,\"name\":\"Startseite\",\"item\":\"https:\/\/ewb.lu\/fr\/\"},{\"@type\":\"ListItem\",\"position\":2,\"name\":\"Accueil\"}]},{\"@type\":\"WebSite\",\"@id\":\"https:\/\/ewb.lu\/fr\/#website\",\"url\":\"https:\/\/ewb.lu\/fr\/\",\"name\":\"EwB ErwuesseBildung\",\"description\":\"ErwuesseBildung\",\"publisher\":{\"@id\":\"https:\/\/ewb.lu\/fr\/#organization\"},\"alternateName\":\"EWB\",\"potentialAction\":[{\"@type\":\"SearchAction\",\"target\":{\"@type\":\"EntryPoint\",\"urlTemplate\":\"https:\/\/ewb.lu\/fr\/?s={search_term_string}\"},\"query-input\":{\"@type\":\"PropertyValueSpecification\",\"valueRequired\":true,\"valueName\":\"search_term_string\"}}],\"inLanguage\":\"fr-FR\"},{\"@type\":\"Organization\",\"@id\":\"https:\/\/ewb.lu\/fr\/#organization\",\"name\":\"ErwuesseBildung Asbl\",\"alternateName\":\"EWB\",\"url\":\"https:\/\/ewb.lu\/fr\/\",\"logo\":{\"@type\":\"ImageObject\",\"inLanguage\":\"fr-FR\",\"@id\":\"https:\/\/ewb.lu\/fr\/#\/schema\/logo\/image\/\",\"url\":\"https:\/\/ewb.lu\/wp-content\/uploads\/2022\/11\/ewb-logo-header.svg\",\"contentUrl\":\"https:\/\/ewb.lu\/wp-content\/uploads\/2022\/11\/ewb-logo-header.svg\",\"width\":301,\"height\":38,\"caption\":\"ErwuesseBildung Asbl\"},\"image\":{\"@id\":\"https:\/\/ewb.lu\/fr\/#\/schema\/logo\/image\/\"},\"sameAs\":[\"https:\/\/www.facebook.com\/ErwuesseBild\/\",\"https:\/\/lu.linkedin.com\/company\/erwuessebildung---formation-dadultes\",\"https:\/\/www.instagram.com\/erwuessebildung_asbl\/\"]}]}<\/script>\n<!-- \/ Yoast SEO plugin. -->","yoast_head_json":{"title":"Accueil - EWB","description":"Notre offre s\u2019adresse aux personnes de tous \u00e2ges et propose de nombreuses possibilit\u00e9s pour l\u2019organisation de la vie personnelle et sociale. L\u2019action collective est \u00e9galement centrale. Toute personne qui s\u2019int\u00e9resse \u00e0 la vie et \u00e0 ses nombreuses perspectives, qui souhaite s\u2019impliquer et rencontrer d\u2019autres personnes, est la bienvenue chez nous !","robots":{"index":"index","follow":"follow","max-snippet":"max-snippet:-1","max-image-preview":"max-image-preview:large","max-video-preview":"max-video-preview:-1"},"canonical":"https:\/\/ewb.lu\/fr\/","og_locale":"fr_FR","og_type":"article","og_title":"EWB - ErwuesseBildung Asbl","og_description":"Notre offre s\u2019adresse aux personnes de tous \u00e2ges et propose de nombreuses possibilit\u00e9s pour l\u2019organisation de la vie personnelle et sociale. L\u2019action collective est \u00e9galement centrale. Toute personne qui s\u2019int\u00e9resse \u00e0 la vie et \u00e0 ses nombreuses perspectives, qui souhaite s\u2019impliquer et rencontrer d\u2019autres personnes, est la bienvenue chez nous !","og_url":"https:\/\/ewb.lu\/fr\/","og_site_name":"EWB","article_publisher":"https:\/\/www.facebook.com\/ErwuesseBild\/","article_modified_time":"2023-04-20T15:00:31+00:00","og_image":[{"url":"https:\/\/ewb.lu\/wp-content\/uploads\/2023\/04\/Design-ohne-Titel-1024x577.png","type":"","width":"","height":""}],"twitter_card":"summary_large_image","twitter_title":"EWB - ErwuesseBildung Asbl","twitter_description":"Notre offre s\u2019adresse aux personnes de tous \u00e2ges et propose de nombreuses possibilit\u00e9s pour l\u2019organisation de la vie personnelle et sociale. L\u2019action collective est \u00e9galement centrale. Toute personne qui s\u2019int\u00e9resse \u00e0 la vie et \u00e0 ses nombreuses perspectives, qui souhaite s\u2019impliquer et rencontrer d\u2019autres personnes, est la bienvenue chez nous !","twitter_image":"https:\/\/ewb.lu\/wp-content\/uploads\/2023\/04\/Design-ohne-Titel.png","twitter_misc":{"Dur\u00e9e de lecture estim\u00e9e":"1 minute"},"schema":{"@context":"https:\/\/schema.org","@graph":[{"@type":"WebPage","@id":"https:\/\/ewb.lu\/fr\/","url":"https:\/\/ewb.lu\/fr\/","name":"Accueil - EWB","isPartOf":{"@id":"https:\/\/ewb.lu\/fr\/#website"},"datePublished":"2022-08-10T05:07:43+00:00","dateModified":"2023-04-20T15:00:31+00:00","description":"Notre offre s\u2019adresse aux personnes de tous \u00e2ges et propose de nombreuses possibilit\u00e9s pour l\u2019organisation de la vie personnelle et sociale. L\u2019action collective est \u00e9galement centrale. Toute personne qui s\u2019int\u00e9resse \u00e0 la vie et \u00e0 ses nombreuses perspectives, qui souhaite s\u2019impliquer et rencontrer d\u2019autres personnes, est la bienvenue chez nous !","breadcrumb":{"@id":"https:\/\/ewb.lu\/fr\/#breadcrumb"},"inLanguage":"fr-FR","potentialAction":[{"@type":"ReadAction","target":["https:\/\/ewb.lu\/fr\/"]}]},{"@type":"BreadcrumbList","@id":"https:\/\/ewb.lu\/fr\/#breadcrumb","itemListElement":[{"@type":"ListItem","position":1,"name":"Startseite","item":"https:\/\/ewb.lu\/fr\/"},{"@type":"ListItem","position":2,"name":"Accueil"}]},{"@type":"WebSite","@id":"https:\/\/ewb.lu\/fr\/#website","url":"https:\/\/ewb.lu\/fr\/","name":"EwB ErwuesseBildung","description":"ErwuesseBildung","publisher":{"@id":"https:\/\/ewb.lu\/fr\/#organization"},"alternateName":"EWB","potentialAction":[{"@type":"SearchAction","target":{"@type":"EntryPoint","urlTemplate":"https:\/\/ewb.lu\/fr\/?s={search_term_string}"},"query-input":{"@type":"PropertyValueSpecification","valueRequired":true,"valueName":"search_term_string"}}],"inLanguage":"fr-FR"},{"@type":"Organization","@id":"https:\/\/ewb.lu\/fr\/#organization","name":"ErwuesseBildung Asbl","alternateName":"EWB","url":"https:\/\/ewb.lu\/fr\/","logo":{"@type":"ImageObject","inLanguage":"fr-FR","@id":"https:\/\/ewb.lu\/fr\/#\/schema\/logo\/image\/","url":"https:\/\/ewb.lu\/wp-content\/uploads\/2022\/11\/ewb-logo-header.svg","contentUrl":"https:\/\/ewb.lu\/wp-content\/uploads\/2022\/11\/ewb-logo-header.svg","width":301,"height":38,"caption":"ErwuesseBildung Asbl"},"image":{"@id":"https:\/\/ewb.lu\/fr\/#\/schema\/logo\/image\/"},"sameAs":["https:\/\/www.facebook.com\/ErwuesseBild\/","https:\/\/lu.linkedin.com\/company\/erwuessebildung---formation-dadultes","https:\/\/www.instagram.com\/erwuessebildung_asbl\/"]}]}},"_links":{"self":[{"href":"https:\/\/ewb.lu\/fr\/wp-json\/wp\/v2\/pages\/2012","targetHints":{"allow":["GET"]}}],"collection":[{"href":"https:\/\/ewb.lu\/fr\/wp-json\/wp\/v2\/pages"}],"about":[{"href":"https:\/\/ewb.lu\/fr\/wp-json\/wp\/v2\/types\/page"}],"author":[{"embeddable":true,"href":"https:\/\/ewb.lu\/fr\/wp-json\/wp\/v2\/users\/1"}],"replies":[{"embeddable":true,"href":"https:\/\/ewb.lu\/fr\/wp-json\/wp\/v2\/comments?post=2012"}],"version-history":[{"count":8,"href":"https:\/\/ewb.lu\/fr\/wp-json\/wp\/v2\/pages\/2012\/revisions"}],"predecessor-version":[{"id":3731,"href":"https:\/\/ewb.lu\/fr\/wp-json\/wp\/v2\/pages\/2012\/revisions\/3731"}],"wp:attachment":[{"href":"https:\/\/ewb.lu\/fr\/wp-json\/wp\/v2\/media?parent=2012"}],"curies":[{"name":"wp","href":"https:\/\/api.w.org\/{rel}","templated":true}]}}