{"id":2058,"date":"2022-09-12T09:22:32","date_gmt":"2022-09-12T08:22:32","guid":{"rendered":"https:\/\/ewb.cuco.dev\/programme\/"},"modified":"2023-03-01T10:01:09","modified_gmt":"2023-03-01T09:01:09","slug":"programme","status":"publish","type":"page","link":"https:\/\/ewb.lu\/fr\/programme\/","title":{"rendered":"Programme"},"content":{"rendered":"<section class=\"wpb-content-wrapper\"><p>[vc_row gap=\u00a0\u00bb35&Prime; equal_height=\u00a0\u00bbyes\u00a0\u00bb content_placement=\u00a0\u00bbmiddle\u00a0\u00bb css=\u00a0\u00bb.vc_custom_1670588744989{padding-top: 3% !important;}\u00a0\u00bb][vc_column css_animation=\u00a0\u00bbfadeInUp\u00a0\u00bb width=\u00a0\u00bb1\/2&Prime;][vc_custom_heading text=\u00a0\u00bbDas Programm der EwB widmet sich der pers\u00f6nlichen Entwicklung und Weiterbildung sowie dem gesellschaftlichen und kulturellen Dialog.\u00a0\u00bb font_container=\u00a0\u00bbtag:h2|font_size:34px|text_align:left|color:%2372005f|line_height:52px\u00a0\u00bb use_theme_fonts=\u00a0\u00bbyes\u00a0\u00bb][\/vc_column][vc_column css_animation=\u00a0\u00bbfadeInUp\u00a0\u00bb width=\u00a0\u00bb1\/2&Prime;][vc_column_text]Dies beinhaltet praktische Kurse im Bereich Medienkompetenz und Nachhaltigkeit, Aktivit\u00e4ten zu Kultur und Kunst wie auch Konferenzen und Gespr\u00e4chsrunden zu lebensweltlichen Themen. Wir bieten Veranstaltungen f\u00fcr Kinder, Jugendliche und Erwachsene, Eltern und Senioren, sozio-edukatives Personal und weitere Interessierte.[\/vc_column_text][\/vc_column][\/vc_row][vc_row css_animation=\u00a0\u00bbfadeInUp\u00a0\u00bb css=\u00a0\u00bb.vc_custom_1670599423429{padding-top: 3% !important;}\u00a0\u00bb][vc_column]\r\n    <div class=\"programm-cats\">\r\n\r\n\t\t\r\n            <a href=\"https:\/\/ewb.lu\/fr\/program\/koerper-geist-seele-fr\/\">\r\n                <div class=\"icon\"><img decoding=\"async\" width=\"150\" height=\"150\" src=\"https:\/\/ewb.lu\/wp-content\/uploads\/2022\/12\/ewb-koerpergeistseele.svg\" class=\"attachment-thumbnail size-thumbnail\" alt=\"\" \/><\/div>\r\n                <div class=\"name\">Corps, Esprit, \u00c2me<\/div>\r\n            <\/a>\r\n\r\n\t\t\r\n            <a href=\"https:\/\/ewb.lu\/fr\/program\/growing-together-fr\/\">\r\n                <div class=\"icon\"><img decoding=\"async\" width=\"150\" height=\"150\" src=\"https:\/\/ewb.lu\/wp-content\/uploads\/2022\/12\/ewb-familien.svg\" class=\"attachment-thumbnail size-thumbnail\" alt=\"\" \/><\/div>\r\n                <div class=\"name\">Growing together<\/div>\r\n            <\/a>\r\n\r\n\t\t\r\n            <a href=\"https:\/\/ewb.lu\/fr\/program\/i-stuff-fr\/\">\r\n                <div class=\"icon\"><img decoding=\"async\" width=\"150\" height=\"150\" src=\"https:\/\/ewb.lu\/wp-content\/uploads\/2022\/12\/ewb-i-stuff.svg\" class=\"attachment-thumbnail size-thumbnail\" alt=\"\" \/><\/div>\r\n                <div class=\"name\">i-Stuff<\/div>\r\n            <\/a>\r\n\r\n\t\t\r\n            <a href=\"https:\/\/ewb.lu\/fr\/program\/media-fr\/\">\r\n                <div class=\"icon\"><img decoding=\"async\" width=\"150\" height=\"150\" src=\"https:\/\/ewb.lu\/wp-content\/uploads\/2022\/12\/ewb-media.svg\" class=\"attachment-thumbnail size-thumbnail\" alt=\"\" \/><\/div>\r\n                <div class=\"name\">M\u00e9dias<\/div>\r\n            <\/a>\r\n\r\n\t\t\r\n            <a href=\"https:\/\/ewb.lu\/fr\/program\/patrimoine-religieux-culturel\/\">\r\n                <div class=\"icon\"><img decoding=\"async\" width=\"150\" height=\"150\" src=\"https:\/\/ewb.lu\/wp-content\/uploads\/2022\/12\/ewb-religion.svg\" class=\"attachment-thumbnail size-thumbnail\" alt=\"\" \/><\/div>\r\n                <div class=\"name\">Patrimoine religieux &amp; culturel<\/div>\r\n            <\/a>\r\n\r\n\t\t\r\n            <a href=\"https:\/\/ewb.lu\/fr\/program\/salle-de-silence\/\">\r\n                <div class=\"icon\"><\/div>\r\n                <div class=\"name\">Salle de Silence<\/div>\r\n            <\/a>\r\n\r\n\t\t\r\n            <a href=\"https:\/\/ewb.lu\/fr\/program\/societe-aujourdhui\/\">\r\n                <div class=\"icon\"><img decoding=\"async\" width=\"150\" height=\"150\" src=\"https:\/\/ewb.lu\/wp-content\/uploads\/2022\/12\/ewb-gesellschaft.svg\" class=\"attachment-thumbnail size-thumbnail\" alt=\"\" \/><\/div>\r\n                <div class=\"name\">Soci\u00e9t\u00e9 Aujourd\u2018hui<\/div>\r\n            <\/a>\r\n\r\n\t\t\r\n    <\/div>\r\n\r\n\t[\/vc_column][\/vc_row][vc_row][vc_column][vc_empty_space height=\u00a0\u00bb90px\u00a0\u00bb][\/vc_column][\/vc_row]<\/p>\n<\/section>","protected":false},"excerpt":{"rendered":"<p>[vc_row gap=\u00a0\u00bb35&Prime; equal_height=\u00a0\u00bbyes\u00a0\u00bb content_placement=\u00a0\u00bbmiddle\u00a0\u00bb css=\u00a0\u00bb.vc_custom_1670588744989{padding-top: 3% !important;}\u00a0\u00bb][vc_column css_animation=\u00a0\u00bbfadeInUp\u00a0\u00bb width=\u00a0\u00bb1\/2&Prime;][vc_custom_heading text=\u00a0\u00bbDas Programm der EwB widmet sich der pers\u00f6nlichen Entwicklung und Weiterbildung sowie dem gesellschaftlichen und kulturellen Dialog.\u00a0\u00bb font_container=\u00a0\u00bbtag:h2|font_size:34px|text_align:left|color:%2372005f|line_height:52px\u00a0\u00bb use_theme_fonts=\u00a0\u00bbyes\u00a0\u00bb][\/vc_column][vc_column css_animation=\u00a0\u00bbfadeInUp\u00a0\u00bb width=\u00a0\u00bb1\/2&Prime;][vc_column_text]Dies beinhaltet praktische Kurse im Bereich Medienkompetenz und Nachhaltigkeit, Aktivit\u00e4ten zu Kultur und Kunst wie auch Konferenzen und Gespr\u00e4chsrunden zu lebensweltlichen Themen. Wir bieten Veranstaltungen f\u00fcr [&hellip;]<\/p>\n","protected":false},"author":1,"featured_media":0,"parent":0,"menu_order":0,"comment_status":"closed","ping_status":"closed","template":"","meta":{"_acf_changed":false,"inline_featured_image":false,"footnotes":""},"class_list":["post-2058","page","type-page","status-publish","hentry"],"acf":[],"yoast_head":"<!-- This site is optimized with the Yoast SEO plugin v27.1.1 - https:\/\/yoast.com\/product\/yoast-seo-wordpress\/ -->\n<title>Programme - EWB<\/title>\n<meta name=\"robots\" content=\"index, follow, max-snippet:-1, max-image-preview:large, max-video-preview:-1\" \/>\n<link rel=\"canonical\" href=\"https:\/\/ewb.lu\/fr\/programme\/\" \/>\n<meta property=\"og:locale\" content=\"fr_FR\" \/>\n<meta property=\"og:type\" content=\"article\" \/>\n<meta property=\"og:title\" content=\"Programme - EWB\" \/>\n<meta property=\"og:description\" content=\"[vc_row gap=\u00a0\u00bb35&Prime; equal_height=\u00a0\u00bbyes\u00a0\u00bb content_placement=\u00a0\u00bbmiddle\u00a0\u00bb css=\u00a0\u00bb.vc_custom_1670588744989{padding-top: 3% !important;}\u00a0\u00bb][vc_column css_animation=\u00a0\u00bbfadeInUp\u00a0\u00bb width=\u00a0\u00bb1\/2&Prime;][vc_custom_heading text=\u00a0\u00bbDas Programm der EwB widmet sich der pers\u00f6nlichen Entwicklung und Weiterbildung sowie dem gesellschaftlichen und kulturellen Dialog.\u00a0\u00bb font_container=\u00a0\u00bbtag:h2|font_size:34px|text_align:left|color:%2372005f|line_height:52px\u00a0\u00bb use_theme_fonts=\u00a0\u00bbyes\u00a0\u00bb][\/vc_column][vc_column css_animation=\u00a0\u00bbfadeInUp\u00a0\u00bb width=\u00a0\u00bb1\/2&Prime;][vc_column_text]Dies beinhaltet praktische Kurse im Bereich Medienkompetenz und Nachhaltigkeit, Aktivit\u00e4ten zu Kultur und Kunst wie auch Konferenzen und Gespr\u00e4chsrunden zu lebensweltlichen Themen. Wir bieten Veranstaltungen f\u00fcr [&hellip;]\" \/>\n<meta property=\"og:url\" content=\"https:\/\/ewb.lu\/fr\/programme\/\" \/>\n<meta property=\"og:site_name\" content=\"EWB\" \/>\n<meta property=\"article:publisher\" content=\"https:\/\/www.facebook.com\/ErwuesseBild\/\" \/>\n<meta property=\"article:modified_time\" content=\"2023-03-01T09:01:09+00:00\" \/>\n<meta property=\"og:image\" content=\"https:\/\/ewb.lu\/wp-content\/uploads\/2022\/09\/logo.png\" \/>\n\t<meta property=\"og:image:width\" content=\"269\" \/>\n\t<meta property=\"og:image:height\" content=\"81\" \/>\n\t<meta property=\"og:image:type\" content=\"image\/png\" \/>\n<meta name=\"twitter:card\" content=\"summary_large_image\" \/>\n<meta name=\"twitter:label1\" content=\"Dur\u00e9e de lecture estim\u00e9e\" \/>\n\t<meta name=\"twitter:data1\" content=\"1 minute\" \/>\n<script type=\"application\/ld+json\" class=\"yoast-schema-graph\">{\"@context\":\"https:\/\/schema.org\",\"@graph\":[{\"@type\":\"WebPage\",\"@id\":\"https:\/\/ewb.lu\/fr\/programme\/\",\"url\":\"https:\/\/ewb.lu\/fr\/programme\/\",\"name\":\"Programme - EWB\",\"isPartOf\":{\"@id\":\"https:\/\/ewb.lu\/fr\/#website\"},\"datePublished\":\"2022-09-12T08:22:32+00:00\",\"dateModified\":\"2023-03-01T09:01:09+00:00\",\"breadcrumb\":{\"@id\":\"https:\/\/ewb.lu\/fr\/programme\/#breadcrumb\"},\"inLanguage\":\"fr-FR\",\"potentialAction\":[{\"@type\":\"ReadAction\",\"target\":[\"https:\/\/ewb.lu\/fr\/programme\/\"]}]},{\"@type\":\"BreadcrumbList\",\"@id\":\"https:\/\/ewb.lu\/fr\/programme\/#breadcrumb\",\"itemListElement\":[{\"@type\":\"ListItem\",\"position\":1,\"name\":\"Startseite\",\"item\":\"https:\/\/ewb.lu\/fr\/\"},{\"@type\":\"ListItem\",\"position\":2,\"name\":\"Programme\"}]},{\"@type\":\"WebSite\",\"@id\":\"https:\/\/ewb.lu\/fr\/#website\",\"url\":\"https:\/\/ewb.lu\/fr\/\",\"name\":\"EwB ErwuesseBildung\",\"description\":\"ErwuesseBildung\",\"publisher\":{\"@id\":\"https:\/\/ewb.lu\/fr\/#organization\"},\"alternateName\":\"EWB\",\"potentialAction\":[{\"@type\":\"SearchAction\",\"target\":{\"@type\":\"EntryPoint\",\"urlTemplate\":\"https:\/\/ewb.lu\/fr\/?s={search_term_string}\"},\"query-input\":{\"@type\":\"PropertyValueSpecification\",\"valueRequired\":true,\"valueName\":\"search_term_string\"}}],\"inLanguage\":\"fr-FR\"},{\"@type\":\"Organization\",\"@id\":\"https:\/\/ewb.lu\/fr\/#organization\",\"name\":\"ErwuesseBildung Asbl\",\"alternateName\":\"EWB\",\"url\":\"https:\/\/ewb.lu\/fr\/\",\"logo\":{\"@type\":\"ImageObject\",\"inLanguage\":\"fr-FR\",\"@id\":\"https:\/\/ewb.lu\/fr\/#\/schema\/logo\/image\/\",\"url\":\"https:\/\/ewb.lu\/wp-content\/uploads\/2022\/11\/ewb-logo-header.svg\",\"contentUrl\":\"https:\/\/ewb.lu\/wp-content\/uploads\/2022\/11\/ewb-logo-header.svg\",\"width\":301,\"height\":38,\"caption\":\"ErwuesseBildung Asbl\"},\"image\":{\"@id\":\"https:\/\/ewb.lu\/fr\/#\/schema\/logo\/image\/\"},\"sameAs\":[\"https:\/\/www.facebook.com\/ErwuesseBild\/\",\"https:\/\/lu.linkedin.com\/company\/erwuessebildung---formation-dadultes\",\"https:\/\/www.instagram.com\/erwuessebildung_asbl\/\"]}]}<\/script>\n<!-- \/ Yoast SEO plugin. -->","yoast_head_json":{"title":"Programme - EWB","robots":{"index":"index","follow":"follow","max-snippet":"max-snippet:-1","max-image-preview":"max-image-preview:large","max-video-preview":"max-video-preview:-1"},"canonical":"https:\/\/ewb.lu\/fr\/programme\/","og_locale":"fr_FR","og_type":"article","og_title":"Programme - EWB","og_description":"[vc_row gap=\u00a0\u00bb35&Prime; equal_height=\u00a0\u00bbyes\u00a0\u00bb content_placement=\u00a0\u00bbmiddle\u00a0\u00bb css=\u00a0\u00bb.vc_custom_1670588744989{padding-top: 3% !important;}\u00a0\u00bb][vc_column css_animation=\u00a0\u00bbfadeInUp\u00a0\u00bb width=\u00a0\u00bb1\/2&Prime;][vc_custom_heading text=\u00a0\u00bbDas Programm der EwB widmet sich der pers\u00f6nlichen Entwicklung und Weiterbildung sowie dem gesellschaftlichen und kulturellen Dialog.\u00a0\u00bb font_container=\u00a0\u00bbtag:h2|font_size:34px|text_align:left|color:%2372005f|line_height:52px\u00a0\u00bb use_theme_fonts=\u00a0\u00bbyes\u00a0\u00bb][\/vc_column][vc_column css_animation=\u00a0\u00bbfadeInUp\u00a0\u00bb width=\u00a0\u00bb1\/2&Prime;][vc_column_text]Dies beinhaltet praktische Kurse im Bereich Medienkompetenz und Nachhaltigkeit, Aktivit\u00e4ten zu Kultur und Kunst wie auch Konferenzen und Gespr\u00e4chsrunden zu lebensweltlichen Themen. Wir bieten Veranstaltungen f\u00fcr [&hellip;]","og_url":"https:\/\/ewb.lu\/fr\/programme\/","og_site_name":"EWB","article_publisher":"https:\/\/www.facebook.com\/ErwuesseBild\/","article_modified_time":"2023-03-01T09:01:09+00:00","og_image":[{"width":269,"height":81,"url":"https:\/\/ewb.lu\/wp-content\/uploads\/2022\/09\/logo.png","type":"image\/png"}],"twitter_card":"summary_large_image","twitter_misc":{"Dur\u00e9e de lecture estim\u00e9e":"1 minute"},"schema":{"@context":"https:\/\/schema.org","@graph":[{"@type":"WebPage","@id":"https:\/\/ewb.lu\/fr\/programme\/","url":"https:\/\/ewb.lu\/fr\/programme\/","name":"Programme - EWB","isPartOf":{"@id":"https:\/\/ewb.lu\/fr\/#website"},"datePublished":"2022-09-12T08:22:32+00:00","dateModified":"2023-03-01T09:01:09+00:00","breadcrumb":{"@id":"https:\/\/ewb.lu\/fr\/programme\/#breadcrumb"},"inLanguage":"fr-FR","potentialAction":[{"@type":"ReadAction","target":["https:\/\/ewb.lu\/fr\/programme\/"]}]},{"@type":"BreadcrumbList","@id":"https:\/\/ewb.lu\/fr\/programme\/#breadcrumb","itemListElement":[{"@type":"ListItem","position":1,"name":"Startseite","item":"https:\/\/ewb.lu\/fr\/"},{"@type":"ListItem","position":2,"name":"Programme"}]},{"@type":"WebSite","@id":"https:\/\/ewb.lu\/fr\/#website","url":"https:\/\/ewb.lu\/fr\/","name":"EwB ErwuesseBildung","description":"ErwuesseBildung","publisher":{"@id":"https:\/\/ewb.lu\/fr\/#organization"},"alternateName":"EWB","potentialAction":[{"@type":"SearchAction","target":{"@type":"EntryPoint","urlTemplate":"https:\/\/ewb.lu\/fr\/?s={search_term_string}"},"query-input":{"@type":"PropertyValueSpecification","valueRequired":true,"valueName":"search_term_string"}}],"inLanguage":"fr-FR"},{"@type":"Organization","@id":"https:\/\/ewb.lu\/fr\/#organization","name":"ErwuesseBildung Asbl","alternateName":"EWB","url":"https:\/\/ewb.lu\/fr\/","logo":{"@type":"ImageObject","inLanguage":"fr-FR","@id":"https:\/\/ewb.lu\/fr\/#\/schema\/logo\/image\/","url":"https:\/\/ewb.lu\/wp-content\/uploads\/2022\/11\/ewb-logo-header.svg","contentUrl":"https:\/\/ewb.lu\/wp-content\/uploads\/2022\/11\/ewb-logo-header.svg","width":301,"height":38,"caption":"ErwuesseBildung Asbl"},"image":{"@id":"https:\/\/ewb.lu\/fr\/#\/schema\/logo\/image\/"},"sameAs":["https:\/\/www.facebook.com\/ErwuesseBild\/","https:\/\/lu.linkedin.com\/company\/erwuessebildung---formation-dadultes","https:\/\/www.instagram.com\/erwuessebildung_asbl\/"]}]}},"_links":{"self":[{"href":"https:\/\/ewb.lu\/fr\/wp-json\/wp\/v2\/pages\/2058","targetHints":{"allow":["GET"]}}],"collection":[{"href":"https:\/\/ewb.lu\/fr\/wp-json\/wp\/v2\/pages"}],"about":[{"href":"https:\/\/ewb.lu\/fr\/wp-json\/wp\/v2\/types\/page"}],"author":[{"embeddable":true,"href":"https:\/\/ewb.lu\/fr\/wp-json\/wp\/v2\/users\/1"}],"replies":[{"embeddable":true,"href":"https:\/\/ewb.lu\/fr\/wp-json\/wp\/v2\/comments?post=2058"}],"version-history":[{"count":1,"href":"https:\/\/ewb.lu\/fr\/wp-json\/wp\/v2\/pages\/2058\/revisions"}],"predecessor-version":[{"id":2059,"href":"https:\/\/ewb.lu\/fr\/wp-json\/wp\/v2\/pages\/2058\/revisions\/2059"}],"wp:attachment":[{"href":"https:\/\/ewb.lu\/fr\/wp-json\/wp\/v2\/media?parent=2058"}],"curies":[{"name":"wp","href":"https:\/\/api.w.org\/{rel}","templated":true}]}}