{"id":2160,"date":"2022-12-20T12:14:08","date_gmt":"2022-12-20T11:14:08","guid":{"rendered":"https:\/\/ewb.cuco.dev\/programme\/livres-conseilles\/"},"modified":"2024-05-06T12:37:57","modified_gmt":"2024-05-06T11:37:57","slug":"livres-conseilles","status":"publish","type":"page","link":"https:\/\/ewb.lu\/fr\/programme\/livres-conseilles\/","title":{"rendered":"Suggestions de livres"},"content":{"rendered":"<section class=\"wpb-content-wrapper\"><p>[vc_row][vc_column][vc_column_text]<\/p>\n<p style=\"font-weight: 400;\">L&rsquo;EwB vit les livres ! Vous trouverez ici des titres s\u00e9lectionn\u00e9s qui s&rsquo;inspirent de nos th\u00e8mes actuels et qui pr\u00e9sentent une plus-value p\u00e9dagogique ou une qualit\u00e9 tout \u00e0 fait particuli\u00e8re.<\/p>\n<p>Tout r\u00e9cemment, vous trouverez ici des livres s\u00e9lectionn\u00e9s dans le cadre d&rsquo;<a href=\"https:\/\/ewb.lu\/fr\/program\/tente-a-livres-octave\/\">Octave 2024<\/a>.[\/vc_column_text][\/vc_column][\/vc_row][vc_row css=\u00a0\u00bb.vc_custom_1672912401328{padding-top: 3% !important;}\u00a0\u00bb][vc_column]\r\n    <div class=\"book-filter\">\r\n\r\n        <select class=\"book-select\">\r\n            <option><\/option>\r\n\t\t\t                <option value=\"50\">Erwachsene<\/option>\r\n\t\t\t                <option value=\"199\">F\u00fcr die Kleinen<\/option>\r\n\t\t\t                <option value=\"200\">Jugendliche<\/option>\r\n\t\t\t                <option value=\"46\">Kinder<\/option>\r\n\t\t\t        <\/select>\r\n\r\n    <\/div>\r\n\r\n    <div class=\"grid-wrapper\">\r\n        <span class=\"loader\" data-loader=\"69d22f8021522\"><\/span>\r\n        <div id=\"69d22f8021522\" class=\"cc-news-ajax-wrapper\"><\/div>\r\n    <\/div>\r\n\r\n    <script>\r\n        let selectedTerm = '45';\r\n        let newsTimeout;\r\n\r\n        jQuery(document).ready(function () {\r\n            sendRequest();\r\n\r\n            let $select = jQuery('.book-select').select2({\r\n                placeholder: \"Genre\",\r\n                dropdownAutoWidth: true,\r\n                allowHtml: true\r\n            });\r\n\r\n            $select.on('select2:select', function (e) {\r\n                selectedTerm = e.params.data.id;\r\n                sendRequest();\r\n            });\r\n\r\n        });\r\n\r\n        function sendRequest() {\r\n            let output = jQuery('#' + '69d22f8021522');\r\n            output.html('');\r\n\r\n            cc_performPostRequest({\r\n                postType: 'tip',\r\n                taxQuery: {\r\n                    taxonomy: 'genre',\r\n                    field: 'term_id',\r\n                    terms: selectedTerm,\r\n                    operator: 'IN'\r\n                },\r\n                showLoaderAnimation: true,\r\n                uniqueIdAjaxWrapper: '69d22f8021522',\r\n                wantExcerpt: true,\r\n                wantPostThumbnail: 'thumbnail',\r\n                successCB: function (result) {\r\n\r\n                    cc_loaderAnimation('69d22f8021522', false);\r\n                    jQuery('#cc69d22f8021522').show();\r\n\r\n                    if (result.data !== undefined && result.data.length !== 0) {\r\n\r\n                        let template_path = _theme_directory + '\/includes\/ewb\/tips\/templates\/';\r\n                        let item = '';\r\n\r\n                        jQuery.Mustache.load(template_path + 'tips.html').done(function () {\r\n\r\n                            jQuery.each(result.data, function (key, obj) {\r\n\r\n                                obj.theme_directory = _theme_directory;\r\n\r\n                                item = jQuery.Mustache.render('news-item', obj);\r\n                                output.append(item);\r\n\r\n                            });\/\/each item\r\n\r\n                        });\/\/mustache\r\n\r\n\r\n                    } else {\r\n                        cc_debug(\"Now what?\")\r\n                        return null;\r\n                    }\r\n                }\r\n            });\r\n        }\r\n    <\/script>\r\n\t[\/vc_column][\/vc_row]<\/p>\n<\/section>","protected":false},"excerpt":{"rendered":"<p>[vc_row][vc_column][vc_column_text] L&rsquo;EwB vit les livres ! Vous trouverez ici des titres s\u00e9lectionn\u00e9s qui s&rsquo;inspirent de nos th\u00e8mes actuels et qui pr\u00e9sentent une plus-value p\u00e9dagogique ou une qualit\u00e9 tout \u00e0 fait particuli\u00e8re. Tout r\u00e9cemment, vous trouverez ici des livres s\u00e9lectionn\u00e9s dans le cadre d&rsquo;Octave 2024.[\/vc_column_text][\/vc_column][\/vc_row][vc_row css=\u00a0\u00bb.vc_custom_1672912401328{padding-top: 3% !important;}\u00a0\u00bb][vc_column][\/vc_column][\/vc_row]<\/p>\n","protected":false},"author":1,"featured_media":2221,"parent":2058,"menu_order":0,"comment_status":"closed","ping_status":"closed","template":"","meta":{"_acf_changed":false,"inline_featured_image":false,"footnotes":""},"class_list":["post-2160","page","type-page","status-publish","has-post-thumbnail","hentry"],"acf":[],"yoast_head":"<!-- This site is optimized with the Yoast SEO plugin v27.1.1 - https:\/\/yoast.com\/product\/yoast-seo-wordpress\/ -->\n<title>Suggestions de livres - EWB<\/title>\n<meta name=\"robots\" content=\"index, follow, max-snippet:-1, max-image-preview:large, max-video-preview:-1\" \/>\n<link rel=\"canonical\" href=\"https:\/\/ewb.lu\/fr\/programme\/livres-conseilles\/\" \/>\n<meta property=\"og:locale\" content=\"fr_FR\" \/>\n<meta property=\"og:type\" content=\"article\" \/>\n<meta property=\"og:title\" content=\"Suggestions de livres - EWB\" \/>\n<meta property=\"og:description\" content=\"[vc_row][vc_column][vc_column_text] L&rsquo;EwB vit les livres ! Vous trouverez ici des titres s\u00e9lectionn\u00e9s qui s&rsquo;inspirent de nos th\u00e8mes actuels et qui pr\u00e9sentent une plus-value p\u00e9dagogique ou une qualit\u00e9 tout \u00e0 fait particuli\u00e8re. Tout r\u00e9cemment, vous trouverez ici des livres s\u00e9lectionn\u00e9s dans le cadre d&rsquo;Octave 2024.[\/vc_column_text][\/vc_column][\/vc_row][vc_row css=\u00a0\u00bb.vc_custom_1672912401328{padding-top: 3% !important;}\u00a0\u00bb][vc_column][\/vc_column][\/vc_row]\" \/>\n<meta property=\"og:url\" content=\"https:\/\/ewb.lu\/fr\/programme\/livres-conseilles\/\" \/>\n<meta property=\"og:site_name\" content=\"EWB\" \/>\n<meta property=\"article:publisher\" content=\"https:\/\/www.facebook.com\/ErwuesseBild\/\" \/>\n<meta property=\"article:modified_time\" content=\"2024-05-06T11:37:57+00:00\" \/>\n<meta property=\"og:image\" content=\"https:\/\/ewb.lu\/wp-content\/uploads\/2022\/09\/logo.png\" \/>\n\t<meta property=\"og:image:width\" content=\"269\" \/>\n\t<meta property=\"og:image:height\" content=\"81\" \/>\n\t<meta property=\"og:image:type\" content=\"image\/png\" \/>\n<meta name=\"twitter:card\" content=\"summary_large_image\" \/>\n<meta name=\"twitter:label1\" content=\"Dur\u00e9e de lecture estim\u00e9e\" \/>\n\t<meta name=\"twitter:data1\" content=\"1 minute\" \/>\n<script type=\"application\/ld+json\" class=\"yoast-schema-graph\">{\"@context\":\"https:\/\/schema.org\",\"@graph\":[{\"@type\":\"WebPage\",\"@id\":\"https:\/\/ewb.lu\/fr\/programme\/livres-conseilles\/\",\"url\":\"https:\/\/ewb.lu\/fr\/programme\/livres-conseilles\/\",\"name\":\"Suggestions de livres - EWB\",\"isPartOf\":{\"@id\":\"https:\/\/ewb.lu\/fr\/#website\"},\"primaryImageOfPage\":{\"@id\":\"https:\/\/ewb.lu\/fr\/programme\/livres-conseilles\/#primaryimage\"},\"image\":{\"@id\":\"https:\/\/ewb.lu\/fr\/programme\/livres-conseilles\/#primaryimage\"},\"thumbnailUrl\":\"https:\/\/ewb.lu\/wp-content\/uploads\/2023\/03\/book-wall-g93ab88071_1920.jpg\",\"datePublished\":\"2022-12-20T11:14:08+00:00\",\"dateModified\":\"2024-05-06T11:37:57+00:00\",\"breadcrumb\":{\"@id\":\"https:\/\/ewb.lu\/fr\/programme\/livres-conseilles\/#breadcrumb\"},\"inLanguage\":\"fr-FR\",\"potentialAction\":[{\"@type\":\"ReadAction\",\"target\":[\"https:\/\/ewb.lu\/fr\/programme\/livres-conseilles\/\"]}]},{\"@type\":\"ImageObject\",\"inLanguage\":\"fr-FR\",\"@id\":\"https:\/\/ewb.lu\/fr\/programme\/livres-conseilles\/#primaryimage\",\"url\":\"https:\/\/ewb.lu\/wp-content\/uploads\/2023\/03\/book-wall-g93ab88071_1920.jpg\",\"contentUrl\":\"https:\/\/ewb.lu\/wp-content\/uploads\/2023\/03\/book-wall-g93ab88071_1920.jpg\",\"width\":1920,\"height\":1280},{\"@type\":\"BreadcrumbList\",\"@id\":\"https:\/\/ewb.lu\/fr\/programme\/livres-conseilles\/#breadcrumb\",\"itemListElement\":[{\"@type\":\"ListItem\",\"position\":1,\"name\":\"Startseite\",\"item\":\"https:\/\/ewb.lu\/fr\/\"},{\"@type\":\"ListItem\",\"position\":2,\"name\":\"Programme\",\"item\":\"https:\/\/ewb.lu\/fr\/programme\/\"},{\"@type\":\"ListItem\",\"position\":3,\"name\":\"Suggestions de livres\"}]},{\"@type\":\"WebSite\",\"@id\":\"https:\/\/ewb.lu\/fr\/#website\",\"url\":\"https:\/\/ewb.lu\/fr\/\",\"name\":\"EwB ErwuesseBildung\",\"description\":\"ErwuesseBildung\",\"publisher\":{\"@id\":\"https:\/\/ewb.lu\/fr\/#organization\"},\"alternateName\":\"EWB\",\"potentialAction\":[{\"@type\":\"SearchAction\",\"target\":{\"@type\":\"EntryPoint\",\"urlTemplate\":\"https:\/\/ewb.lu\/fr\/?s={search_term_string}\"},\"query-input\":{\"@type\":\"PropertyValueSpecification\",\"valueRequired\":true,\"valueName\":\"search_term_string\"}}],\"inLanguage\":\"fr-FR\"},{\"@type\":\"Organization\",\"@id\":\"https:\/\/ewb.lu\/fr\/#organization\",\"name\":\"ErwuesseBildung Asbl\",\"alternateName\":\"EWB\",\"url\":\"https:\/\/ewb.lu\/fr\/\",\"logo\":{\"@type\":\"ImageObject\",\"inLanguage\":\"fr-FR\",\"@id\":\"https:\/\/ewb.lu\/fr\/#\/schema\/logo\/image\/\",\"url\":\"https:\/\/ewb.lu\/wp-content\/uploads\/2022\/11\/ewb-logo-header.svg\",\"contentUrl\":\"https:\/\/ewb.lu\/wp-content\/uploads\/2022\/11\/ewb-logo-header.svg\",\"width\":301,\"height\":38,\"caption\":\"ErwuesseBildung Asbl\"},\"image\":{\"@id\":\"https:\/\/ewb.lu\/fr\/#\/schema\/logo\/image\/\"},\"sameAs\":[\"https:\/\/www.facebook.com\/ErwuesseBild\/\",\"https:\/\/lu.linkedin.com\/company\/erwuessebildung---formation-dadultes\",\"https:\/\/www.instagram.com\/erwuessebildung_asbl\/\"]}]}<\/script>\n<!-- \/ Yoast SEO plugin. -->","yoast_head_json":{"title":"Suggestions de livres - EWB","robots":{"index":"index","follow":"follow","max-snippet":"max-snippet:-1","max-image-preview":"max-image-preview:large","max-video-preview":"max-video-preview:-1"},"canonical":"https:\/\/ewb.lu\/fr\/programme\/livres-conseilles\/","og_locale":"fr_FR","og_type":"article","og_title":"Suggestions de livres - EWB","og_description":"[vc_row][vc_column][vc_column_text] L&rsquo;EwB vit les livres ! Vous trouverez ici des titres s\u00e9lectionn\u00e9s qui s&rsquo;inspirent de nos th\u00e8mes actuels et qui pr\u00e9sentent une plus-value p\u00e9dagogique ou une qualit\u00e9 tout \u00e0 fait particuli\u00e8re. Tout r\u00e9cemment, vous trouverez ici des livres s\u00e9lectionn\u00e9s dans le cadre d&rsquo;Octave 2024.[\/vc_column_text][\/vc_column][\/vc_row][vc_row css=\u00a0\u00bb.vc_custom_1672912401328{padding-top: 3% !important;}\u00a0\u00bb][vc_column][\/vc_column][\/vc_row]","og_url":"https:\/\/ewb.lu\/fr\/programme\/livres-conseilles\/","og_site_name":"EWB","article_publisher":"https:\/\/www.facebook.com\/ErwuesseBild\/","article_modified_time":"2024-05-06T11:37:57+00:00","og_image":[{"width":269,"height":81,"url":"https:\/\/ewb.lu\/wp-content\/uploads\/2022\/09\/logo.png","type":"image\/png"}],"twitter_card":"summary_large_image","twitter_misc":{"Dur\u00e9e de lecture estim\u00e9e":"1 minute"},"schema":{"@context":"https:\/\/schema.org","@graph":[{"@type":"WebPage","@id":"https:\/\/ewb.lu\/fr\/programme\/livres-conseilles\/","url":"https:\/\/ewb.lu\/fr\/programme\/livres-conseilles\/","name":"Suggestions de livres - EWB","isPartOf":{"@id":"https:\/\/ewb.lu\/fr\/#website"},"primaryImageOfPage":{"@id":"https:\/\/ewb.lu\/fr\/programme\/livres-conseilles\/#primaryimage"},"image":{"@id":"https:\/\/ewb.lu\/fr\/programme\/livres-conseilles\/#primaryimage"},"thumbnailUrl":"https:\/\/ewb.lu\/wp-content\/uploads\/2023\/03\/book-wall-g93ab88071_1920.jpg","datePublished":"2022-12-20T11:14:08+00:00","dateModified":"2024-05-06T11:37:57+00:00","breadcrumb":{"@id":"https:\/\/ewb.lu\/fr\/programme\/livres-conseilles\/#breadcrumb"},"inLanguage":"fr-FR","potentialAction":[{"@type":"ReadAction","target":["https:\/\/ewb.lu\/fr\/programme\/livres-conseilles\/"]}]},{"@type":"ImageObject","inLanguage":"fr-FR","@id":"https:\/\/ewb.lu\/fr\/programme\/livres-conseilles\/#primaryimage","url":"https:\/\/ewb.lu\/wp-content\/uploads\/2023\/03\/book-wall-g93ab88071_1920.jpg","contentUrl":"https:\/\/ewb.lu\/wp-content\/uploads\/2023\/03\/book-wall-g93ab88071_1920.jpg","width":1920,"height":1280},{"@type":"BreadcrumbList","@id":"https:\/\/ewb.lu\/fr\/programme\/livres-conseilles\/#breadcrumb","itemListElement":[{"@type":"ListItem","position":1,"name":"Startseite","item":"https:\/\/ewb.lu\/fr\/"},{"@type":"ListItem","position":2,"name":"Programme","item":"https:\/\/ewb.lu\/fr\/programme\/"},{"@type":"ListItem","position":3,"name":"Suggestions de livres"}]},{"@type":"WebSite","@id":"https:\/\/ewb.lu\/fr\/#website","url":"https:\/\/ewb.lu\/fr\/","name":"EwB ErwuesseBildung","description":"ErwuesseBildung","publisher":{"@id":"https:\/\/ewb.lu\/fr\/#organization"},"alternateName":"EWB","potentialAction":[{"@type":"SearchAction","target":{"@type":"EntryPoint","urlTemplate":"https:\/\/ewb.lu\/fr\/?s={search_term_string}"},"query-input":{"@type":"PropertyValueSpecification","valueRequired":true,"valueName":"search_term_string"}}],"inLanguage":"fr-FR"},{"@type":"Organization","@id":"https:\/\/ewb.lu\/fr\/#organization","name":"ErwuesseBildung Asbl","alternateName":"EWB","url":"https:\/\/ewb.lu\/fr\/","logo":{"@type":"ImageObject","inLanguage":"fr-FR","@id":"https:\/\/ewb.lu\/fr\/#\/schema\/logo\/image\/","url":"https:\/\/ewb.lu\/wp-content\/uploads\/2022\/11\/ewb-logo-header.svg","contentUrl":"https:\/\/ewb.lu\/wp-content\/uploads\/2022\/11\/ewb-logo-header.svg","width":301,"height":38,"caption":"ErwuesseBildung Asbl"},"image":{"@id":"https:\/\/ewb.lu\/fr\/#\/schema\/logo\/image\/"},"sameAs":["https:\/\/www.facebook.com\/ErwuesseBild\/","https:\/\/lu.linkedin.com\/company\/erwuessebildung---formation-dadultes","https:\/\/www.instagram.com\/erwuessebildung_asbl\/"]}]}},"_links":{"self":[{"href":"https:\/\/ewb.lu\/fr\/wp-json\/wp\/v2\/pages\/2160","targetHints":{"allow":["GET"]}}],"collection":[{"href":"https:\/\/ewb.lu\/fr\/wp-json\/wp\/v2\/pages"}],"about":[{"href":"https:\/\/ewb.lu\/fr\/wp-json\/wp\/v2\/types\/page"}],"author":[{"embeddable":true,"href":"https:\/\/ewb.lu\/fr\/wp-json\/wp\/v2\/users\/1"}],"replies":[{"embeddable":true,"href":"https:\/\/ewb.lu\/fr\/wp-json\/wp\/v2\/comments?post=2160"}],"version-history":[{"count":9,"href":"https:\/\/ewb.lu\/fr\/wp-json\/wp\/v2\/pages\/2160\/revisions"}],"predecessor-version":[{"id":9438,"href":"https:\/\/ewb.lu\/fr\/wp-json\/wp\/v2\/pages\/2160\/revisions\/9438"}],"up":[{"embeddable":true,"href":"https:\/\/ewb.lu\/fr\/wp-json\/wp\/v2\/pages\/2058"}],"wp:featuredmedia":[{"embeddable":true,"href":"https:\/\/ewb.lu\/fr\/wp-json\/wp\/v2\/media\/2221"}],"wp:attachment":[{"href":"https:\/\/ewb.lu\/fr\/wp-json\/wp\/v2\/media?parent=2160"}],"curies":[{"name":"wp","href":"https:\/\/api.w.org\/{rel}","templated":true}]}}