{"id":2336,"date":"2022-09-13T11:51:35","date_gmt":"2022-09-13T10:51:35","guid":{"rendered":"https:\/\/ewb.cuco.dev\/a-propos\/lewb\/"},"modified":"2023-04-05T08:30:55","modified_gmt":"2023-04-05T07:30:55","slug":"lewb","status":"publish","type":"page","link":"https:\/\/ewb.lu\/fr\/a-propos\/lewb\/","title":{"rendered":"L&rsquo;EwB"},"content":{"rendered":"<section class=\"wpb-content-wrapper\"><p>[vc_row css=\u00a0\u00bb.vc_custom_1670580102613{padding-top: 3% !important;}\u00a0\u00bb][vc_column][vc_custom_heading text=\u00a0\u00bbMission\u00a0\u00bb font_container=\u00a0\u00bbtag:h2|text_align:left|color:%2372005f\u00a0\u00bb use_theme_fonts=\u00a0\u00bbyes\u00a0\u00bb css=\u00a0\u00bb.vc_custom_1670582615817{margin-bottom: 0px !important;padding-bottom: 0px !important;}\u00a0\u00bb][vc_row_inner equal_height=\u00a0\u00bbyes\u00a0\u00bb content_placement=\u00a0\u00bbtop\u00a0\u00bb gap=\u00a0\u00bb35&Prime; css=\u00a0\u00bb.vc_custom_1670582601007{margin-top: 0px !important;padding-top: 0px !important;}\u00a0\u00bb][vc_column_inner width=\u00a0\u00bb1\/2&Prime;][vc_column_text]<\/p>\n<p class=\"p1\">L&rsquo;EwB se consacre \u00e0 la formation de l&rsquo;\u00eatre humain. L&rsquo;\u00e9ducation d\u00e9signe ici le d\u00e9veloppement de l&rsquo;\u00eatre humain dans sa personne, qui est \u00e0 la fois individuel et personnel, mais qui est \u00e9galement compris d&rsquo;un point de vue culturel et p\u00e9dagogique. Elle repr\u00e9sente un processus par lequel l&rsquo;\u00eatre humain peut devenir cr\u00e9ateur dans sa vie. L&rsquo;esprit cr\u00e9atif et autonome, voire critique, est celui qui se comporte avec lui-m\u00eame et son environnement de mani\u00e8re responsable et durable.<\/p>\n<p>[\/vc_column_text][\/vc_column_inner][vc_column_inner width=\u00a0\u00bb1\/2&Prime;][vc_column_text]<\/p>\n<p class=\"p1\">S&rsquo;orienter dans la vie, c&rsquo;est choisir. Cela implique \u00e9galement de s&rsquo;interroger sur ses propres choix. Dans ce contexte, l&rsquo;EwB se consid\u00e8re comme un accompagnateur et un soutien. Nous mettons \u00e0 disposition un espace dans lequel il y a du temps pour soi, pour d\u00e9couvrir de nouvelles choses et pour cr\u00e9er : sa propre cr\u00e9ation et celle avec d&rsquo;autres personnes. Pour cela, nous offrons de nombreuses possibilit\u00e9s, mais le point central reste toujours la vie personnelle, la vie en tant que personne, en tant que membre de la soci\u00e9t\u00e9 et de la plan\u00e8te.<\/p>\n<p>[\/vc_column_text][\/vc_column_inner][\/vc_row_inner][\/vc_column][\/vc_row][vc_row css=\u00a0\u00bb.vc_custom_1670580102613{padding-top: 3% !important;}\u00a0\u00bb][vc_column][vc_row_inner equal_height=\u00a0\u00bbyes\u00a0\u00bb content_placement=\u00a0\u00bbmiddle\u00a0\u00bb gap=\u00a0\u00bb35&Prime; css=\u00a0\u00bb.vc_custom_1670584741689{margin-top: 0px !important;padding-top: 0px !important;}\u00a0\u00bb][vc_column_inner width=\u00a0\u00bb1\/2&Prime;][vc_custom_heading text=\u00a0\u00bbVision\u00a0\u00bb font_container=\u00a0\u00bbtag:h2|text_align:left|color:%2372005f\u00a0\u00bb use_theme_fonts=\u00a0\u00bbyes\u00a0\u00bb][vc_column_text]<\/p>\n<p class=\"p1\">L&rsquo;offre de l&rsquo;EwB reste sans hi\u00e9rarchie th\u00e9matique. Les perspectives sont culturelles, cr\u00e9atives, spirituelles, religieuses, philosophiques ou scientifiques, elles repr\u00e9sentent toujours une orientation au sein du grand tout, de la vie.<span class=\"Apple-converted-space\"> <\/span><\/p>\n<p>[\/vc_column_text][\/vc_column_inner][vc_column_inner width=\u00a0\u00bb1\/2&Prime;][vc_single_image image=\u00a0\u00bb830&Prime; img_size=\u00a0\u00bbfull\u00a0\u00bb el_class=\u00a0\u00bbhero-image-rounded\u00a0\u00bb][\/vc_column_inner][\/vc_row_inner][\/vc_column][\/vc_row][vc_row css=\u00a0\u00bb.vc_custom_1670580102613{padding-top: 3% !important;}\u00a0\u00bb][vc_column][vc_custom_heading text=\u00a0\u00bb4 Piliers\u00a0\u00bb font_container=\u00a0\u00bbtag:h2|text_align:left|color:%2372005f\u00a0\u00bb use_theme_fonts=\u00a0\u00bbyes\u00a0\u00bb css=\u00a0\u00bb.vc_custom_1670584092182{margin-bottom: 0px !important;padding-bottom: 0px !important;}\u00a0\u00bb][vc_row_inner equal_height=\u00a0\u00bbyes\u00a0\u00bb content_placement=\u00a0\u00bbtop\u00a0\u00bb gap=\u00a0\u00bb35&Prime; css=\u00a0\u00bb.vc_custom_1670582601007{margin-top: 0px !important;padding-top: 0px !important;}\u00a0\u00bb][vc_column_inner width=\u00a0\u00bb1\/4&Prime;][vc_column_text]<\/p>\n<p class=\"p1\">Le chemin vers soi-m\u00eame, vers la formation de sa propre personne, est un processus dynamique avec de nombreuses synergies. Pour suivre activement ce chemin et devenir nous-m\u00eames actifs, quatre \u00e9tapes sont pour nous essentielles :<\/p>\n<p>[\/vc_column_text][\/vc_column_inner][vc_column_inner width=\u00a0\u00bb3\/4&Prime;][vc_column_text el_class=\u00a0\u00bbspecial-list\u00a0\u00bb]<\/p>\n<ul>\n<li class=\"p1\">Se percevoir et se reconna\u00eetre soi-m\u00eame, ses ressources et ses besoins : se centrer.<\/li>\n<li>Devenir r\u00e9ceptif, percevoir des informations et les traiter, construire des connaissances et une compr\u00e9hension gr\u00e2ce \u00e0 une comp\u00e9tence m\u00e9diatique.<\/li>\n<li>D\u00e9couvrir des contenus du monde de la vie, les remettre en question de mani\u00e8re critique et les traiter : reconna\u00eetre les liens et s&rsquo;orienter.<\/li>\n<li>A partir de l\u00e0, l&rsquo;homme peut devenir proactif dans la cr\u00e9ation, travailler avec ce qu&rsquo;il a appris, fonder lui-m\u00eame des projets et donner un sens \u00e0 son action &#8211; et s&rsquo;impliquer activement dans la soci\u00e9t\u00e9.<\/li>\n<\/ul>\n<p>[\/vc_column_text][\/vc_column_inner][\/vc_row_inner][vc_row_inner][vc_column_inner][vc_column_text]<\/p>\n<p class=\"p1\">Bien entendu, ces \u00e9tapes varient d&rsquo;une personne \u00e0 l&rsquo;autre et s&rsquo;encha\u00eenent de mani\u00e8re fluide. Tous font partie de la culture de l&rsquo;\u00eatre humain ind\u00e9pendant et actif. Pour mettre l&rsquo;accent sur ce processus, l&rsquo;EwB rencontre l&rsquo;\u00eatre humain \u00e0 chaque \u00e2ge et \u00e0 chaque phase de sa vie. Nous accompagnons volontiers dans l&rsquo;orientation et la formation continue afin de favoriser l&rsquo;autonomie et la cr\u00e9ativit\u00e9.<\/p>\n<p>[\/vc_column_text][\/vc_column_inner][\/vc_row_inner][\/vc_column][\/vc_row][vc_row css=\u00a0\u00bb.vc_custom_1670580102613{padding-top: 3% !important;}\u00a0\u00bb][vc_column][vc_custom_heading text=\u00a0\u00bbUn peu d&rsquo;histoire\u00a0\u00bb font_container=\u00a0\u00bbtag:h2|text_align:left|color:%2372005f\u00a0\u00bb use_theme_fonts=\u00a0\u00bbyes\u00a0\u00bb css=\u00a0\u00bb.vc_custom_1680679055642{margin-bottom: 0px !important;padding-bottom: 0px !important;}\u00a0\u00bb][vc_row_inner][vc_column_inner][vc_column_text]<\/p>\n<ul>\n<li>L\u2019asbl a vu le jour sous l\u2019appellation \u00ab Info-Video-Center asbl \u00bb en 1986. Initialement elle a \u00e9t\u00e9 cr\u00e9\u00e9e pour d\u00e9velopper des activit\u00e9s compl\u00e9mentaires au \u00ab Centre Chr\u00e9tien d\u2019\u00c9ducation des Adultes\u00bb, un service de l\u2019\u00c9glise catholique cr\u00e9\u00e9 en 1972. Cette m\u00eame ann\u00e9e, l\u2019asbl signe une premi\u00e8re convention toujours en vigueur avec le Minist\u00e8re de la Famille en tant que minist\u00e8re de tutelle, en vigueur jusqu\u00b4en 2021.<\/li>\n<li>L\u2019asbl est reconnue d\u2019utilit\u00e9 publique en 2001.<\/li>\n<li>En 2003, l\u2019asbl signe une convention avec la Ville de Luxembourg avec le but d\u2019assurer des formations en m\u00e9dias num\u00e9riques (devenues Internetstuff \/ i-stuff).<\/li>\n<li>En 2009 l&rsquo;asbl prend la d\u00e9nomination \u00ab ErwuesseBildung asbl \u00bb.<\/li>\n<li>En 2011 l\u2019asbl est agr\u00e9\u00e9e pour organiser des cours de formation professionnelle continue par le Minist\u00e8re de l\u2019\u00c9ducation Nationale et de la Formation continue.<\/li>\n<li>En 2015 lors de la r\u00e9organisation de l\u2019archidioc\u00e8se, l\u2019ErwuesseBildung entre en convention avec l\u2019Archev\u00each\u00e9.<\/li>\n<li>En 2021 l\u2019asbl signe une convention avec le Minist\u00e8re de la Digitalisation et un nouvel accord avec l\u2019Archev\u00each\u00e9.<\/li>\n<li>En 2022 l\u2019asbl signe une convention avec le Minist\u00e8re de l\u00b4Education Nationale et de la Jeunesse qui remplace le Minist\u00e8re de la Famille en tant que minist\u00e8re de tutelle.<\/li>\n<\/ul>\n<p>[\/vc_column_text][\/vc_column_inner][\/vc_row_inner][\/vc_column][\/vc_row]<\/p>\n<\/section>","protected":false},"excerpt":{"rendered":"<p>[vc_row css=\u00a0\u00bb.vc_custom_1670580102613{padding-top: 3% !important;}\u00a0\u00bb][vc_column][vc_custom_heading text=\u00a0\u00bbMission\u00a0\u00bb font_container=\u00a0\u00bbtag:h2|text_align:left|color:%2372005f\u00a0\u00bb use_theme_fonts=\u00a0\u00bbyes\u00a0\u00bb css=\u00a0\u00bb.vc_custom_1670582615817{margin-bottom: 0px !important;padding-bottom: 0px !important;}\u00a0\u00bb][vc_row_inner equal_height=\u00a0\u00bbyes\u00a0\u00bb content_placement=\u00a0\u00bbtop\u00a0\u00bb gap=\u00a0\u00bb35&Prime; css=\u00a0\u00bb.vc_custom_1670582601007{margin-top: 0px !important;padding-top: 0px !important;}\u00a0\u00bb][vc_column_inner width=\u00a0\u00bb1\/2&Prime;][vc_column_text] L&rsquo;EwB se consacre \u00e0 la formation de l&rsquo;\u00eatre humain. L&rsquo;\u00e9ducation d\u00e9signe ici le d\u00e9veloppement de l&rsquo;\u00eatre humain dans sa personne, qui est \u00e0 la fois individuel et personnel, mais qui est \u00e9galement compris d&rsquo;un [&hellip;]<\/p>\n","protected":false},"author":1,"featured_media":620,"parent":1927,"menu_order":0,"comment_status":"closed","ping_status":"closed","template":"","meta":{"_acf_changed":false,"inline_featured_image":false,"footnotes":""},"class_list":["post-2336","page","type-page","status-publish","has-post-thumbnail","hentry"],"acf":[],"yoast_head":"<!-- This site is optimized with the Yoast SEO plugin v27.1.1 - https:\/\/yoast.com\/product\/yoast-seo-wordpress\/ -->\n<title>L&#039;EwB - EWB<\/title>\n<meta name=\"robots\" content=\"index, follow, max-snippet:-1, max-image-preview:large, max-video-preview:-1\" \/>\n<link rel=\"canonical\" href=\"https:\/\/ewb.lu\/fr\/a-propos\/lewb\/\" \/>\n<meta property=\"og:locale\" content=\"fr_FR\" \/>\n<meta property=\"og:type\" content=\"article\" \/>\n<meta property=\"og:title\" content=\"L&#039;EwB - EWB\" \/>\n<meta property=\"og:description\" content=\"[vc_row css=\u00a0\u00bb.vc_custom_1670580102613{padding-top: 3% !important;}\u00a0\u00bb][vc_column][vc_custom_heading text=\u00a0\u00bbMission\u00a0\u00bb font_container=\u00a0\u00bbtag:h2|text_align:left|color:%2372005f\u00a0\u00bb use_theme_fonts=\u00a0\u00bbyes\u00a0\u00bb css=\u00a0\u00bb.vc_custom_1670582615817{margin-bottom: 0px !important;padding-bottom: 0px !important;}\u00a0\u00bb][vc_row_inner equal_height=\u00a0\u00bbyes\u00a0\u00bb content_placement=\u00a0\u00bbtop\u00a0\u00bb gap=\u00a0\u00bb35&Prime; css=\u00a0\u00bb.vc_custom_1670582601007{margin-top: 0px !important;padding-top: 0px !important;}\u00a0\u00bb][vc_column_inner width=\u00a0\u00bb1\/2&Prime;][vc_column_text] L&rsquo;EwB se consacre \u00e0 la formation de l&rsquo;\u00eatre humain. L&rsquo;\u00e9ducation d\u00e9signe ici le d\u00e9veloppement de l&rsquo;\u00eatre humain dans sa personne, qui est \u00e0 la fois individuel et personnel, mais qui est \u00e9galement compris d&rsquo;un [&hellip;]\" \/>\n<meta property=\"og:url\" content=\"https:\/\/ewb.lu\/fr\/a-propos\/lewb\/\" \/>\n<meta property=\"og:site_name\" content=\"EWB\" \/>\n<meta property=\"article:publisher\" content=\"https:\/\/www.facebook.com\/ErwuesseBild\/\" \/>\n<meta property=\"article:modified_time\" content=\"2023-04-05T07:30:55+00:00\" \/>\n<meta property=\"og:image\" content=\"https:\/\/ewb.lu\/wp-content\/uploads\/2022\/12\/ewb-general.png\" \/>\n\t<meta property=\"og:image:width\" content=\"2952\" \/>\n\t<meta property=\"og:image:height\" content=\"1652\" \/>\n\t<meta property=\"og:image:type\" content=\"image\/png\" \/>\n<meta name=\"twitter:card\" content=\"summary_large_image\" \/>\n<meta name=\"twitter:label1\" content=\"Dur\u00e9e de lecture estim\u00e9e\" \/>\n\t<meta name=\"twitter:data1\" content=\"5 minutes\" \/>\n<script type=\"application\/ld+json\" class=\"yoast-schema-graph\">{\"@context\":\"https:\/\/schema.org\",\"@graph\":[{\"@type\":\"WebPage\",\"@id\":\"https:\/\/ewb.lu\/fr\/a-propos\/lewb\/\",\"url\":\"https:\/\/ewb.lu\/fr\/a-propos\/lewb\/\",\"name\":\"L'EwB - EWB\",\"isPartOf\":{\"@id\":\"https:\/\/ewb.lu\/fr\/#website\"},\"primaryImageOfPage\":{\"@id\":\"https:\/\/ewb.lu\/fr\/a-propos\/lewb\/#primaryimage\"},\"image\":{\"@id\":\"https:\/\/ewb.lu\/fr\/a-propos\/lewb\/#primaryimage\"},\"thumbnailUrl\":\"https:\/\/ewb.lu\/wp-content\/uploads\/2022\/12\/ewb-general.png\",\"datePublished\":\"2022-09-13T10:51:35+00:00\",\"dateModified\":\"2023-04-05T07:30:55+00:00\",\"breadcrumb\":{\"@id\":\"https:\/\/ewb.lu\/fr\/a-propos\/lewb\/#breadcrumb\"},\"inLanguage\":\"fr-FR\",\"potentialAction\":[{\"@type\":\"ReadAction\",\"target\":[\"https:\/\/ewb.lu\/fr\/a-propos\/lewb\/\"]}]},{\"@type\":\"ImageObject\",\"inLanguage\":\"fr-FR\",\"@id\":\"https:\/\/ewb.lu\/fr\/a-propos\/lewb\/#primaryimage\",\"url\":\"https:\/\/ewb.lu\/wp-content\/uploads\/2022\/12\/ewb-general.png\",\"contentUrl\":\"https:\/\/ewb.lu\/wp-content\/uploads\/2022\/12\/ewb-general.png\",\"width\":2952,\"height\":1652},{\"@type\":\"BreadcrumbList\",\"@id\":\"https:\/\/ewb.lu\/fr\/a-propos\/lewb\/#breadcrumb\",\"itemListElement\":[{\"@type\":\"ListItem\",\"position\":1,\"name\":\"Startseite\",\"item\":\"https:\/\/ewb.lu\/fr\/\"},{\"@type\":\"ListItem\",\"position\":2,\"name\":\"\u00c0 propos\",\"item\":\"https:\/\/ewb.lu\/fr\/ueber-uns\/\"},{\"@type\":\"ListItem\",\"position\":3,\"name\":\"L&#8217;EwB\"}]},{\"@type\":\"WebSite\",\"@id\":\"https:\/\/ewb.lu\/fr\/#website\",\"url\":\"https:\/\/ewb.lu\/fr\/\",\"name\":\"EwB ErwuesseBildung\",\"description\":\"ErwuesseBildung\",\"publisher\":{\"@id\":\"https:\/\/ewb.lu\/fr\/#organization\"},\"alternateName\":\"EWB\",\"potentialAction\":[{\"@type\":\"SearchAction\",\"target\":{\"@type\":\"EntryPoint\",\"urlTemplate\":\"https:\/\/ewb.lu\/fr\/?s={search_term_string}\"},\"query-input\":{\"@type\":\"PropertyValueSpecification\",\"valueRequired\":true,\"valueName\":\"search_term_string\"}}],\"inLanguage\":\"fr-FR\"},{\"@type\":\"Organization\",\"@id\":\"https:\/\/ewb.lu\/fr\/#organization\",\"name\":\"ErwuesseBildung Asbl\",\"alternateName\":\"EWB\",\"url\":\"https:\/\/ewb.lu\/fr\/\",\"logo\":{\"@type\":\"ImageObject\",\"inLanguage\":\"fr-FR\",\"@id\":\"https:\/\/ewb.lu\/fr\/#\/schema\/logo\/image\/\",\"url\":\"https:\/\/ewb.lu\/wp-content\/uploads\/2022\/11\/ewb-logo-header.svg\",\"contentUrl\":\"https:\/\/ewb.lu\/wp-content\/uploads\/2022\/11\/ewb-logo-header.svg\",\"width\":301,\"height\":38,\"caption\":\"ErwuesseBildung Asbl\"},\"image\":{\"@id\":\"https:\/\/ewb.lu\/fr\/#\/schema\/logo\/image\/\"},\"sameAs\":[\"https:\/\/www.facebook.com\/ErwuesseBild\/\",\"https:\/\/lu.linkedin.com\/company\/erwuessebildung---formation-dadultes\",\"https:\/\/www.instagram.com\/erwuessebildung_asbl\/\"]}]}<\/script>\n<!-- \/ Yoast SEO plugin. -->","yoast_head_json":{"title":"L'EwB - EWB","robots":{"index":"index","follow":"follow","max-snippet":"max-snippet:-1","max-image-preview":"max-image-preview:large","max-video-preview":"max-video-preview:-1"},"canonical":"https:\/\/ewb.lu\/fr\/a-propos\/lewb\/","og_locale":"fr_FR","og_type":"article","og_title":"L'EwB - EWB","og_description":"[vc_row css=\u00a0\u00bb.vc_custom_1670580102613{padding-top: 3% !important;}\u00a0\u00bb][vc_column][vc_custom_heading text=\u00a0\u00bbMission\u00a0\u00bb font_container=\u00a0\u00bbtag:h2|text_align:left|color:%2372005f\u00a0\u00bb use_theme_fonts=\u00a0\u00bbyes\u00a0\u00bb css=\u00a0\u00bb.vc_custom_1670582615817{margin-bottom: 0px !important;padding-bottom: 0px !important;}\u00a0\u00bb][vc_row_inner equal_height=\u00a0\u00bbyes\u00a0\u00bb content_placement=\u00a0\u00bbtop\u00a0\u00bb gap=\u00a0\u00bb35&Prime; css=\u00a0\u00bb.vc_custom_1670582601007{margin-top: 0px !important;padding-top: 0px !important;}\u00a0\u00bb][vc_column_inner width=\u00a0\u00bb1\/2&Prime;][vc_column_text] L&rsquo;EwB se consacre \u00e0 la formation de l&rsquo;\u00eatre humain. L&rsquo;\u00e9ducation d\u00e9signe ici le d\u00e9veloppement de l&rsquo;\u00eatre humain dans sa personne, qui est \u00e0 la fois individuel et personnel, mais qui est \u00e9galement compris d&rsquo;un [&hellip;]","og_url":"https:\/\/ewb.lu\/fr\/a-propos\/lewb\/","og_site_name":"EWB","article_publisher":"https:\/\/www.facebook.com\/ErwuesseBild\/","article_modified_time":"2023-04-05T07:30:55+00:00","og_image":[{"width":2952,"height":1652,"url":"https:\/\/ewb.lu\/wp-content\/uploads\/2022\/12\/ewb-general.png","type":"image\/png"}],"twitter_card":"summary_large_image","twitter_misc":{"Dur\u00e9e de lecture estim\u00e9e":"5 minutes"},"schema":{"@context":"https:\/\/schema.org","@graph":[{"@type":"WebPage","@id":"https:\/\/ewb.lu\/fr\/a-propos\/lewb\/","url":"https:\/\/ewb.lu\/fr\/a-propos\/lewb\/","name":"L'EwB - EWB","isPartOf":{"@id":"https:\/\/ewb.lu\/fr\/#website"},"primaryImageOfPage":{"@id":"https:\/\/ewb.lu\/fr\/a-propos\/lewb\/#primaryimage"},"image":{"@id":"https:\/\/ewb.lu\/fr\/a-propos\/lewb\/#primaryimage"},"thumbnailUrl":"https:\/\/ewb.lu\/wp-content\/uploads\/2022\/12\/ewb-general.png","datePublished":"2022-09-13T10:51:35+00:00","dateModified":"2023-04-05T07:30:55+00:00","breadcrumb":{"@id":"https:\/\/ewb.lu\/fr\/a-propos\/lewb\/#breadcrumb"},"inLanguage":"fr-FR","potentialAction":[{"@type":"ReadAction","target":["https:\/\/ewb.lu\/fr\/a-propos\/lewb\/"]}]},{"@type":"ImageObject","inLanguage":"fr-FR","@id":"https:\/\/ewb.lu\/fr\/a-propos\/lewb\/#primaryimage","url":"https:\/\/ewb.lu\/wp-content\/uploads\/2022\/12\/ewb-general.png","contentUrl":"https:\/\/ewb.lu\/wp-content\/uploads\/2022\/12\/ewb-general.png","width":2952,"height":1652},{"@type":"BreadcrumbList","@id":"https:\/\/ewb.lu\/fr\/a-propos\/lewb\/#breadcrumb","itemListElement":[{"@type":"ListItem","position":1,"name":"Startseite","item":"https:\/\/ewb.lu\/fr\/"},{"@type":"ListItem","position":2,"name":"\u00c0 propos","item":"https:\/\/ewb.lu\/fr\/ueber-uns\/"},{"@type":"ListItem","position":3,"name":"L&#8217;EwB"}]},{"@type":"WebSite","@id":"https:\/\/ewb.lu\/fr\/#website","url":"https:\/\/ewb.lu\/fr\/","name":"EwB ErwuesseBildung","description":"ErwuesseBildung","publisher":{"@id":"https:\/\/ewb.lu\/fr\/#organization"},"alternateName":"EWB","potentialAction":[{"@type":"SearchAction","target":{"@type":"EntryPoint","urlTemplate":"https:\/\/ewb.lu\/fr\/?s={search_term_string}"},"query-input":{"@type":"PropertyValueSpecification","valueRequired":true,"valueName":"search_term_string"}}],"inLanguage":"fr-FR"},{"@type":"Organization","@id":"https:\/\/ewb.lu\/fr\/#organization","name":"ErwuesseBildung Asbl","alternateName":"EWB","url":"https:\/\/ewb.lu\/fr\/","logo":{"@type":"ImageObject","inLanguage":"fr-FR","@id":"https:\/\/ewb.lu\/fr\/#\/schema\/logo\/image\/","url":"https:\/\/ewb.lu\/wp-content\/uploads\/2022\/11\/ewb-logo-header.svg","contentUrl":"https:\/\/ewb.lu\/wp-content\/uploads\/2022\/11\/ewb-logo-header.svg","width":301,"height":38,"caption":"ErwuesseBildung Asbl"},"image":{"@id":"https:\/\/ewb.lu\/fr\/#\/schema\/logo\/image\/"},"sameAs":["https:\/\/www.facebook.com\/ErwuesseBild\/","https:\/\/lu.linkedin.com\/company\/erwuessebildung---formation-dadultes","https:\/\/www.instagram.com\/erwuessebildung_asbl\/"]}]}},"_links":{"self":[{"href":"https:\/\/ewb.lu\/fr\/wp-json\/wp\/v2\/pages\/2336","targetHints":{"allow":["GET"]}}],"collection":[{"href":"https:\/\/ewb.lu\/fr\/wp-json\/wp\/v2\/pages"}],"about":[{"href":"https:\/\/ewb.lu\/fr\/wp-json\/wp\/v2\/types\/page"}],"author":[{"embeddable":true,"href":"https:\/\/ewb.lu\/fr\/wp-json\/wp\/v2\/users\/1"}],"replies":[{"embeddable":true,"href":"https:\/\/ewb.lu\/fr\/wp-json\/wp\/v2\/comments?post=2336"}],"version-history":[{"count":6,"href":"https:\/\/ewb.lu\/fr\/wp-json\/wp\/v2\/pages\/2336\/revisions"}],"predecessor-version":[{"id":2812,"href":"https:\/\/ewb.lu\/fr\/wp-json\/wp\/v2\/pages\/2336\/revisions\/2812"}],"up":[{"embeddable":true,"href":"https:\/\/ewb.lu\/fr\/wp-json\/wp\/v2\/pages\/1927"}],"wp:featuredmedia":[{"embeddable":true,"href":"https:\/\/ewb.lu\/fr\/wp-json\/wp\/v2\/media\/620"}],"wp:attachment":[{"href":"https:\/\/ewb.lu\/fr\/wp-json\/wp\/v2\/media?parent=2336"}],"curies":[{"name":"wp","href":"https:\/\/api.w.org\/{rel}","templated":true}]}}