{"id":2344,"date":"2022-11-08T16:48:00","date_gmt":"2022-11-08T15:48:00","guid":{"rendered":"https:\/\/ewb.cuco.dev\/a-propos\/groupes-de-travail\/"},"modified":"2024-06-05T07:56:06","modified_gmt":"2024-06-05T06:56:06","slug":"groupes-de-travail","status":"publish","type":"page","link":"https:\/\/ewb.lu\/fr\/a-propos\/groupes-de-travail\/","title":{"rendered":"Groupes de travail"},"content":{"rendered":"<section class=\"wpb-content-wrapper\"><p>[vc_row equal_height=\u00a0\u00bbyes\u00a0\u00bb css=\u00a0\u00bb.vc_custom_1670494419495{padding-top: 3% !important;}\u00a0\u00bb][vc_column width=\u00a0\u00bb2\/3&Prime;][vc_column_text]Depuis sa cr\u00e9ation, l&rsquo;ErwuesseBildung asbl travaille beaucoup avec des b\u00e9n\u00e9voles. Ainsi, toute une s\u00e9rie de groupes de travail sont actifs, qui fonctionnent de mani\u00e8re tout \u00e0 fait autonome et mettent en \u0153uvre de nombreux projets propres.[\/vc_column_text][\/vc_column][vc_column width=\u00a0\u00bb1\/3&Prime; offset=\u00a0\u00bbvc_hidden-md vc_hidden-sm vc_hidden-xs\u00a0\u00bb][vc_single_image image=\u00a0\u00bb503&Prime; img_size=\u00a0\u00bbfull\u00a0\u00bb el_class=\u00a0\u00bbrounded\u00a0\u00bb css=\u00a0\u00bb.vc_custom_1670948268245{margin-top: -150px !important;}\u00a0\u00bb][\/vc_column][\/vc_row][vc_row gap=\u00a0\u00bb35&Prime; equal_height=\u00a0\u00bbyes\u00a0\u00bb][vc_column width=\u00a0\u00bb1\/2&Prime;][vc_custom_heading text=\u00a0\u00bbGroupe de travail Livres et litt\u00e9rature\u00a0\u00bb font_container=\u00a0\u00bbtag:h3|text_align:left|color:%2372005f\u00a0\u00bb use_theme_fonts=\u00a0\u00bbyes\u00a0\u00bb][vc_column_text]<\/p>\n<p class=\"p1\">C&rsquo;est un lieu o\u00f9 se retrouvent r\u00e9guli\u00e8rement des collaborateurs engag\u00e9s de l&rsquo;EwB qui n&rsquo;aiment rien tant que s&rsquo;occuper de la litt\u00e9rature enfantine. Son plus grand souhait est de transmettre la passion de la lecture aux enfants. Pour cela, nous organisons r\u00e9guli\u00e8rement des activit\u00e9s passionnantes autour de la lecture et s\u00e9lectionnons des livres pour enfants int\u00e9ressants et qui m\u00e9ritent d&rsquo;\u00eatre lus.<\/p>\n<p>Contact: &#x6c;e&#x73;&#108;i&#x65;&#46;&#x66;&#105;s&#x63;&#104;&#x62;&#97;c&#x68;&#64;&#x65;&#x77;b&#x2e;&#108;u[\/vc_column_text][\/vc_column][vc_column width=\u00a0\u00bb1\/2&Prime;][vc_custom_heading text=\u00a0\u00bbGroupe de travail \u00c9glises ouvertes\u00a0\u00bb font_container=\u00a0\u00bbtag:h3|text_align:left|color:%2372005f\u00a0\u00bb use_theme_fonts=\u00a0\u00bbyes\u00a0\u00bb][vc_column_text]<\/p>\n<p class=\"p1\">Ce groupe de travail s&rsquo;occupe de faire conna\u00eetre les chapelles et les \u00e9glises au public. Il y a des gens d&rsquo;horizons diff\u00e9rents, que ce soit dans le domaine de la protection du patrimoine, de la th\u00e9ologie, de la communication, du tourisme ou des paroisses. Nous accompagnons la coordination du \u00ab\u00a0Week-end des \u00e9glises ouvertes\u00a0\u00bb et du \u00ab\u00a0R\u00e9seau des \u00e9glises ouvertes\u00a0\u00bb, la formation de guide d&rsquo;\u00e9glise et les \u00e9v\u00e9nements culturels dans les \u00e9glises.<\/p>\n<p>Contact: &#x6c;&#97;&#x75;&#114;e&#x2e;&#115;i&#x6d;&#111;&#x6e;&#x40;e&#x77;&#98;&#46;&#x6c;&#117;[\/vc_column_text][\/vc_column][\/vc_row][vc_row gap=\u00a0\u00bb35&Prime; equal_height=\u00a0\u00bbyes\u00a0\u00bb][vc_column width=\u00a0\u00bb1\/2&Prime;][vc_custom_heading text=\u00a0\u00bbGroupe de travail Nature et d\u00e9veloppement durable\u00a0\u00bb font_container=\u00a0\u00bbtag:h3|text_align:left|color:%2372005f\u00a0\u00bb use_theme_fonts=\u00a0\u00bbyes\u00a0\u00bb][vc_column_text]<\/p>\n<p class=\"p1\">Construction naturelle, technique solaire, efficacit\u00e9 \u00e9nerg\u00e9tique, z\u00e9ro d\u00e9chet, randonn\u00e9e, plantes sauvages ou ateliers d&rsquo;upcycling : ce groupe de travail r\u00e9unit des personnes qui s&rsquo;engagent dans des projets sur le th\u00e8me du lien avec la nature et de la durabilit\u00e9.<\/p>\n<p>Contact: &#x6e;&#x6f;&#x72;&#x61;&#x2e;&#115;&#99;&#104;&#108;eic&#x68;&#x40;&#x65;&#x77;&#x62;&#x2e;&#108;&#117;[\/vc_column_text][\/vc_column][vc_column width=\u00a0\u00bb1\/2&Prime;][vc_custom_heading text=\u00a0\u00bbGroupe de travail sociopolitique\u00a0\u00bb font_container=\u00a0\u00bbtag:h3|text_align:left|color:%2372005f\u00a0\u00bb use_theme_fonts=\u00a0\u00bbyes\u00a0\u00bb][vc_column_text]<\/p>\n<p class=\"p1\">Les th\u00e8mes de ce groupe de travail sont tr\u00e8s vari\u00e9s et ont g\u00e9n\u00e9ralement un lien avec l&rsquo;actualit\u00e9. Cela va des questions de justice sociale, de d\u00e9mocratie et de durabilit\u00e9 aux discussions sur l&rsquo;\u00c9glise et la foi \u00e0 notre \u00e9poque. Alors qu&rsquo;auparavant, des impulsions et des id\u00e9es pour le programme de l&rsquo;EwB naissaient de nos assembl\u00e9es, nous en restons aujourd&rsquo;hui le plus souvent \u00e0 des \u00e9changes en petit groupe, qui nous permettent d&rsquo;affiner ou de remettre en question nos propres opinions.<\/p>\n<p>Contact: &#x69;&#x6e;&#x66;&#x6f;&#x40;&#x65;&#x77;&#x62;&#46;&#108;&#117;[\/vc_column_text][\/vc_column][\/vc_row][vc_row gap=\u00a0\u00bb35&Prime; equal_height=\u00a0\u00bbyes\u00a0\u00bb][vc_column width=\u00a0\u00bb1\/2&Prime;][vc_custom_heading text=\u00a0\u00bbAtelier Spirituel\u00a0\u00bb font_container=\u00a0\u00bbtag:h3|text_align:left|color:%2372005f\u00a0\u00bb use_theme_fonts=\u00a0\u00bbyes\u00a0\u00bb][vc_column_text]<\/p>\n<p class=\"p1\">Une fois par mois, un groupe de 10 \u00e0 20 personnes se r\u00e9unit pour discuter d&rsquo;un texte ou d&rsquo;une contribution que l&rsquo;un des membres du groupe a choisi \u00e0 l&rsquo;avance. Il peut s&rsquo;agir d&rsquo;un passage de la Bible, d&rsquo;un extrait de livre ou d&rsquo;un sujet d&rsquo;actualit\u00e9 en rapport avec la spiritualit\u00e9 et la foi au sens large. Le lien avec notre propre vie est toujours au centre de nos discussions. Apr\u00e8s la discussion, nous partageons le pain et le vin &#8211; pas de mani\u00e8re rituelle, mais simplement avec ce que nous avons apport\u00e9.<\/p>\n<p>Contact: info&#64;ewb&#46;&#108;&#117;[\/vc_column_text][\/vc_column][\/vc_row][vc_row css=\u00a0\u00bb.vc_custom_1670430097017{margin-top: 5% !important;padding-top: 0px !important;}\u00a0\u00bb][vc_column][vc_row_inner equal_height=\u00a0\u00bbyes\u00a0\u00bb content_placement=\u00a0\u00bbmiddle\u00a0\u00bb css=\u00a0\u00bb.vc_custom_1670429881116{border-top-width: 3px !important;border-right-width: 3px !important;border-bottom-width: 3px !important;border-left-width: 3px !important;padding-top: 0px !important;border-left-color: rgba(114,0,95,0.15) !important;border-left-style: solid !important;border-right-color: rgba(114,0,95,0.15) !important;border-right-style: solid !important;border-top-color: rgba(114,0,95,0.15) !important;border-top-style: solid !important;border-bottom-color: rgba(114,0,95,0.15) !important;border-bottom-style: solid !important;border-radius: 20px !important;}\u00a0\u00bb][vc_column_inner width=\u00a0\u00bb5\/6&Prime;][vc_custom_heading text=\u00a0\u00bbSi vous aussi, vous avez envie de faire bouger les choses avec des personnes motiv\u00e9es ou si vous souhaitez obtenir plus d&rsquo;informations sur nos groupes de travail, n&rsquo;h\u00e9sitez pas \u00e0 nous contacter.\u00a0\u00bb font_container=\u00a0\u00bbtag:h3|text_align:left|color:%2372005f|line_height:42px\u00a0\u00bb use_theme_fonts=\u00a0\u00bbyes\u00a0\u00bb][\/vc_column_inner][vc_column_inner width=\u00a0\u00bb1\/6&Prime;]\t\t<div class=\"outer-button inline\">\r\n\t\t\t<a class=\"coolBeans \" href=\"&#x6d;&#97;&#x69;&#x6c;&#116;&#x6f;&#58;i&#x6e;&#102;o&#x40;&#101;w&#x62;&#46;l&#x75;\"\r\n\t\t\t   target=\"\">\r\n\t\t\t\tEnvoyez-nous un e-mail<\/a>\r\n\t\t<\/div>\r\n\t\t[\/vc_column_inner][\/vc_row_inner][\/vc_column][\/vc_row]<\/p>\n<\/section>","protected":false},"excerpt":{"rendered":"<p>[vc_row equal_height=\u00a0\u00bbyes\u00a0\u00bb css=\u00a0\u00bb.vc_custom_1670494419495{padding-top: 3% !important;}\u00a0\u00bb][vc_column width=\u00a0\u00bb2\/3&Prime;][vc_column_text]Depuis sa cr\u00e9ation, l&rsquo;ErwuesseBildung asbl travaille beaucoup avec des b\u00e9n\u00e9voles. Ainsi, toute une s\u00e9rie de groupes de travail sont actifs, qui fonctionnent de mani\u00e8re tout \u00e0 fait autonome et mettent en \u0153uvre de nombreux projets propres.[\/vc_column_text][\/vc_column][vc_column width=\u00a0\u00bb1\/3&Prime; offset=\u00a0\u00bbvc_hidden-md vc_hidden-sm vc_hidden-xs\u00a0\u00bb][vc_single_image image=\u00a0\u00bb503&Prime; img_size=\u00a0\u00bbfull\u00a0\u00bb el_class=\u00a0\u00bbrounded\u00a0\u00bb css=\u00a0\u00bb.vc_custom_1670948268245{margin-top: -150px !important;}\u00a0\u00bb][\/vc_column][\/vc_row][vc_row gap=\u00a0\u00bb35&Prime; equal_height=\u00a0\u00bbyes\u00a0\u00bb][vc_column width=\u00a0\u00bb1\/2&Prime;][vc_custom_heading text=\u00a0\u00bbGroupe [&hellip;]<\/p>\n","protected":false},"author":1,"featured_media":503,"parent":1927,"menu_order":0,"comment_status":"closed","ping_status":"closed","template":"","meta":{"_acf_changed":false,"inline_featured_image":false,"footnotes":""},"class_list":["post-2344","page","type-page","status-publish","has-post-thumbnail","hentry"],"acf":[],"yoast_head":"<!-- This site is optimized with the Yoast SEO plugin v27.1.1 - https:\/\/yoast.com\/product\/yoast-seo-wordpress\/ -->\n<title>Groupes de travail - EWB<\/title>\n<meta name=\"robots\" content=\"index, follow, max-snippet:-1, max-image-preview:large, max-video-preview:-1\" \/>\n<link rel=\"canonical\" href=\"https:\/\/ewb.lu\/fr\/a-propos\/groupes-de-travail\/\" \/>\n<meta property=\"og:locale\" content=\"fr_FR\" \/>\n<meta property=\"og:type\" content=\"article\" \/>\n<meta property=\"og:title\" content=\"Groupes de travail - EWB\" \/>\n<meta property=\"og:description\" content=\"[vc_row equal_height=\u00a0\u00bbyes\u00a0\u00bb css=\u00a0\u00bb.vc_custom_1670494419495{padding-top: 3% !important;}\u00a0\u00bb][vc_column width=\u00a0\u00bb2\/3&Prime;][vc_column_text]Depuis sa cr\u00e9ation, l&rsquo;ErwuesseBildung asbl travaille beaucoup avec des b\u00e9n\u00e9voles. Ainsi, toute une s\u00e9rie de groupes de travail sont actifs, qui fonctionnent de mani\u00e8re tout \u00e0 fait autonome et mettent en \u0153uvre de nombreux projets propres.[\/vc_column_text][\/vc_column][vc_column width=\u00a0\u00bb1\/3&Prime; offset=\u00a0\u00bbvc_hidden-md vc_hidden-sm vc_hidden-xs\u00a0\u00bb][vc_single_image image=\u00a0\u00bb503&Prime; img_size=\u00a0\u00bbfull\u00a0\u00bb el_class=\u00a0\u00bbrounded\u00a0\u00bb css=\u00a0\u00bb.vc_custom_1670948268245{margin-top: -150px !important;}\u00a0\u00bb][\/vc_column][\/vc_row][vc_row gap=\u00a0\u00bb35&Prime; equal_height=\u00a0\u00bbyes\u00a0\u00bb][vc_column width=\u00a0\u00bb1\/2&Prime;][vc_custom_heading text=\u00a0\u00bbGroupe [&hellip;]\" \/>\n<meta property=\"og:url\" content=\"https:\/\/ewb.lu\/fr\/a-propos\/groupes-de-travail\/\" \/>\n<meta property=\"og:site_name\" content=\"EWB\" \/>\n<meta property=\"article:publisher\" content=\"https:\/\/www.facebook.com\/ErwuesseBild\/\" \/>\n<meta property=\"article:modified_time\" content=\"2024-06-05T06:56:06+00:00\" \/>\n<meta property=\"og:image\" content=\"https:\/\/ewb.lu\/wp-content\/uploads\/2022\/12\/ewb-arbeitsgruppen.jpg\" \/>\n\t<meta property=\"og:image:width\" content=\"1476\" \/>\n\t<meta property=\"og:image:height\" content=\"826\" \/>\n\t<meta property=\"og:image:type\" content=\"image\/jpeg\" \/>\n<meta name=\"twitter:card\" content=\"summary_large_image\" \/>\n<meta name=\"twitter:label1\" content=\"Dur\u00e9e de lecture estim\u00e9e\" \/>\n\t<meta name=\"twitter:data1\" content=\"3 minutes\" \/>\n<script type=\"application\/ld+json\" class=\"yoast-schema-graph\">{\"@context\":\"https:\/\/schema.org\",\"@graph\":[{\"@type\":\"WebPage\",\"@id\":\"https:\/\/ewb.lu\/fr\/a-propos\/groupes-de-travail\/\",\"url\":\"https:\/\/ewb.lu\/fr\/a-propos\/groupes-de-travail\/\",\"name\":\"Groupes de travail - EWB\",\"isPartOf\":{\"@id\":\"https:\/\/ewb.lu\/fr\/#website\"},\"primaryImageOfPage\":{\"@id\":\"https:\/\/ewb.lu\/fr\/a-propos\/groupes-de-travail\/#primaryimage\"},\"image\":{\"@id\":\"https:\/\/ewb.lu\/fr\/a-propos\/groupes-de-travail\/#primaryimage\"},\"thumbnailUrl\":\"https:\/\/ewb.lu\/wp-content\/uploads\/2022\/12\/ewb-arbeitsgruppen.jpg\",\"datePublished\":\"2022-11-08T15:48:00+00:00\",\"dateModified\":\"2024-06-05T06:56:06+00:00\",\"breadcrumb\":{\"@id\":\"https:\/\/ewb.lu\/fr\/a-propos\/groupes-de-travail\/#breadcrumb\"},\"inLanguage\":\"fr-FR\",\"potentialAction\":[{\"@type\":\"ReadAction\",\"target\":[\"https:\/\/ewb.lu\/fr\/a-propos\/groupes-de-travail\/\"]}]},{\"@type\":\"ImageObject\",\"inLanguage\":\"fr-FR\",\"@id\":\"https:\/\/ewb.lu\/fr\/a-propos\/groupes-de-travail\/#primaryimage\",\"url\":\"https:\/\/ewb.lu\/wp-content\/uploads\/2022\/12\/ewb-arbeitsgruppen.jpg\",\"contentUrl\":\"https:\/\/ewb.lu\/wp-content\/uploads\/2022\/12\/ewb-arbeitsgruppen.jpg\",\"width\":1476,\"height\":826},{\"@type\":\"BreadcrumbList\",\"@id\":\"https:\/\/ewb.lu\/fr\/a-propos\/groupes-de-travail\/#breadcrumb\",\"itemListElement\":[{\"@type\":\"ListItem\",\"position\":1,\"name\":\"Startseite\",\"item\":\"https:\/\/ewb.lu\/fr\/\"},{\"@type\":\"ListItem\",\"position\":2,\"name\":\"\u00c0 propos\",\"item\":\"https:\/\/ewb.lu\/fr\/ueber-uns\/\"},{\"@type\":\"ListItem\",\"position\":3,\"name\":\"Groupes de travail\"}]},{\"@type\":\"WebSite\",\"@id\":\"https:\/\/ewb.lu\/fr\/#website\",\"url\":\"https:\/\/ewb.lu\/fr\/\",\"name\":\"EwB ErwuesseBildung\",\"description\":\"ErwuesseBildung\",\"publisher\":{\"@id\":\"https:\/\/ewb.lu\/fr\/#organization\"},\"alternateName\":\"EWB\",\"potentialAction\":[{\"@type\":\"SearchAction\",\"target\":{\"@type\":\"EntryPoint\",\"urlTemplate\":\"https:\/\/ewb.lu\/fr\/?s={search_term_string}\"},\"query-input\":{\"@type\":\"PropertyValueSpecification\",\"valueRequired\":true,\"valueName\":\"search_term_string\"}}],\"inLanguage\":\"fr-FR\"},{\"@type\":\"Organization\",\"@id\":\"https:\/\/ewb.lu\/fr\/#organization\",\"name\":\"ErwuesseBildung Asbl\",\"alternateName\":\"EWB\",\"url\":\"https:\/\/ewb.lu\/fr\/\",\"logo\":{\"@type\":\"ImageObject\",\"inLanguage\":\"fr-FR\",\"@id\":\"https:\/\/ewb.lu\/fr\/#\/schema\/logo\/image\/\",\"url\":\"https:\/\/ewb.lu\/wp-content\/uploads\/2022\/11\/ewb-logo-header.svg\",\"contentUrl\":\"https:\/\/ewb.lu\/wp-content\/uploads\/2022\/11\/ewb-logo-header.svg\",\"width\":301,\"height\":38,\"caption\":\"ErwuesseBildung Asbl\"},\"image\":{\"@id\":\"https:\/\/ewb.lu\/fr\/#\/schema\/logo\/image\/\"},\"sameAs\":[\"https:\/\/www.facebook.com\/ErwuesseBild\/\",\"https:\/\/lu.linkedin.com\/company\/erwuessebildung---formation-dadultes\",\"https:\/\/www.instagram.com\/erwuessebildung_asbl\/\"]}]}<\/script>\n<!-- \/ Yoast SEO plugin. -->","yoast_head_json":{"title":"Groupes de travail - EWB","robots":{"index":"index","follow":"follow","max-snippet":"max-snippet:-1","max-image-preview":"max-image-preview:large","max-video-preview":"max-video-preview:-1"},"canonical":"https:\/\/ewb.lu\/fr\/a-propos\/groupes-de-travail\/","og_locale":"fr_FR","og_type":"article","og_title":"Groupes de travail - EWB","og_description":"[vc_row equal_height=\u00a0\u00bbyes\u00a0\u00bb css=\u00a0\u00bb.vc_custom_1670494419495{padding-top: 3% !important;}\u00a0\u00bb][vc_column width=\u00a0\u00bb2\/3&Prime;][vc_column_text]Depuis sa cr\u00e9ation, l&rsquo;ErwuesseBildung asbl travaille beaucoup avec des b\u00e9n\u00e9voles. Ainsi, toute une s\u00e9rie de groupes de travail sont actifs, qui fonctionnent de mani\u00e8re tout \u00e0 fait autonome et mettent en \u0153uvre de nombreux projets propres.[\/vc_column_text][\/vc_column][vc_column width=\u00a0\u00bb1\/3&Prime; offset=\u00a0\u00bbvc_hidden-md vc_hidden-sm vc_hidden-xs\u00a0\u00bb][vc_single_image image=\u00a0\u00bb503&Prime; img_size=\u00a0\u00bbfull\u00a0\u00bb el_class=\u00a0\u00bbrounded\u00a0\u00bb css=\u00a0\u00bb.vc_custom_1670948268245{margin-top: -150px !important;}\u00a0\u00bb][\/vc_column][\/vc_row][vc_row gap=\u00a0\u00bb35&Prime; equal_height=\u00a0\u00bbyes\u00a0\u00bb][vc_column width=\u00a0\u00bb1\/2&Prime;][vc_custom_heading text=\u00a0\u00bbGroupe [&hellip;]","og_url":"https:\/\/ewb.lu\/fr\/a-propos\/groupes-de-travail\/","og_site_name":"EWB","article_publisher":"https:\/\/www.facebook.com\/ErwuesseBild\/","article_modified_time":"2024-06-05T06:56:06+00:00","og_image":[{"width":1476,"height":826,"url":"https:\/\/ewb.lu\/wp-content\/uploads\/2022\/12\/ewb-arbeitsgruppen.jpg","type":"image\/jpeg"}],"twitter_card":"summary_large_image","twitter_misc":{"Dur\u00e9e de lecture estim\u00e9e":"3 minutes"},"schema":{"@context":"https:\/\/schema.org","@graph":[{"@type":"WebPage","@id":"https:\/\/ewb.lu\/fr\/a-propos\/groupes-de-travail\/","url":"https:\/\/ewb.lu\/fr\/a-propos\/groupes-de-travail\/","name":"Groupes de travail - EWB","isPartOf":{"@id":"https:\/\/ewb.lu\/fr\/#website"},"primaryImageOfPage":{"@id":"https:\/\/ewb.lu\/fr\/a-propos\/groupes-de-travail\/#primaryimage"},"image":{"@id":"https:\/\/ewb.lu\/fr\/a-propos\/groupes-de-travail\/#primaryimage"},"thumbnailUrl":"https:\/\/ewb.lu\/wp-content\/uploads\/2022\/12\/ewb-arbeitsgruppen.jpg","datePublished":"2022-11-08T15:48:00+00:00","dateModified":"2024-06-05T06:56:06+00:00","breadcrumb":{"@id":"https:\/\/ewb.lu\/fr\/a-propos\/groupes-de-travail\/#breadcrumb"},"inLanguage":"fr-FR","potentialAction":[{"@type":"ReadAction","target":["https:\/\/ewb.lu\/fr\/a-propos\/groupes-de-travail\/"]}]},{"@type":"ImageObject","inLanguage":"fr-FR","@id":"https:\/\/ewb.lu\/fr\/a-propos\/groupes-de-travail\/#primaryimage","url":"https:\/\/ewb.lu\/wp-content\/uploads\/2022\/12\/ewb-arbeitsgruppen.jpg","contentUrl":"https:\/\/ewb.lu\/wp-content\/uploads\/2022\/12\/ewb-arbeitsgruppen.jpg","width":1476,"height":826},{"@type":"BreadcrumbList","@id":"https:\/\/ewb.lu\/fr\/a-propos\/groupes-de-travail\/#breadcrumb","itemListElement":[{"@type":"ListItem","position":1,"name":"Startseite","item":"https:\/\/ewb.lu\/fr\/"},{"@type":"ListItem","position":2,"name":"\u00c0 propos","item":"https:\/\/ewb.lu\/fr\/ueber-uns\/"},{"@type":"ListItem","position":3,"name":"Groupes de travail"}]},{"@type":"WebSite","@id":"https:\/\/ewb.lu\/fr\/#website","url":"https:\/\/ewb.lu\/fr\/","name":"EwB ErwuesseBildung","description":"ErwuesseBildung","publisher":{"@id":"https:\/\/ewb.lu\/fr\/#organization"},"alternateName":"EWB","potentialAction":[{"@type":"SearchAction","target":{"@type":"EntryPoint","urlTemplate":"https:\/\/ewb.lu\/fr\/?s={search_term_string}"},"query-input":{"@type":"PropertyValueSpecification","valueRequired":true,"valueName":"search_term_string"}}],"inLanguage":"fr-FR"},{"@type":"Organization","@id":"https:\/\/ewb.lu\/fr\/#organization","name":"ErwuesseBildung Asbl","alternateName":"EWB","url":"https:\/\/ewb.lu\/fr\/","logo":{"@type":"ImageObject","inLanguage":"fr-FR","@id":"https:\/\/ewb.lu\/fr\/#\/schema\/logo\/image\/","url":"https:\/\/ewb.lu\/wp-content\/uploads\/2022\/11\/ewb-logo-header.svg","contentUrl":"https:\/\/ewb.lu\/wp-content\/uploads\/2022\/11\/ewb-logo-header.svg","width":301,"height":38,"caption":"ErwuesseBildung Asbl"},"image":{"@id":"https:\/\/ewb.lu\/fr\/#\/schema\/logo\/image\/"},"sameAs":["https:\/\/www.facebook.com\/ErwuesseBild\/","https:\/\/lu.linkedin.com\/company\/erwuessebildung---formation-dadultes","https:\/\/www.instagram.com\/erwuessebildung_asbl\/"]}]}},"_links":{"self":[{"href":"https:\/\/ewb.lu\/fr\/wp-json\/wp\/v2\/pages\/2344","targetHints":{"allow":["GET"]}}],"collection":[{"href":"https:\/\/ewb.lu\/fr\/wp-json\/wp\/v2\/pages"}],"about":[{"href":"https:\/\/ewb.lu\/fr\/wp-json\/wp\/v2\/types\/page"}],"author":[{"embeddable":true,"href":"https:\/\/ewb.lu\/fr\/wp-json\/wp\/v2\/users\/1"}],"replies":[{"embeddable":true,"href":"https:\/\/ewb.lu\/fr\/wp-json\/wp\/v2\/comments?post=2344"}],"version-history":[{"count":8,"href":"https:\/\/ewb.lu\/fr\/wp-json\/wp\/v2\/pages\/2344\/revisions"}],"predecessor-version":[{"id":9790,"href":"https:\/\/ewb.lu\/fr\/wp-json\/wp\/v2\/pages\/2344\/revisions\/9790"}],"up":[{"embeddable":true,"href":"https:\/\/ewb.lu\/fr\/wp-json\/wp\/v2\/pages\/1927"}],"wp:featuredmedia":[{"embeddable":true,"href":"https:\/\/ewb.lu\/fr\/wp-json\/wp\/v2\/media\/503"}],"wp:attachment":[{"href":"https:\/\/ewb.lu\/fr\/wp-json\/wp\/v2\/media?parent=2344"}],"curies":[{"name":"wp","href":"https:\/\/api.w.org\/{rel}","templated":true}]}}