{"id":2519,"date":"2023-03-29T12:13:50","date_gmt":"2023-03-29T11:13:50","guid":{"rendered":"https:\/\/ewb.cuco.dev\/programme\/mediatheque\/"},"modified":"2023-03-29T12:13:50","modified_gmt":"2023-03-29T11:13:50","slug":"mediatheque","status":"publish","type":"page","link":"https:\/\/ewb.lu\/fr\/programme\/mediatheque\/","title":{"rendered":"M\u00e9diath\u00e8que"},"content":{"rendered":"<p>La m\u00e9diath\u00e8que de l&rsquo;ErwuesseBildung dispose de plus de 700 films. Vous trouverez prochainement une liste de tous les films sur cette page. Notre s\u00e9lection soigneusement \u00e9labor\u00e9e va du film de fiction au film pour l&rsquo;enseignement et la cat\u00e9ch\u00e8se. Une partie contient du mat\u00e9riel pour l&rsquo;enseignement ou les discussions sur les films dans le cadre du travail \u00e9ducatif. Ce mat\u00e9riel suppl\u00e9mentaire est un plus et facilite le travail sur le film. Les films peuvent \u00eatre emprunt\u00e9s \u00e0 l&rsquo;ErwuesseBildung.<\/p>\n","protected":false},"excerpt":{"rendered":"<p>La m\u00e9diath\u00e8que de l&rsquo;ErwuesseBildung dispose de plus de 700 films. Vous trouverez prochainement une liste de tous les films sur cette page. Notre s\u00e9lection soigneusement \u00e9labor\u00e9e va du film de fiction au film pour l&rsquo;enseignement et la cat\u00e9ch\u00e8se. Une partie contient du mat\u00e9riel pour l&rsquo;enseignement ou les discussions sur les films dans le cadre du [&hellip;]<\/p>\n","protected":false},"author":11,"featured_media":856,"parent":2058,"menu_order":0,"comment_status":"closed","ping_status":"closed","template":"","meta":{"_acf_changed":false,"inline_featured_image":false,"footnotes":""},"class_list":["post-2519","page","type-page","status-publish","has-post-thumbnail","hentry"],"acf":[],"yoast_head":"<!-- This site is optimized with the Yoast SEO plugin v27.1.1 - https:\/\/yoast.com\/product\/yoast-seo-wordpress\/ -->\n<title>M\u00e9diath\u00e8que - EWB<\/title>\n<meta name=\"robots\" content=\"index, follow, max-snippet:-1, max-image-preview:large, max-video-preview:-1\" \/>\n<link rel=\"canonical\" href=\"https:\/\/ewb.lu\/fr\/programme\/mediatheque\/\" \/>\n<meta property=\"og:locale\" content=\"fr_FR\" \/>\n<meta property=\"og:type\" content=\"article\" \/>\n<meta property=\"og:title\" content=\"M\u00e9diath\u00e8que - EWB\" \/>\n<meta property=\"og:description\" content=\"La m\u00e9diath\u00e8que de l&rsquo;ErwuesseBildung dispose de plus de 700 films. Vous trouverez prochainement une liste de tous les films sur cette page. Notre s\u00e9lection soigneusement \u00e9labor\u00e9e va du film de fiction au film pour l&rsquo;enseignement et la cat\u00e9ch\u00e8se. Une partie contient du mat\u00e9riel pour l&rsquo;enseignement ou les discussions sur les films dans le cadre du [&hellip;]\" \/>\n<meta property=\"og:url\" content=\"https:\/\/ewb.lu\/fr\/programme\/mediatheque\/\" \/>\n<meta property=\"og:site_name\" content=\"EWB\" \/>\n<meta property=\"article:publisher\" content=\"https:\/\/www.facebook.com\/ErwuesseBild\/\" \/>\n<meta property=\"og:image\" content=\"https:\/\/ewb.lu\/wp-content\/uploads\/2022\/09\/logo.png\" \/>\n\t<meta property=\"og:image:width\" content=\"269\" \/>\n\t<meta property=\"og:image:height\" content=\"81\" \/>\n\t<meta property=\"og:image:type\" content=\"image\/png\" \/>\n<meta name=\"twitter:card\" content=\"summary_large_image\" \/>\n<script type=\"application\/ld+json\" class=\"yoast-schema-graph\">{\"@context\":\"https:\/\/schema.org\",\"@graph\":[{\"@type\":\"WebPage\",\"@id\":\"https:\/\/ewb.lu\/fr\/programme\/mediatheque\/\",\"url\":\"https:\/\/ewb.lu\/fr\/programme\/mediatheque\/\",\"name\":\"M\u00e9diath\u00e8que - EWB\",\"isPartOf\":{\"@id\":\"https:\/\/ewb.lu\/fr\/#website\"},\"primaryImageOfPage\":{\"@id\":\"https:\/\/ewb.lu\/fr\/programme\/mediatheque\/#primaryimage\"},\"image\":{\"@id\":\"https:\/\/ewb.lu\/fr\/programme\/mediatheque\/#primaryimage\"},\"thumbnailUrl\":\"https:\/\/ewb.lu\/wp-content\/uploads\/2022\/12\/ewb-medien.jpg\",\"datePublished\":\"2023-03-29T11:13:50+00:00\",\"breadcrumb\":{\"@id\":\"https:\/\/ewb.lu\/fr\/programme\/mediatheque\/#breadcrumb\"},\"inLanguage\":\"fr-FR\",\"potentialAction\":[{\"@type\":\"ReadAction\",\"target\":[\"https:\/\/ewb.lu\/fr\/programme\/mediatheque\/\"]}]},{\"@type\":\"ImageObject\",\"inLanguage\":\"fr-FR\",\"@id\":\"https:\/\/ewb.lu\/fr\/programme\/mediatheque\/#primaryimage\",\"url\":\"https:\/\/ewb.lu\/wp-content\/uploads\/2022\/12\/ewb-medien.jpg\",\"contentUrl\":\"https:\/\/ewb.lu\/wp-content\/uploads\/2022\/12\/ewb-medien.jpg\",\"width\":1476,\"height\":826},{\"@type\":\"BreadcrumbList\",\"@id\":\"https:\/\/ewb.lu\/fr\/programme\/mediatheque\/#breadcrumb\",\"itemListElement\":[{\"@type\":\"ListItem\",\"position\":1,\"name\":\"Startseite\",\"item\":\"https:\/\/ewb.lu\/fr\/\"},{\"@type\":\"ListItem\",\"position\":2,\"name\":\"Programme\",\"item\":\"https:\/\/ewb.lu\/fr\/programme\/\"},{\"@type\":\"ListItem\",\"position\":3,\"name\":\"M\u00e9diath\u00e8que\"}]},{\"@type\":\"WebSite\",\"@id\":\"https:\/\/ewb.lu\/fr\/#website\",\"url\":\"https:\/\/ewb.lu\/fr\/\",\"name\":\"EwB ErwuesseBildung\",\"description\":\"ErwuesseBildung\",\"publisher\":{\"@id\":\"https:\/\/ewb.lu\/fr\/#organization\"},\"alternateName\":\"EWB\",\"potentialAction\":[{\"@type\":\"SearchAction\",\"target\":{\"@type\":\"EntryPoint\",\"urlTemplate\":\"https:\/\/ewb.lu\/fr\/?s={search_term_string}\"},\"query-input\":{\"@type\":\"PropertyValueSpecification\",\"valueRequired\":true,\"valueName\":\"search_term_string\"}}],\"inLanguage\":\"fr-FR\"},{\"@type\":\"Organization\",\"@id\":\"https:\/\/ewb.lu\/fr\/#organization\",\"name\":\"ErwuesseBildung Asbl\",\"alternateName\":\"EWB\",\"url\":\"https:\/\/ewb.lu\/fr\/\",\"logo\":{\"@type\":\"ImageObject\",\"inLanguage\":\"fr-FR\",\"@id\":\"https:\/\/ewb.lu\/fr\/#\/schema\/logo\/image\/\",\"url\":\"https:\/\/ewb.lu\/wp-content\/uploads\/2022\/11\/ewb-logo-header.svg\",\"contentUrl\":\"https:\/\/ewb.lu\/wp-content\/uploads\/2022\/11\/ewb-logo-header.svg\",\"width\":301,\"height\":38,\"caption\":\"ErwuesseBildung Asbl\"},\"image\":{\"@id\":\"https:\/\/ewb.lu\/fr\/#\/schema\/logo\/image\/\"},\"sameAs\":[\"https:\/\/www.facebook.com\/ErwuesseBild\/\",\"https:\/\/lu.linkedin.com\/company\/erwuessebildung---formation-dadultes\",\"https:\/\/www.instagram.com\/erwuessebildung_asbl\/\"]}]}<\/script>\n<!-- \/ Yoast SEO plugin. -->","yoast_head_json":{"title":"M\u00e9diath\u00e8que - EWB","robots":{"index":"index","follow":"follow","max-snippet":"max-snippet:-1","max-image-preview":"max-image-preview:large","max-video-preview":"max-video-preview:-1"},"canonical":"https:\/\/ewb.lu\/fr\/programme\/mediatheque\/","og_locale":"fr_FR","og_type":"article","og_title":"M\u00e9diath\u00e8que - EWB","og_description":"La m\u00e9diath\u00e8que de l&rsquo;ErwuesseBildung dispose de plus de 700 films. Vous trouverez prochainement une liste de tous les films sur cette page. Notre s\u00e9lection soigneusement \u00e9labor\u00e9e va du film de fiction au film pour l&rsquo;enseignement et la cat\u00e9ch\u00e8se. Une partie contient du mat\u00e9riel pour l&rsquo;enseignement ou les discussions sur les films dans le cadre du [&hellip;]","og_url":"https:\/\/ewb.lu\/fr\/programme\/mediatheque\/","og_site_name":"EWB","article_publisher":"https:\/\/www.facebook.com\/ErwuesseBild\/","og_image":[{"width":269,"height":81,"url":"https:\/\/ewb.lu\/wp-content\/uploads\/2022\/09\/logo.png","type":"image\/png"}],"twitter_card":"summary_large_image","schema":{"@context":"https:\/\/schema.org","@graph":[{"@type":"WebPage","@id":"https:\/\/ewb.lu\/fr\/programme\/mediatheque\/","url":"https:\/\/ewb.lu\/fr\/programme\/mediatheque\/","name":"M\u00e9diath\u00e8que - EWB","isPartOf":{"@id":"https:\/\/ewb.lu\/fr\/#website"},"primaryImageOfPage":{"@id":"https:\/\/ewb.lu\/fr\/programme\/mediatheque\/#primaryimage"},"image":{"@id":"https:\/\/ewb.lu\/fr\/programme\/mediatheque\/#primaryimage"},"thumbnailUrl":"https:\/\/ewb.lu\/wp-content\/uploads\/2022\/12\/ewb-medien.jpg","datePublished":"2023-03-29T11:13:50+00:00","breadcrumb":{"@id":"https:\/\/ewb.lu\/fr\/programme\/mediatheque\/#breadcrumb"},"inLanguage":"fr-FR","potentialAction":[{"@type":"ReadAction","target":["https:\/\/ewb.lu\/fr\/programme\/mediatheque\/"]}]},{"@type":"ImageObject","inLanguage":"fr-FR","@id":"https:\/\/ewb.lu\/fr\/programme\/mediatheque\/#primaryimage","url":"https:\/\/ewb.lu\/wp-content\/uploads\/2022\/12\/ewb-medien.jpg","contentUrl":"https:\/\/ewb.lu\/wp-content\/uploads\/2022\/12\/ewb-medien.jpg","width":1476,"height":826},{"@type":"BreadcrumbList","@id":"https:\/\/ewb.lu\/fr\/programme\/mediatheque\/#breadcrumb","itemListElement":[{"@type":"ListItem","position":1,"name":"Startseite","item":"https:\/\/ewb.lu\/fr\/"},{"@type":"ListItem","position":2,"name":"Programme","item":"https:\/\/ewb.lu\/fr\/programme\/"},{"@type":"ListItem","position":3,"name":"M\u00e9diath\u00e8que"}]},{"@type":"WebSite","@id":"https:\/\/ewb.lu\/fr\/#website","url":"https:\/\/ewb.lu\/fr\/","name":"EwB ErwuesseBildung","description":"ErwuesseBildung","publisher":{"@id":"https:\/\/ewb.lu\/fr\/#organization"},"alternateName":"EWB","potentialAction":[{"@type":"SearchAction","target":{"@type":"EntryPoint","urlTemplate":"https:\/\/ewb.lu\/fr\/?s={search_term_string}"},"query-input":{"@type":"PropertyValueSpecification","valueRequired":true,"valueName":"search_term_string"}}],"inLanguage":"fr-FR"},{"@type":"Organization","@id":"https:\/\/ewb.lu\/fr\/#organization","name":"ErwuesseBildung Asbl","alternateName":"EWB","url":"https:\/\/ewb.lu\/fr\/","logo":{"@type":"ImageObject","inLanguage":"fr-FR","@id":"https:\/\/ewb.lu\/fr\/#\/schema\/logo\/image\/","url":"https:\/\/ewb.lu\/wp-content\/uploads\/2022\/11\/ewb-logo-header.svg","contentUrl":"https:\/\/ewb.lu\/wp-content\/uploads\/2022\/11\/ewb-logo-header.svg","width":301,"height":38,"caption":"ErwuesseBildung Asbl"},"image":{"@id":"https:\/\/ewb.lu\/fr\/#\/schema\/logo\/image\/"},"sameAs":["https:\/\/www.facebook.com\/ErwuesseBild\/","https:\/\/lu.linkedin.com\/company\/erwuessebildung---formation-dadultes","https:\/\/www.instagram.com\/erwuessebildung_asbl\/"]}]}},"_links":{"self":[{"href":"https:\/\/ewb.lu\/fr\/wp-json\/wp\/v2\/pages\/2519","targetHints":{"allow":["GET"]}}],"collection":[{"href":"https:\/\/ewb.lu\/fr\/wp-json\/wp\/v2\/pages"}],"about":[{"href":"https:\/\/ewb.lu\/fr\/wp-json\/wp\/v2\/types\/page"}],"author":[{"embeddable":true,"href":"https:\/\/ewb.lu\/fr\/wp-json\/wp\/v2\/users\/11"}],"replies":[{"embeddable":true,"href":"https:\/\/ewb.lu\/fr\/wp-json\/wp\/v2\/comments?post=2519"}],"version-history":[{"count":0,"href":"https:\/\/ewb.lu\/fr\/wp-json\/wp\/v2\/pages\/2519\/revisions"}],"up":[{"embeddable":true,"href":"https:\/\/ewb.lu\/fr\/wp-json\/wp\/v2\/pages\/2058"}],"wp:featuredmedia":[{"embeddable":true,"href":"https:\/\/ewb.lu\/fr\/wp-json\/wp\/v2\/media\/856"}],"wp:attachment":[{"href":"https:\/\/ewb.lu\/fr\/wp-json\/wp\/v2\/media?parent=2519"}],"curies":[{"name":"wp","href":"https:\/\/api.w.org\/{rel}","templated":true}]}}